{"id":17335,"date":"2026-02-10T22:58:27","date_gmt":"2026-02-10T15:58:27","guid":{"rendered":"https:\/\/benhviendaihocyhaiduong.com\/?page_id=17335"},"modified":"2026-02-12T22:44:32","modified_gmt":"2026-02-12T15:44:32","slug":"tai-lieu-phong-ke-hoach-tong-hop","status":"publish","type":"page","link":"https:\/\/benhviendaihocyhaiduong.com\/?page_id=17335","title":{"rendered":"Ta\u0300i li\u00ea\u0323u pho\u0300ng K\u00ea\u0301 hoa\u0323ch t\u00f4\u0309ng h\u01a1\u0323p"},"content":{"rendered":"\t\t<div data-elementor-type=\"wp-page\" data-elementor-id=\"17335\" class=\"elementor elementor-17335\" data-elementor-post-type=\"page\">\n\t\t\t\t\t\t<section data-particle_enable=\"false\" data-particle-mobile-disabled=\"false\" class=\"elementor-section elementor-top-section elementor-element elementor-element-91d80be elementor-section-boxed elementor-section-height-default elementor-section-height-default\" data-id=\"91d80be\" data-element_type=\"section\" data-e-type=\"section\">\n\t\t\t\t\t\t<div class=\"elementor-container elementor-column-gap-no\">\n\t\t\t\t\t<div class=\"elementor-column elementor-col-100 elementor-top-column elementor-element elementor-element-82cfd8e\" data-id=\"82cfd8e\" data-element_type=\"column\" data-e-type=\"column\">\n\t\t\t<div class=\"elementor-widget-wrap elementor-element-populated\">\n\t\t\t\t\t\t<div class=\"elementor-element elementor-element-0aa0e95 elementor-widget-divider--view-line_text elementor-widget-divider--element-align-center elementor-widget elementor-widget-divider\" data-id=\"0aa0e95\" data-element_type=\"widget\" data-e-type=\"widget\" data-widget_type=\"divider.default\">\n\t\t\t\t<div class=\"elementor-widget-container\">\n\t\t\t\t\t\t\t<div class=\"elementor-divider\">\n\t\t\t<span class=\"elementor-divider-separator\">\n\t\t\t\t\t\t\t<span class=\"elementor-divider__text elementor-divider__element\">\n\t\t\t\tTA\u0300I LI\u00ca\u0323U PHO\u0300NG K\u00ca\u0301 HOA\u0323CH T\u00d4\u0309NG H\u01a0\u0323P\t\t\t\t<\/span>\n\t\t\t\t\t\t<\/span>\n\t\t<\/div>\n\t\t\t\t\t\t<\/div>\n\t\t\t\t<\/div>\n\t\t\t\t\t<\/div>\n\t\t<\/div>\n\t\t\t\t\t<\/div>\n\t\t<\/section>\n\t\t\t\t<section data-particle_enable=\"false\" data-particle-mobile-disabled=\"false\" class=\"elementor-section elementor-top-section elementor-element elementor-element-5734460 elementor-section-boxed elementor-section-height-default elementor-section-height-default\" data-id=\"5734460\" data-element_type=\"section\" data-e-type=\"section\">\n\t\t\t\t\t\t<div class=\"elementor-container elementor-column-gap-default\">\n\t\t\t\t\t<div class=\"elementor-column elementor-col-100 elementor-top-column elementor-element elementor-element-c40d5de\" data-id=\"c40d5de\" data-element_type=\"column\" data-e-type=\"column\">\n\t\t\t<div class=\"elementor-widget-wrap elementor-element-populated\">\n\t\t\t\t\t\t<div class=\"elementor-element elementor-element-ca6fc38 elementor-widget elementor-widget-text-editor\" data-id=\"ca6fc38\" data-element_type=\"widget\" data-e-type=\"widget\" data-widget_type=\"text-editor.default\">\n\t\t\t\t<div class=\"elementor-widget-container\">\n\t\t\t\t\t\t\t\t\t\n<table id=\"tablepress-100\" class=\"tablepress tablepress-id-100\">\n<thead>\n<tr class=\"row-1\">\n\t<th class=\"column-1\">N\u00f4\u0323i dung<\/th><th class=\"column-2\">C\u00e2\u0323p nh\u00e2\u0323t<\/th><th class=\"column-3\">File<\/th>\n<\/tr>\n<\/thead>\n<tbody class=\"row-striping row-hover\">\n<tr class=\"row-2\">\n\t<td class=\"column-1\">12 -BTC- Vv Th\u00f4ng t\u01b0 quy \u0111\u1ecbnh tr\u00ecnh t\u1ef1, th\u1ee7 t\u1ee5c gi\u00e1m \u0111\u1ecbnh chi ph\u00ed khms b\u1ec7nh, ch\u1eefa b\u1ec7nh BHYT&#8230;<\/td><td class=\"column-2\">04\/03\/2026<\/td><td class=\"column-3\"><a href=\"https:\/\/drive.google.com\/file\/d\/1kOAa4iMb9aw-5rqIZb6x5EgOBnZccVdX\/view?usp=drive_link\">Xem<\/a><\/td>\n<\/tr>\n<tr class=\"row-3\">\n\t<td class=\"column-1\">99- BYT (B\u1ed8 PH\u1eacN TI\u1ebeP NH\u1eacN V\u00c0 TR\u1ea2 H\u1ed2 S\u01a0) Vv PHI\u1ebeU TI\u1ebeP NH\u1eacN &#8211; H\u1ed3 s\u01a1 c\u1ea5p \u0111i\u1ec1u ch\u1ec9nh gi\u1ea5y ph\u00e9p ho\u1ea1t \u0111\u1ed9ng kh\u00e1m b\u1ec7nh, ch\u1eefa b\u1ec7nh<\/td><td class=\"column-2\">04\/03\/2026<\/td><td class=\"column-3\"><a href=\"https:\/\/drive.google.com\/file\/d\/1LIqVDtoVyTYRhB1k7WaUGAgRP6kMH9i4\/view?usp=drive_link\">Xem<\/a><\/td>\n<\/tr>\n<tr class=\"row-4\">\n\t<td class=\"column-1\">213-SY-SYTV- Vv K\u1ebf ho\u1ea1ch tri\u1ec3n khai thi h\u00e0nh Lu\u1eadt ph\u00f2ng ch\u1ed1ng ma tu\u00fd n\u0103m 2025 tr\u00ean \u0111\u1ecba b\u00e0n TPHP<\/td><td class=\"column-2\">04\/03\/2026<\/td><td class=\"column-3\"><a href=\"https:\/\/drive.google.com\/file\/d\/1q-sRG4xO4IvDeB0-weZyw-XkPplvpgo_\/view?usp=drive_link\">Xem<\/a><\/td>\n<\/tr>\n<tr class=\"row-5\">\n\t<td class=\"column-1\">214- SL-SYT &#8211; Vv Th\u00f4ng b\u00e1o chi\u00eau sinh l\u1edbp B\u1ed3i d\u01b0\u1ee1ng k\u1ef9 n\u0103ng t\u1ed5 ch\u1ee9c thi h\u00e0nh v\u0103n b\u1ea3n Quy ph\u1ea1m ph\u00e1p lu\u1eadt<\/td><td class=\"column-2\">04\/03\/2026<\/td><td class=\"column-3\"><a href=\"https:\/\/drive.google.com\/file\/d\/1TrocHsLDw0l2irT5QU3sQZxBxyTOxKs7\/view?usp=drive_link\">Xem<\/a><\/td>\n<\/tr>\n<tr class=\"row-6\">\n\t<td class=\"column-1\">1877- S\u1ede Y T\u1ebe &#8211; Vv Tri\u1ec3n khai t\u0103ng c\u01b0\u1eddng c\u00f4ng t\u00e1c ph\u00f2ng, ch\u1ed1ng b\u1ec7nh lao tr\u00ean \u0111\u1ecba b\u00e0n th\u00e0nh ph\u1ed1<\/td><td class=\"column-2\">04\/03\/2026<\/td><td class=\"column-3\"><a href=\"https:\/\/drive.google.com\/file\/d\/1BATwnl3GoVPP3V7yoqmjiojeNVxvtqzg\/view?usp=drive_link\">Xem<\/a><\/td>\n<\/tr>\n<tr class=\"row-7\">\n\t<td class=\"column-1\">1944-S\u1ede Y T\u1ebe -Vv Tri\u1ec3n khai th\u1ef1c hi\u1ec7n Q\u0110 s\u1ed1 134 ng\u00e0y 19-01-2026  c\u1ee7a Th\u1ee7 t\u01b0\u1edbng CP<\/td><td class=\"column-2\">04\/03\/2026<\/td><td class=\"column-3\"><a href=\"https:\/\/drive.google.com\/file\/d\/1CoIQjcMC8nKBRU5F6Ma_KSuUb4pOYykA\/view?usp=drive_link\">Xem<\/a><\/td>\n<\/tr>\n<tr class=\"row-8\">\n\t<td class=\"column-1\">2009- S\u1ede Y T\u1ebe &#8211; Vv R\u00e0 so\u00e1t, th\u1ef1c hi\u1ec7n danh m\u1ee5c k\u1ef9 thu\u1eadt quy \u0111\u1ecbnh t\u1ea1i ph\u1ee5 l\u1ee5c 02 ban h\u00e0nh k\u00e8m theo Th\u00f4ng t\u01b0 s\u1ed1 23-2024 B\u1ed9 y t\u1ebf (l\u1ea7n 3)<\/td><td class=\"column-2\">04\/03\/2026<\/td><td class=\"column-3\"><a href=\"https:\/\/drive.google.com\/file\/d\/1swmuenAfMdlcOb_gj7nlPDI2HNRH5_uK\/view?usp=drive_link\">Xem<\/a><\/td>\n<\/tr>\n<tr class=\"row-9\">\n\t<td class=\"column-1\">9146 &#8211; BYT &#8211; Vv \u0111\u00f4n \u0111\u1ed1c tri\u1ec3n khai k\u00fd s\u1ed1 d\u1eef li\u1ec7u XML<\/td><td class=\"column-2\">04\/03\/2026<\/td><td class=\"column-3\"><a href=\"https:\/\/drive.google.com\/file\/d\/11ZeEl0J9lBYzUb2yVdoqaTt_NYKAgg4_\/view?usp=drive_link\">Xem<\/a><\/td>\n<\/tr>\n<tr class=\"row-10\">\n\t<td class=\"column-1\">BHXH HP 498 &#8211; sao g\u1eedi CV468 &#8211; CV 101 TTKS k\u00fd s\u1ed1 XML VP<\/td><td class=\"column-2\">04\/03\/2026<\/td><td class=\"column-3\"><a href=\"https:\/\/drive.google.com\/file\/d\/1uLh-dVHH-PxZVtIqYm_rZRvYWJwRXs4g\/view?usp=drive_link\">Xem<\/a><\/td>\n<\/tr>\n<tr class=\"row-11\">\n\t<td class=\"column-1\">N\u00e2ng c\u1ea5p h\u1ec7 th\u1ed1ng th\u00f4ng tin gi\u00e1m \u0111\u1ecbnh BHYT \u0111\u00e1p \u1ee9ng th\u00f4ng t\u01b0 s\u1ed1 122026TT-BTC<\/td><td class=\"column-2\">04\/03\/2026<\/td><td class=\"column-3\"><a href=\"https:\/\/docs.google.com\/presentation\/d\/1Wic6fUMhOTFojeGt4XDo4tG4QLMS_rPH\/edit?usp=drive_link&amp;ouid=100570098102495524540&amp;rtpof=true&amp;sd=true\">Xem<\/a><\/td>\n<\/tr>\n<tr class=\"row-12\">\n\t<td class=\"column-1\">T\u1ec6P \u0110\u00cdNH K\u00c8M  &#8211; Th\u00f4ng t\u01b0 12_12022026_Quy tr\u00ecnh<\/td><td class=\"column-2\">04\/03\/2026<\/td><td class=\"column-3\"><a href=\"https:\/\/drive.google.com\/file\/d\/1wW7PF7KzhYjJh7HFFLm7BH0ekOThd-0c\/view?usp=drive_link\">Xem<\/a><\/td>\n<\/tr>\n<tr class=\"row-13\">\n\t<td class=\"column-1\">Th\u00f4ng t\u01b0 12_12022026_Quy tr\u00ecnh<\/td><td class=\"column-2\">04\/03\/2026<\/td><td class=\"column-3\"><a href=\"https:\/\/drive.google.com\/file\/d\/1UVGLnmO8tJQ1M7YrZ4ji40Q2LGRwR4U-\/view?usp=drive_link\">Xem<\/a><\/td>\n<\/tr>\n<tr class=\"row-14\">\n\t<td class=\"column-1\">1645- S\u1ede Y T\u1ebe &#8211; Vv Ch\u1ea5n ch\u1ec9nh trong c\u00f4ng t\u00e1c nh\u1eadp li\u1ec7u b\u00e1o c\u00e1o tr\u00ean ph\u1ea7n m\u1ec1m th\u1ed1ng k\u00ea y t\u1ebf<\/td><td class=\"column-2\">26\/02\/2026<\/td><td class=\"column-3\"><a href=\"https:\/\/drive.google.com\/file\/d\/1Krx_YCCruuAW0eSLXZYozH2P-zaMCsej\/view?usp=drive_link\">Xem<\/a><\/td>\n<\/tr>\n<tr class=\"row-15\">\n\t<td class=\"column-1\">23-S\u1ede Y T\u1ebe &#8211; Vv KH Tri\u1ec3n khai Q\u0110 s\u1ed1 3412 -BYT ng\u00e0y 3412 ng\u00e0y 3-11-2025 Quy \u0111\u1ecbnh Danh m\u1ee5c TT c\u01a1 b\u1ea3n ..s\u1ee9c kho\u1ebb b\u00e0 m\u1eb9,tr\u1ebb em<\/td><td class=\"column-2\">26\/02\/2026<\/td><td class=\"column-3\"><a href=\"https:\/\/drive.google.com\/file\/d\/1WV6UsdtKAKJhrwIDmgQOREhfgjes2mf7\/view?usp=drive_link\">Xem<\/a><\/td>\n<\/tr>\n<tr class=\"row-16\">\n\t<td class=\"column-1\">472- B\u1ed8 Y T\u1ebe &#8211; Vv Th\u1eeba nh\u1eadn ti\u00eau chu\u1ea9n qu\u1ea3n l\u00fd ch\u1ea5t l\u01b0\u1ee3ng c\u01a1 s\u1edf KB,CB<\/td><td class=\"column-2\">26\/02\/2026<\/td><td class=\"column-3\"><a href=\"https:\/\/drive.google.com\/file\/d\/1ND1dxPHFWaQDQhglu_WlgtMR0axc9L49\/view?usp=drive_link\">Xem<\/a><\/td>\n<\/tr>\n<tr class=\"row-17\">\n\t<td class=\"column-1\">CV_9146 don doc trien khai ky so du lieu XML.signed<\/td><td class=\"column-2\">26\/02\/2026<\/td><td class=\"column-3\"><a href=\"https:\/\/drive.google.com\/file\/d\/1l11jVlo_53MeZxvreEk05-XyTPrF2BX7\/view?usp=drive_link\">Xem<\/a><\/td>\n<\/tr>\n<tr class=\"row-18\">\n\t<td class=\"column-1\">BHXH_c\u00e1c_t\u1ec9nh_th\u1ef1c_hi\u1ec7n_k\u00fd_s\u1ed1_d\u1eef_li\u1ec7u_b\u1eaft_bu\u1ed9c_fn<\/td><td class=\"column-2\">26\/02\/2026<\/td><td class=\"column-3\"><a href=\"https:\/\/drive.google.com\/file\/d\/1OSk9z98yuDlMn0bcdGxK1Jy7irdu-xXJ\/view?usp=drive_link\">Xem<\/a><\/td>\n<\/tr>\n<tr class=\"row-19\">\n\t<td class=\"column-1\">324 &#8211; C\u1ee4C QLKCB- Vv Xin \u00fd ki\u1ebfn g\u00f3p \u00fd d\u1ef1 th\u1ea3o Quy\u1ebft \u0111\u1ecbnh H\u01b0\u1edbng d\u1eabn n\u1ed9i dung chuy\u00ean m\u00f4n kh\u00e1m s\u1ee9c kho\u1ebb \u0111\u1ecbnh k\u1ef3 cho ng\u01b0\u1eddi d\u00e2n<\/td><td class=\"column-2\">26\/02\/2026<\/td><td class=\"column-3\"><a href=\"https:\/\/drive.google.com\/file\/d\/1ISh5HPf3Vp__02dIeXRLeUTcDr6mf1mm\/view?usp=drive_link\">Xem<\/a><\/td>\n<\/tr>\n<tr class=\"row-20\">\n\t<td class=\"column-1\">T\u1ec6P \u0110\u00cdNH K\u00c8M 324 &#8211; H\u01b0\u1edbng d\u1eabn n\u1ed9i dung chuy\u00ean m\u00f4n kh\u00e1m s\u1ee9c kh\u1ecfe \u0111\u1ecbnh k\u1ef3 cho ng\u01b0\u1eddi d\u00e2n<\/td><td class=\"column-2\">26\/02\/2026<\/td><td class=\"column-3\"><a href=\"https:\/\/docs.google.com\/document\/d\/1p6-amu3y2DbkQyECMfY4Y9kIqX-46zXo\/edit?usp=drive_link&amp;ouid=100570098102495524540&amp;rtpof=true&amp;sd=true\">Xem<\/a><\/td>\n<\/tr>\n<tr class=\"row-21\">\n\t<td class=\"column-1\">1777 -S\u1ede Y T\u1ebe &#8211; Vv \u0110\u00f4n \u0111\u1ed1c tri\u1ec3n khai k\u00fd s\u1ed1 d\u1eef li\u1ec7u XML v\u00e0 g\u1eedi d\u1eef li\u1ec7u Phi\u1ebfu chuy\u1ec3n c\u01a1 s\u1edf KCB, phi\u1ebfu h\u1eb9n kh\u00e1m l\u1ea1i theo quy \u0111\u1ecbnh<\/td><td class=\"column-2\">26\/02\/2026<\/td><td class=\"column-3\"><a href=\"https:\/\/drive.google.com\/file\/d\/1WgAzICdS_Pw3MlHHSGOKmq5G6Hl2vLe8\/view?usp=drive_link\">Xem<\/a><\/td>\n<\/tr>\n<tr class=\"row-22\">\n\t<td class=\"column-1\">1752 &#8211; S\u1ede Y T\u1ebe &#8211; T\u1ed5ng k\u1ebft Ngh\u1ecb quy\u1ebft s\u1ed1 48 ng\u00e0y 5-4-2022 c\u1ee7a Ch\u00ednh ph\u1ee7 v\u1ec1 t\u0103ng c\u01b0\u1eddng b\u1ea3o \u0111\u1ea3m tr\u1eadt t\u1ef1, an to\u00e0n giao th\u00f4ng v\u00e0 ch\u1ed1ng \u00f9n t\u1eafc giao th\u00f4ng<\/td><td class=\"column-2\">26\/02\/2026<\/td><td class=\"column-3\"><a href=\"https:\/\/drive.google.com\/file\/d\/11U7ctAbuaMPNvK-Xe4odcAquHlDjtJdw\/view?usp=drive_link\">Xem<\/a><\/td>\n<\/tr>\n<tr class=\"row-23\">\n\t<td class=\"column-1\">58 &#8211; S\u1ede Y T\u1ebe &#8211; Vv M\u1edf \u0111\u1ee3t cao \u0111i\u1ec3m tri\u1ec3n khai c\u00e0i \u0111\u1eb7t v\u00e0 s\u1eed d\u1ee5ng S\u1ed5 s\u1ee9c kho\u1ebb \u0111i\u1ec7n t\u1eed tr\u00ean \u1ee9ng d\u1ee5ng VNeID n\u0103m 2026<\/td><td class=\"column-2\">26\/02\/2026<\/td><td class=\"column-3\"><a href=\"https:\/\/drive.google.com\/file\/d\/1FQdLRbrtPVr_n7Y_eBy_V1C2adD8cj8T\/view?usp=drive_link\">Xem<\/a><\/td>\n<\/tr>\n<tr class=\"row-24\">\n\t<td class=\"column-1\">BV\u0110HKTYTHD-Ke\u0302\u0301 hoa\u0323ch \u0111a\u0309m ba\u0309o co\u0302ng ta\u0301c Y te\u0302\u0301 di\u0323p Te\u0302\u0301t Nguye\u0302n \u0111a\u0301n 2026<\/td><td class=\"column-2\">10\/02\/2026<\/td><td class=\"column-3\"><a href=\"https:\/\/drive.google.com\/file\/d\/1l11jVlo_53MeZxvreEk05-XyTPrF2BX7\/view?usp=drive_link\">Xem<\/a><\/td>\n<\/tr>\n<tr class=\"row-25\">\n\t<td class=\"column-1\">1398-S\u1ede Y T\u1ebe &#8211; Vv Tham gia \u00fd ki\u1ebfn d\u1ef1 th\u1ea3o K\u1ebf ho\u1ea1ch th\u1ef1c hi\u1ec7n c\u00f4ng t\u00e1c ph\u00f2ng, ch\u1ed1ng mua b\u00e1n ng\u01b0\u1eddi v\u00e0 h\u1ed7 tr\u1ee3 n\u1ea1n nh\u00e2n b\u1ecb mua b\u00e1n n\u0103m 2026<\/td><td class=\"column-2\">10\/02\/2026<\/td><td class=\"column-3\"><a href=\"https:\/\/drive.google.com\/file\/d\/1y_OHbcCSDKsjSwLQ8P3IBch5tYSXLvzB\/view?usp=drive_link\">Xem<\/a><\/td>\n<\/tr>\n<tr class=\"row-26\">\n\t<td class=\"column-1\">1366- S\u1ede Y T\u1ebe &#8211; Vv Th\u00f4ng b\u00e1o t\u00ecnh h\u00ecnh an to\u00e0n, an ninh m\u1ea1ng th\u00e1ng 1-2026<\/td><td class=\"column-2\">10\/02\/2026<\/td><td class=\"column-3\"><a href=\"https:\/\/drive.google.com\/file\/d\/1KVK4khk__hS30m4HKW7sRU-Jzo-fHwnj\/view?usp=drive_link\">Xem<\/a><\/td>\n<\/tr>\n<tr class=\"row-27\">\n\t<td class=\"column-1\">968 &#8211; S\u1ede Y T\u1ebe &#8211; Vv T\u1ed5 ch\u1ee9c T\u1ebft Nguy\u00ean \u0111\u00e1n B\u00ednh ng\u1ecd n\u0103m 2026<\/td><td class=\"column-2\">10\/02\/2026<\/td><td class=\"column-3\"><a href=\"https:\/\/drive.google.com\/file\/d\/1YLwYPBhib-93CxQjbmXsGmxnHpBVBXf7\/view?usp=drive_link\">Xem<\/a><\/td>\n<\/tr>\n<tr class=\"row-28\">\n\t<td class=\"column-1\">44- S\u1ede Y T\u1ebe &#8211; Vv KH ph\u00f2ng, ch\u1ed1ng t\u00e1c h\u1ea1i c\u1ee7a r\u01b0\u1ee3u bia, thu\u1ed1c l\u00e1 n\u0103m 2026<\/td><td class=\"column-2\">10\/02\/2026<\/td><td class=\"column-3\"><a href=\"https:\/\/drive.google.com\/file\/d\/1UspCfEXjcejrS87foeOEwNNBZmq8i162\/view?usp=drive_link\">Xem<\/a><\/td>\n<\/tr>\n<\/tbody>\n<\/table>\n<!-- #tablepress-100 from cache -->\t\t\t\t\t\t\t\t<\/div>\n\t\t\t\t<\/div>\n\t\t\t\t\t<\/div>\n\t\t<\/div>\n\t\t\t\t\t<\/div>\n\t\t<\/section>\n\t\t\t\t<\/div>\n\t\t","protected":false},"excerpt":{"rendered":"<p>TA\u0300I LI\u00ca\u0323U PHO\u0300NG K\u00ca\u0301 HOA\u0323CH T\u00d4\u0309NG H\u01a0\u0323P<\/p>\n","protected":false},"author":1,"featured_media":0,"parent":0,"menu_order":0,"comment_status":"closed","ping_status":"closed","template":"","meta":{"footnotes":""},"class_list":["post-17335","page","type-page","status-publish","hentry"],"yoast_head":"<!-- This site is optimized with the Yoast SEO plugin v27.2 - https:\/\/yoast.com\/product\/yoast-seo-wordpress\/ -->\n<title>Ta\u0300i li\u00ea\u0323u pho\u0300ng K\u00ea\u0301 hoa\u0323ch t\u00f4\u0309ng h\u01a1\u0323p - B\u00ea\u0323nh vi\u00ea\u0323n Tr\u01b0\u01a1\u0300ng \u0110a\u0323i ho\u0323c Ky\u0303 thu\u00e2\u0323t Y t\u00ea\u0301 Ha\u0309i D\u01b0\u01a1ng<\/title>\n<meta name=\"robots\" content=\"index, follow, max-snippet:-1, max-image-preview:large, max-video-preview:-1\" \/>\n<link rel=\"canonical\" href=\"https:\/\/benhviendaihocyhaiduong.com\/?page_id=17335\" \/>\n<meta property=\"og:locale\" content=\"vi_VN\" \/>\n<meta property=\"og:type\" content=\"article\" \/>\n<meta property=\"og:title\" content=\"Ta\u0300i li\u00ea\u0323u pho\u0300ng K\u00ea\u0301 hoa\u0323ch t\u00f4\u0309ng h\u01a1\u0323p - B\u00ea\u0323nh vi\u00ea\u0323n Tr\u01b0\u01a1\u0300ng \u0110a\u0323i ho\u0323c Ky\u0303 thu\u00e2\u0323t Y t\u00ea\u0301 Ha\u0309i D\u01b0\u01a1ng\" \/>\n<meta property=\"og:description\" content=\"TA\u0300I LI\u00ca\u0323U PHO\u0300NG K\u00ca\u0301 HOA\u0323CH T\u00d4\u0309NG H\u01a0\u0323P\" \/>\n<meta property=\"og:url\" content=\"https:\/\/benhviendaihocyhaiduong.com\/?page_id=17335\" \/>\n<meta property=\"og:site_name\" content=\"B\u00ea\u0323nh vi\u00ea\u0323n Tr\u01b0\u01a1\u0300ng \u0110a\u0323i ho\u0323c Ky\u0303 thu\u00e2\u0323t Y t\u00ea\u0301 Ha\u0309i D\u01b0\u01a1ng\" \/>\n<meta property=\"article:publisher\" content=\"https:\/\/www.facebook.com\/HMTUP\/\" \/>\n<meta property=\"article:modified_time\" content=\"2026-02-12T15:44:32+00:00\" \/>\n<meta name=\"twitter:card\" content=\"summary_large_image\" \/>\n<script type=\"application\/ld+json\" class=\"yoast-schema-graph\">{\"@context\":\"https:\/\/schema.org\",\"@graph\":[{\"@type\":\"WebPage\",\"@id\":\"https:\/\/benhviendaihocyhaiduong.com\/?page_id=17335\",\"url\":\"https:\/\/benhviendaihocyhaiduong.com\/?page_id=17335\",\"name\":\"Ta\u0300i li\u00ea\u0323u pho\u0300ng K\u00ea\u0301 hoa\u0323ch t\u00f4\u0309ng h\u01a1\u0323p - B\u00ea\u0323nh vi\u00ea\u0323n Tr\u01b0\u01a1\u0300ng \u0110a\u0323i ho\u0323c Ky\u0303 thu\u00e2\u0323t Y t\u00ea\u0301 Ha\u0309i D\u01b0\u01a1ng\",\"isPartOf\":{\"@id\":\"https:\/\/benhviendaihocyhaiduong.com\/#website\"},\"datePublished\":\"2026-02-10T15:58:27+00:00\",\"dateModified\":\"2026-02-12T15:44:32+00:00\",\"breadcrumb\":{\"@id\":\"https:\/\/benhviendaihocyhaiduong.com\/?page_id=17335#breadcrumb\"},\"inLanguage\":\"vi\",\"potentialAction\":[{\"@type\":\"ReadAction\",\"target\":[\"https:\/\/benhviendaihocyhaiduong.com\/?page_id=17335\"]}]},{\"@type\":\"BreadcrumbList\",\"@id\":\"https:\/\/benhviendaihocyhaiduong.com\/?page_id=17335#breadcrumb\",\"itemListElement\":[{\"@type\":\"ListItem\",\"position\":1,\"name\":\"Trang ch\u1ee7\",\"item\":\"https:\/\/benhviendaihocyhaiduong.com\/\"},{\"@type\":\"ListItem\",\"position\":2,\"name\":\"Ta\u0300i li\u00ea\u0323u pho\u0300ng K\u00ea\u0301 hoa\u0323ch t\u00f4\u0309ng h\u01a1\u0323p\"}]},{\"@type\":\"WebSite\",\"@id\":\"https:\/\/benhviendaihocyhaiduong.com\/#website\",\"url\":\"https:\/\/benhviendaihocyhaiduong.com\/\",\"name\":\"B\u00ea\u0323nh vi\u00ea\u0323n Tr\u01b0\u01a1\u0300ng \u0110a\u0323i ho\u0323c Ky\u0303 thu\u00e2\u0323t Y t\u00ea\u0301 Ha\u0309i D\u01b0\u01a1ng\",\"description\":\"T\u00e2m \u0111\u01b0\u0301c sa\u0301ng - Ky\u0303 thu\u00e2\u0323t cao, b\u00ea\u0323nh vi\u00ea\u0323n \u0111a\u0323i ho\u0323c y ha\u0309i d\u01b0\u01a1ng\",\"publisher\":{\"@id\":\"https:\/\/benhviendaihocyhaiduong.com\/#organization\"},\"potentialAction\":[{\"@type\":\"SearchAction\",\"target\":{\"@type\":\"EntryPoint\",\"urlTemplate\":\"https:\/\/benhviendaihocyhaiduong.com\/?s={search_term_string}\"},\"query-input\":{\"@type\":\"PropertyValueSpecification\",\"valueRequired\":true,\"valueName\":\"search_term_string\"}}],\"inLanguage\":\"vi\"},{\"@type\":\"Organization\",\"@id\":\"https:\/\/benhviendaihocyhaiduong.com\/#organization\",\"name\":\"B\u00ea\u0323nh vi\u00ea\u0323n Tr\u01b0\u01a1\u0300ng \u0110a\u0323i ho\u0323c Ky\u0303 thu\u00e2\u0323t Y t\u00ea\u0301 Ha\u0309i D\u01b0\u01a1ng\",\"url\":\"https:\/\/benhviendaihocyhaiduong.com\/\",\"logo\":{\"@type\":\"ImageObject\",\"inLanguage\":\"vi\",\"@id\":\"https:\/\/benhviendaihocyhaiduong.com\/#\/schema\/logo\/image\/\",\"url\":\"https:\/\/benhviendaihocyhaiduong.com\/wp-content\/uploads\/2023\/05\/logo-hmtu-1.jpg\",\"contentUrl\":\"https:\/\/benhviendaihocyhaiduong.com\/wp-content\/uploads\/2023\/05\/logo-hmtu-1.jpg\",\"width\":224,\"height\":225,\"caption\":\"B\u00ea\u0323nh vi\u00ea\u0323n Tr\u01b0\u01a1\u0300ng \u0110a\u0323i ho\u0323c Ky\u0303 thu\u00e2\u0323t Y t\u00ea\u0301 Ha\u0309i D\u01b0\u01a1ng\"},\"image\":{\"@id\":\"https:\/\/benhviendaihocyhaiduong.com\/#\/schema\/logo\/image\/\"},\"sameAs\":[\"https:\/\/www.facebook.com\/HMTUP\/\"]}]}<\/script>\n<!-- \/ Yoast SEO plugin. -->","yoast_head_json":{"title":"Ta\u0300i li\u00ea\u0323u pho\u0300ng K\u00ea\u0301 hoa\u0323ch t\u00f4\u0309ng h\u01a1\u0323p - B\u00ea\u0323nh vi\u00ea\u0323n Tr\u01b0\u01a1\u0300ng \u0110a\u0323i ho\u0323c Ky\u0303 thu\u00e2\u0323t Y t\u00ea\u0301 Ha\u0309i D\u01b0\u01a1ng","robots":{"index":"index","follow":"follow","max-snippet":"max-snippet:-1","max-image-preview":"max-image-preview:large","max-video-preview":"max-video-preview:-1"},"canonical":"https:\/\/benhviendaihocyhaiduong.com\/?page_id=17335","og_locale":"vi_VN","og_type":"article","og_title":"Ta\u0300i li\u00ea\u0323u pho\u0300ng K\u00ea\u0301 hoa\u0323ch t\u00f4\u0309ng h\u01a1\u0323p - B\u00ea\u0323nh vi\u00ea\u0323n Tr\u01b0\u01a1\u0300ng \u0110a\u0323i ho\u0323c Ky\u0303 thu\u00e2\u0323t Y t\u00ea\u0301 Ha\u0309i D\u01b0\u01a1ng","og_description":"TA\u0300I LI\u00ca\u0323U PHO\u0300NG K\u00ca\u0301 HOA\u0323CH T\u00d4\u0309NG H\u01a0\u0323P","og_url":"https:\/\/benhviendaihocyhaiduong.com\/?page_id=17335","og_site_name":"B\u00ea\u0323nh vi\u00ea\u0323n Tr\u01b0\u01a1\u0300ng \u0110a\u0323i ho\u0323c Ky\u0303 thu\u00e2\u0323t Y t\u00ea\u0301 Ha\u0309i D\u01b0\u01a1ng","article_publisher":"https:\/\/www.facebook.com\/HMTUP\/","article_modified_time":"2026-02-12T15:44:32+00:00","twitter_card":"summary_large_image","schema":{"@context":"https:\/\/schema.org","@graph":[{"@type":"WebPage","@id":"https:\/\/benhviendaihocyhaiduong.com\/?page_id=17335","url":"https:\/\/benhviendaihocyhaiduong.com\/?page_id=17335","name":"Ta\u0300i li\u00ea\u0323u pho\u0300ng K\u00ea\u0301 hoa\u0323ch t\u00f4\u0309ng h\u01a1\u0323p - B\u00ea\u0323nh vi\u00ea\u0323n Tr\u01b0\u01a1\u0300ng \u0110a\u0323i ho\u0323c Ky\u0303 thu\u00e2\u0323t Y t\u00ea\u0301 Ha\u0309i D\u01b0\u01a1ng","isPartOf":{"@id":"https:\/\/benhviendaihocyhaiduong.com\/#website"},"datePublished":"2026-02-10T15:58:27+00:00","dateModified":"2026-02-12T15:44:32+00:00","breadcrumb":{"@id":"https:\/\/benhviendaihocyhaiduong.com\/?page_id=17335#breadcrumb"},"inLanguage":"vi","potentialAction":[{"@type":"ReadAction","target":["https:\/\/benhviendaihocyhaiduong.com\/?page_id=17335"]}]},{"@type":"BreadcrumbList","@id":"https:\/\/benhviendaihocyhaiduong.com\/?page_id=17335#breadcrumb","itemListElement":[{"@type":"ListItem","position":1,"name":"Trang ch\u1ee7","item":"https:\/\/benhviendaihocyhaiduong.com\/"},{"@type":"ListItem","position":2,"name":"Ta\u0300i li\u00ea\u0323u pho\u0300ng K\u00ea\u0301 hoa\u0323ch t\u00f4\u0309ng h\u01a1\u0323p"}]},{"@type":"WebSite","@id":"https:\/\/benhviendaihocyhaiduong.com\/#website","url":"https:\/\/benhviendaihocyhaiduong.com\/","name":"B\u00ea\u0323nh vi\u00ea\u0323n Tr\u01b0\u01a1\u0300ng \u0110a\u0323i ho\u0323c Ky\u0303 thu\u00e2\u0323t Y t\u00ea\u0301 Ha\u0309i D\u01b0\u01a1ng","description":"T\u00e2m \u0111\u01b0\u0301c sa\u0301ng - Ky\u0303 thu\u00e2\u0323t cao, b\u00ea\u0323nh vi\u00ea\u0323n \u0111a\u0323i ho\u0323c y ha\u0309i d\u01b0\u01a1ng","publisher":{"@id":"https:\/\/benhviendaihocyhaiduong.com\/#organization"},"potentialAction":[{"@type":"SearchAction","target":{"@type":"EntryPoint","urlTemplate":"https:\/\/benhviendaihocyhaiduong.com\/?s={search_term_string}"},"query-input":{"@type":"PropertyValueSpecification","valueRequired":true,"valueName":"search_term_string"}}],"inLanguage":"vi"},{"@type":"Organization","@id":"https:\/\/benhviendaihocyhaiduong.com\/#organization","name":"B\u00ea\u0323nh vi\u00ea\u0323n Tr\u01b0\u01a1\u0300ng \u0110a\u0323i ho\u0323c Ky\u0303 thu\u00e2\u0323t Y t\u00ea\u0301 Ha\u0309i D\u01b0\u01a1ng","url":"https:\/\/benhviendaihocyhaiduong.com\/","logo":{"@type":"ImageObject","inLanguage":"vi","@id":"https:\/\/benhviendaihocyhaiduong.com\/#\/schema\/logo\/image\/","url":"https:\/\/benhviendaihocyhaiduong.com\/wp-content\/uploads\/2023\/05\/logo-hmtu-1.jpg","contentUrl":"https:\/\/benhviendaihocyhaiduong.com\/wp-content\/uploads\/2023\/05\/logo-hmtu-1.jpg","width":224,"height":225,"caption":"B\u00ea\u0323nh vi\u00ea\u0323n Tr\u01b0\u01a1\u0300ng \u0110a\u0323i ho\u0323c Ky\u0303 thu\u00e2\u0323t Y t\u00ea\u0301 Ha\u0309i D\u01b0\u01a1ng"},"image":{"@id":"https:\/\/benhviendaihocyhaiduong.com\/#\/schema\/logo\/image\/"},"sameAs":["https:\/\/www.facebook.com\/HMTUP\/"]}]}},"_links":{"self":[{"href":"https:\/\/benhviendaihocyhaiduong.com\/index.php?rest_route=\/wp\/v2\/pages\/17335","targetHints":{"allow":["GET"]}}],"collection":[{"href":"https:\/\/benhviendaihocyhaiduong.com\/index.php?rest_route=\/wp\/v2\/pages"}],"about":[{"href":"https:\/\/benhviendaihocyhaiduong.com\/index.php?rest_route=\/wp\/v2\/types\/page"}],"author":[{"embeddable":true,"href":"https:\/\/benhviendaihocyhaiduong.com\/index.php?rest_route=\/wp\/v2\/users\/1"}],"replies":[{"embeddable":true,"href":"https:\/\/benhviendaihocyhaiduong.com\/index.php?rest_route=%2Fwp%2Fv2%2Fcomments&post=17335"}],"version-history":[{"count":25,"href":"https:\/\/benhviendaihocyhaiduong.com\/index.php?rest_route=\/wp\/v2\/pages\/17335\/revisions"}],"predecessor-version":[{"id":17407,"href":"https:\/\/benhviendaihocyhaiduong.com\/index.php?rest_route=\/wp\/v2\/pages\/17335\/revisions\/17407"}],"wp:attachment":[{"href":"https:\/\/benhviendaihocyhaiduong.com\/index.php?rest_route=%2Fwp%2Fv2%2Fmedia&parent=17335"}],"curies":[{"name":"wp","href":"https:\/\/api.w.org\/{rel}","templated":true}]}}