{"id":2477,"date":"2023-05-25T09:37:41","date_gmt":"2023-05-25T09:37:41","guid":{"rendered":"https:\/\/luulyshop.com\/?page_id=2477"},"modified":"2023-08-18T16:15:10","modified_gmt":"2023-08-18T09:15:10","slug":"gioi-thie%cc%a3u","status":"publish","type":"page","link":"https:\/\/benhviendaihocyhaiduong.com\/?page_id=2477","title":{"rendered":"Gi\u01a1\u0301i thi\u00ea\u0323u"},"content":{"rendered":"\t\t<div data-elementor-type=\"wp-page\" data-elementor-id=\"2477\" class=\"elementor elementor-2477\" data-elementor-post-type=\"page\">\n\t\t\t\t\t\t<section data-particle_enable=\"false\" data-particle-mobile-disabled=\"false\" class=\"elementor-section elementor-top-section elementor-element elementor-element-71526d2 elementor-section-boxed elementor-section-height-default elementor-section-height-default\" data-id=\"71526d2\" data-element_type=\"section\" data-e-type=\"section\">\n\t\t\t\t\t\t<div class=\"elementor-container elementor-column-gap-default\">\n\t\t\t\t\t<div class=\"elementor-column elementor-col-100 elementor-top-column elementor-element elementor-element-35df40e\" data-id=\"35df40e\" data-element_type=\"column\" data-e-type=\"column\">\n\t\t\t<div class=\"elementor-widget-wrap elementor-element-populated\">\n\t\t\t\t\t\t<div class=\"elementor-element elementor-element-3d8bda0 elementor-widget-divider--view-line_text elementor-widget-divider--element-align-center elementor-widget elementor-widget-divider\" data-id=\"3d8bda0\" data-element_type=\"widget\" data-e-type=\"widget\" data-widget_type=\"divider.default\">\n\t\t\t\t<div class=\"elementor-widget-container\">\n\t\t\t\t\t\t\t<div class=\"elementor-divider\">\n\t\t\t<span class=\"elementor-divider-separator\">\n\t\t\t\t\t\t\t<span class=\"elementor-divider__text elementor-divider__element\">\n\t\t\t\tGI\u01a0\u0301I THI\u00ca\u0323U\t\t\t\t<\/span>\n\t\t\t\t\t\t<\/span>\n\t\t<\/div>\n\t\t\t\t\t\t<\/div>\n\t\t\t\t<\/div>\n\t\t\t\t\t<\/div>\n\t\t<\/div>\n\t\t\t\t\t<\/div>\n\t\t<\/section>\n\t\t\t\t<section data-particle_enable=\"false\" data-particle-mobile-disabled=\"false\" class=\"elementor-section elementor-top-section elementor-element elementor-element-673407b elementor-section-boxed elementor-section-height-default elementor-section-height-default\" data-id=\"673407b\" data-element_type=\"section\" data-e-type=\"section\">\n\t\t\t\t\t\t<div class=\"elementor-container elementor-column-gap-default\">\n\t\t\t\t\t<div class=\"elementor-column elementor-col-100 elementor-top-column elementor-element elementor-element-9ec1c06\" data-id=\"9ec1c06\" data-element_type=\"column\" data-e-type=\"column\">\n\t\t\t<div class=\"elementor-widget-wrap elementor-element-populated\">\n\t\t\t\t\t\t<div class=\"elementor-element elementor-element-8404749 elementor-widget elementor-widget-text-editor\" data-id=\"8404749\" data-element_type=\"widget\" data-e-type=\"widget\" data-widget_type=\"text-editor.default\">\n\t\t\t\t<div class=\"elementor-widget-container\">\n\t\t\t\t\t\t\t\t\t<p style=\"text-align: justify;\"><span style=\"color: #000000;\"><a href=\"https:\/\/benhviendaihocyhaiduong.com\/wp-content\/uploads\/2023\/08\/hinh-banner-anh-2.jpg\"><img fetchpriority=\"high\" decoding=\"async\" class=\"alignleft wp-image-7891\" src=\"https:\/\/benhviendaihocyhaiduong.com\/wp-content\/uploads\/2023\/08\/hinh-banner-anh-2-300x166.jpg\" alt=\"\" width=\"550\" height=\"304\" srcset=\"https:\/\/benhviendaihocyhaiduong.com\/wp-content\/uploads\/2023\/08\/hinh-banner-anh-2-300x166.jpg 300w, https:\/\/benhviendaihocyhaiduong.com\/wp-content\/uploads\/2023\/08\/hinh-banner-anh-2.jpg 600w\" sizes=\"(max-width: 550px) 100vw, 550px\" \/><\/a>B\u1ec7nh vi\u1ec7n Tr\u01b0\u1eddng \u0110\u1ea1i h\u1ecdc K\u1ef9 thu\u1eadt Y t\u1ebf H\u1ea3i D\u01b0\u01a1ng l\u00e0 B\u1ec7nh vi\u1ec7n \u0111a khoa h\u1ea1ng II (theo Quy\u1ebft \u0111\u1ecbnh s\u1ed1 2893\/Q\u0110-BYT ng\u00e0y 22 th\u00e1ng 10 n\u0103m 2022 c\u1ee7a B\u1ed9 tr\u01b0\u1edfng B\u1ed9 Y t\u1ebf). B\u1ec7nh vi\u1ec7n c\u00f3 ph\u00f2ng kh\u00e1m b\u1ec7nh \u0111a khoa ho\u00e0n ch\u1ec9nh, hi\u1ec7n \u0111\u1ea1i. Ng\u01b0\u1eddi b\u1ec7nh \u0111\u01b0\u1ee3c th\u0103m kh\u00e1m v\u00e0 \u0111i\u1ec1u tr\u1ecb tr\u1ef1c ti\u1ebfp b\u1edfi \u0111\u1ed9i ng\u0169 nh\u00e2n vi\u00ean y t\u1ebf c\u00f3 tr\u00ecnh \u0111\u1ed9, gi\u00e0u kinh nghi\u1ec7m. H\u00e0ng ng\u00e0y b\u1ec7nh vi\u1ec7n \u0111\u00f3n ti\u1ebfp kh\u00e1m b\u1ec7nh, ch\u1eefa b\u1ec7nh cho nhi\u1ec1u l\u01b0\u1ee3t b\u1ec7nh nh\u00e2n v\u1edbi 100 gi\u01b0\u1eddng b\u1ec7nh \u0111i\u1ec1u tr\u1ecb n\u1ed9i tr\u00fa, \u0111\u1ed3ng th\u1eddi B\u1ec7nh vi\u1ec7n l\u00e0 c\u01a1 s\u1edf th\u1ef1c h\u00e0nh cho \u0111\u00e0o t\u1ea1o v\u00e0 nghi\u00ean c\u1ee9u khoa h\u1ecdc.<\/span><\/p><p style=\"text-align: justify;\"><span style=\"color: #000000;\">B\u1ec7nh vi\u1ec7n c\u00f3 trang thi\u1ebft b\u1ecb hi\u1ec7n \u0111\u1ea1i v\u1ec1 k\u1ef9 thu\u1eadt ch\u1ea9n \u0111o\u00e1n h\u00ecnh \u1ea3nh v\u00e0 k\u1ef9 thu\u1eadt x\u00e9t nghi\u1ec7m nh\u01b0 ch\u1ee5p c\u1eaft l\u1edbp vi t\u00ednh, \u0111o m\u1eadt \u0111\u1ed9 x\u01b0\u01a1ng \u0111a \u0111i\u1ec3m, ch\u1ee5p r\u0103ng to\u00e0n c\u1ea3nh, si\u00eau \u00e2m 4D, si\u00eau \u00e2m Doppler m\u1ea1ch m\u00e1u, xuy\u00ean s\u1ecd, h\u1ec7 th\u1ed1ng x\u00e9t nghi\u1ec7m ch\u1ea9n \u0111o\u00e1n sinh h\u1ecdc ph\u00e2n t\u1eed PCR v\u00e0 Realtime PCR \u0111\u1ec3 \u0111\u1ecbnh l\u01b0\u1ee3ng, x\u00e1c \u0111\u1ecbnh ch\u1ea9n \u0111o\u00e1n v\u00e0 theo d\u00f5i \u0111i\u1ec1u tr\u1ecb vi\u00eam gan do virus B,C, virus g\u00e2y ung th\u01b0 c\u1ed5 t\u1eed cung (HPV); tr\u1ef1c khu\u1ea9n lao v\u00e0 gen \u0111\u1ec1 kh\u00e1ng thu\u1ed1c kh\u00e1ng sinh; h\u1ec7 th\u1ed1ng \u0111\u1ecbnh danh nh\u00f3m m\u00e1u v\u00e0 s\u00e0ng l\u1ecdc kh\u00e1ng nguy\u00ean, kh\u00e1ng th\u1ec3 ho\u00e0n to\u00e0n t\u1ef1 \u0111\u1ed9ng \u0111\u1ec3 \u0111\u1ecbnh nh\u00f3m m\u00e1u, \u0111\u1ecbnh danh v\u00e0 s\u00e0ng l\u1ecdc kh\u00e1ng th\u1ec3 b\u1ea5t th\u01b0\u1eddng, \u0111\u1ecd ch\u00e9o, s\u00e0ng l\u1ecdc kh\u00e1ng nguy\u00ean \u0111\u1ea3m b\u1ea3o an to\u00e0n truy\u1ec1n m\u00e1u\u2026.B\u1ec7nh vi\u1ec7n th\u1ef1c hi\u1ec7n \u0111\u1eb7t l\u1ecbch kh\u00e1m b\u1ec7nh t\u1eeb xa \u0111\u1ea3m b\u1ea3o thu\u1eadn l\u1ee3i cho ng\u01b0\u1eddi b\u1ec7nh v\u00e0 gia \u0111\u00ecnh.<\/span><\/p><p><a href=\"https:\/\/benhviendaihocyhaiduong.com\/wp-content\/uploads\/2023\/08\/bai-viet.jpg\"><img decoding=\"async\" class=\"alignright wp-image-7890\" src=\"https:\/\/benhviendaihocyhaiduong.com\/wp-content\/uploads\/2023\/08\/bai-viet-300x201.jpg\" alt=\"\" width=\"550\" height=\"368\" srcset=\"https:\/\/benhviendaihocyhaiduong.com\/wp-content\/uploads\/2023\/08\/bai-viet-300x201.jpg 300w, https:\/\/benhviendaihocyhaiduong.com\/wp-content\/uploads\/2023\/08\/bai-viet.jpg 600w\" sizes=\"(max-width: 550px) 100vw, 550px\" \/><\/a><\/p><p style=\"text-align: justify;\"><span style=\"color: #000000;\">B\u1ec7nh vi\u1ec7n th\u1ef1c hi\u1ec7n d\u1ecbch v\u1ee5 kh\u00e1m s\u1ee9c kho\u1ebb cho c\u00e1c c\u00e1 nh\u00e2n, \u0111\u01a1n v\u1ecb, c\u01a1 quan c\u00f3 nhu c\u1ea7u, \u0111\u1ed3ng th\u1eddi \u0111\u00e3 \u00e1p d\u1ee5ng ph\u1ea7n m\u1ec1m qu\u1ea3n l\u00fd b\u00ea\u0323nh vi\u00ea\u0323n: \u0111\u0103ng k\u00fd kh\u00e1m b\u1ec7nh, qu\u1ea3n l\u00fd b\u1ec7nh nh\u00e2n, qu\u1ea3n l\u00fd thu\u1ed1c, qu\u1ea3n l\u00fd x\u00e9t nghi\u1ec7m, qu\u1ea3n l\u00fd t\u00e0i ch\u00ednh, li\u00ean th\u00f4ng d\u01b0\u0303 li\u00ea\u0323u \u0111i\u00ea\u0323n t\u01b0\u0309 \u2026nh\u1eb1m \u0111\u1ea3m b\u1ea3o thu\u00e2\u0323n ti\u00ea\u0323n, nhanh ch\u00f3ng, ch\u00ednh x\u00e1c, an to\u00e0n va\u0300 hi\u1ec7u qu\u1ea3 trong qu\u00e1 tr\u00ecnh hoa\u0323t \u0111\u00f4\u0323ng. V\u1edbi khu \u0111i\u1ec1u tr\u1ecb n\u1ed9i tr\u00fa tho\u00e1ng m\u00e1t, ph\u00f2ng kh\u00e9p k\u00edn, trong qu\u00e1 tr\u00ecnh n\u1eb1m vi\u1ec7n, b\u1ec7nh nh\u00e2n \u0111\u01b0\u1ee3c \u0111i\u1ec1u tr\u1ecb b\u1ec7nh hi\u1ec7u qu\u1ea3 \u0111\u1ed3ng th\u1eddi \u0111\u01b0\u1ee3c ch\u0103m s\u00f3c to\u00e0n di\u1ec7n: ph\u1ee5c h\u1ed3i ch\u1ee9c n\u0103ng, t\u01b0 v\u1ea5n dinh d\u01b0\u1ee1ng n\u00e2ng cao s\u1ee9c kh\u1ecfe ph\u00f9 h\u1ee3p v\u1edbi t\u1eebng lo\u1ea1i b\u1ec7nh, t\u01b0 v\u1ea5n ph\u00f2ng b\u1ec7nh\u2026<\/span><\/p><p style=\"text-align: justify;\"><span style=\"color: #000000;\">B\u1ec7nh vi\u1ec7n lu\u00f4n coi tr\u1ecdng c\u00f4ng t\u00e1c \u0111\u00e0o t\u1ea1o, b\u1ed3i d\u01b0\u1ee1ng n\u00e2ng cao tr\u00ecnh \u0111\u1ed9 chuy\u00ean m\u00f4n cho \u0111\u1ed9i ng\u0169 nh\u00e2n vi\u00ean y t\u1ebf. B\u1ec7nh vi\u1ec7n th\u01b0\u1eddng xuy\u00ean th\u1ef1c hi\u1ec7n trao \u0111\u1ed5i, h\u1ed9i ch\u1ea9n v\u1edbi \u0111\u1ed9i ng\u0169 b\u00e1c s\u0129 c\u00e1c B\u1ec7nh vi\u1ec7n chuy\u00ean khoa trong \u0111i\u1ec1u tr\u1ecb c\u00e1c ca b\u1ec7nh kh\u00f3 t\u1ea1i b\u1ec7nh vi\u1ec7n. B\u1ec7nh vi\u1ec7n th\u1ef1c hi\u1ec7n li\u00ean k\u1ebft, h\u1ee3p t\u00e1c v\u1edbi c\u00e1c gi\u00e1o s\u01b0, ti\u1ebfn s\u0129, b\u00e1c s\u0129 c\u00f3 tay ngh\u1ec1 cao t\u1eeb c\u00e1c B\u1ec7nh vi\u1ec7n tuy\u1ebfn trung \u01b0\u01a1ng nh\u01b0: B\u1ec7nh vi\u1ec7n B\u1ea1ch Mai, B\u1ec7nh vi\u1ec7n Tai M\u0169i H\u1ecdng trung \u01b0\u01a1ng, B\u1ec7nh vi\u1ec7n \u0110\u1ea1i h\u1ecdc Y H\u00e0 N\u1ed9i, B\u1ec7nh vi\u1ec7n Tim m\u1ea1ch Trung \u01b0\u01a1ng, B\u1ec7nh vi\u1ec7n Nhi Trung \u01b0\u01a1ng&#8230; Nhi\u1ec1u k\u1ef9 thu\u1eadt m\u1edbi \u0111\u01b0\u1ee3c \u00e1p d\u1ee5ng trong ch\u1ea9n \u0111o\u00e1n v\u00e0 \u0111i\u1ec1u tr\u1ecb t\u1ea1i B\u1ec7nh vi\u1ec7n nh\u01b0: n\u1ed9i soi g\u00e2y m\u00ea \u0111\u01b0\u1eddng ti\u00eau ho\u00e1 (th\u1ef1c qu\u1ea3n, d\u1ea1 d\u00e0y, t\u00e1 tr\u00e0ng\u2026), th\u1eaft tr\u0129 b\u1eb1ng k\u1ef9 thu\u1eadt hi\u1ec7n \u0111\u1ea1i\u2026 g\u00f3p ph\u1ea7n n\u00e2ng cao ch\u1ea5t l\u01b0\u1ee3ng th\u0103m kh\u00e1m v\u00e0 \u0111i\u1ec1u tr\u1ecb cho ng\u01b0\u1eddi b\u1ec7nh tr\u00ean \u0111\u1ecba b\u00e0n t\u1ec9nh H\u1ea3i D\u01b0\u01a1ng v\u00e0 c\u00e1c khu v\u1ef1c l\u00e2n c\u1eadn.<\/span><\/p><p style=\"text-align: justify;\"><span style=\"color: #000000;\">B\u1ec7nh vi\u1ec7n ho\u1ea1t \u0111\u1ed9ng theo c\u01a1 ch\u1ebf t\u1ef1 ch\u1ee7 v\u1edbi ph\u01b0\u01a1ng ch\u00e2m <em>\u201c<strong>T\u00e2m \u0111\u1ee9c s\u00e1ng &#8211; K\u1ef9 thu\u1eadt cao<\/strong>\u201d.<\/em> L\u1ea5y ng\u01b0\u1eddi b\u1ec7nh\/ gia \u0111\u00ecnh ng\u01b0\u1eddi b\u1ec7nh l\u00e0 trung t\u00e2m, B\u1ec7nh vi\u1ec7n mong mu\u1ed1n mang \u0111\u1ebfn cho ng\u01b0\u1eddi b\u1ec7nh d\u1ecbch v\u1ee5 ch\u0103m s\u00f3c s\u1ee9c kho\u1ebb chu \u0111\u00e1o, an to\u00e0n v\u00e0 hi\u1ec7u qu\u1ea3 \u0111\u1ed3ng th\u1eddi s\u1ef1 h\u00e0i l\u00f2ng c\u1ee7a ng\u01b0\u1eddi b\u1ec7nh l\u00e0 m\u1ed9t trong nh\u1eefng m\u1ee5c ti\u00eau ho\u1ea1t \u0111\u1ed9ng c\u1ee7a B\u1ec7nh vi\u1ec7n.<\/span><\/p>\t\t\t\t\t\t\t\t<\/div>\n\t\t\t\t<\/div>\n\t\t\t\t<div class=\"elementor-element elementor-element-228bc4c elementor-widget elementor-widget-text-editor\" data-id=\"228bc4c\" data-element_type=\"widget\" data-e-type=\"widget\" data-widget_type=\"text-editor.default\">\n\t\t\t\t<div class=\"elementor-widget-container\">\n\t\t\t\t\t\t\t\t\t<p style=\"text-align: justify;\"><span style=\"color: #000000;\">B\u1ec7nh vi\u1ec7n l\u00e0 c\u01a1 s\u1edf \u0111\u00e0o t\u1ea1o l\u00e2m s\u00e0ng, nghi\u00ean c\u1ee9u y h\u1ecdc, tri\u1ec3n khai, \u1ee9ng d\u1ee5ng khoa h\u1ecdc k\u1ef9 thu\u1eadt c\u00f4ng ngh\u1ec7, chuy\u1ec3n giao c\u00e1c ph\u01b0\u01a1ng ph\u00e1p v\u00e0 k\u1ef9 thu\u1eadt hi\u1ec7n \u0111\u1ea1i ph\u1ee5c v\u1ee5 c\u00f4ng t\u00e1c \u0111\u00e0o t\u1ea1o, nghi\u00ean c\u1ee9u khoa h\u1ecdc v\u00e0 k\u1ef9 thu\u1eadt trong ch\u1ea9n \u0111o\u00e1n v\u00e0 \u0111i\u1ec1u tr\u1ecb b\u1ec7nh, ch\u0103m s\u00f3c s\u1ee9c kho\u1ebb cho nh\u00e2n d\u00e2n theo nhu c\u1ea7u x\u00e3 h\u1ed9i v\u00e0 theo quy \u0111\u1ecbnh ph\u00e1p lu\u1eadt.<\/span><\/p>\t\t\t\t\t\t\t\t<\/div>\n\t\t\t\t<\/div>\n\t\t\t\t\t<\/div>\n\t\t<\/div>\n\t\t\t\t\t<\/div>\n\t\t<\/section>\n\t\t\t\t<\/div>\n\t\t","protected":false},"excerpt":{"rendered":"<p>GI\u01a0\u0301I THI\u00ca\u0323U B\u1ec7nh vi\u1ec7n Tr\u01b0\u1eddng \u0110\u1ea1i h\u1ecdc K\u1ef9 thu\u1eadt Y t\u1ebf H\u1ea3i D\u01b0\u01a1ng l\u00e0 B\u1ec7nh vi\u1ec7n \u0111a khoa h\u1ea1ng II (theo Quy\u1ebft \u0111\u1ecbnh s\u1ed1 2893\/Q\u0110-BYT ng\u00e0y 22 th\u00e1ng 10 n\u0103m 2022 c\u1ee7a B\u1ed9 tr\u01b0\u1edfng B\u1ed9 Y t\u1ebf). B\u1ec7nh vi\u1ec7n c\u00f3 ph\u00f2ng kh\u00e1m b\u1ec7nh \u0111a khoa ho\u00e0n ch\u1ec9nh, hi\u1ec7n \u0111\u1ea1i. Ng\u01b0\u1eddi b\u1ec7nh \u0111\u01b0\u1ee3c th\u0103m kh\u00e1m v\u00e0[Xem ti\u00ea\u0301p&#8230;]\n","protected":false},"author":1,"featured_media":0,"parent":0,"menu_order":0,"comment_status":"closed","ping_status":"closed","template":"","meta":{"footnotes":""},"class_list":["post-2477","page","type-page","status-publish","hentry"],"yoast_head":"<!-- This site is optimized with the Yoast SEO plugin v27.2 - https:\/\/yoast.com\/product\/yoast-seo-wordpress\/ -->\n<title>Gi\u01a1\u0301i thi\u00ea\u0323u - B\u00ea\u0323nh vi\u00ea\u0323n Tr\u01b0\u01a1\u0300ng \u0110a\u0323i ho\u0323c Ky\u0303 thu\u00e2\u0323t Y t\u00ea\u0301 Ha\u0309i D\u01b0\u01a1ng<\/title>\n<meta name=\"robots\" content=\"index, follow, max-snippet:-1, max-image-preview:large, max-video-preview:-1\" \/>\n<link rel=\"canonical\" href=\"https:\/\/benhviendaihocyhaiduong.com\/?page_id=2477\" \/>\n<meta property=\"og:locale\" content=\"vi_VN\" \/>\n<meta property=\"og:type\" content=\"article\" \/>\n<meta property=\"og:title\" content=\"Gi\u01a1\u0301i thi\u00ea\u0323u - B\u00ea\u0323nh vi\u00ea\u0323n Tr\u01b0\u01a1\u0300ng \u0110a\u0323i ho\u0323c Ky\u0303 thu\u00e2\u0323t Y t\u00ea\u0301 Ha\u0309i D\u01b0\u01a1ng\" \/>\n<meta property=\"og:description\" content=\"GI\u01a0\u0301I THI\u00ca\u0323U B\u1ec7nh vi\u1ec7n Tr\u01b0\u1eddng \u0110\u1ea1i h\u1ecdc K\u1ef9 thu\u1eadt Y t\u1ebf H\u1ea3i D\u01b0\u01a1ng l\u00e0 B\u1ec7nh vi\u1ec7n \u0111a khoa h\u1ea1ng II (theo Quy\u1ebft \u0111\u1ecbnh s\u1ed1 2893\/Q\u0110-BYT ng\u00e0y 22 th\u00e1ng 10 n\u0103m 2022 c\u1ee7a B\u1ed9 tr\u01b0\u1edfng B\u1ed9 Y t\u1ebf). B\u1ec7nh vi\u1ec7n c\u00f3 ph\u00f2ng kh\u00e1m b\u1ec7nh \u0111a khoa ho\u00e0n ch\u1ec9nh, hi\u1ec7n \u0111\u1ea1i. Ng\u01b0\u1eddi b\u1ec7nh \u0111\u01b0\u1ee3c th\u0103m kh\u00e1m v\u00e0[Xem ti\u00ea\u0301p...]\" \/>\n<meta property=\"og:url\" content=\"https:\/\/benhviendaihocyhaiduong.com\/?page_id=2477\" \/>\n<meta property=\"og:site_name\" content=\"B\u00ea\u0323nh vi\u00ea\u0323n Tr\u01b0\u01a1\u0300ng \u0110a\u0323i ho\u0323c Ky\u0303 thu\u00e2\u0323t Y t\u00ea\u0301 Ha\u0309i D\u01b0\u01a1ng\" \/>\n<meta property=\"article:publisher\" content=\"https:\/\/www.facebook.com\/HMTUP\/\" \/>\n<meta property=\"article:modified_time\" content=\"2023-08-18T09:15:10+00:00\" \/>\n<meta name=\"twitter:card\" content=\"summary_large_image\" \/>\n<meta name=\"twitter:label1\" content=\"\u01af\u1edbc t\u00ednh th\u1eddi gian \u0111\u1ecdc\" \/>\n\t<meta name=\"twitter:data1\" content=\"6 ph\u00fat\" \/>\n<script type=\"application\/ld+json\" class=\"yoast-schema-graph\">{\"@context\":\"https:\/\/schema.org\",\"@graph\":[{\"@type\":\"WebPage\",\"@id\":\"https:\/\/benhviendaihocyhaiduong.com\/?page_id=2477\",\"url\":\"https:\/\/benhviendaihocyhaiduong.com\/?page_id=2477\",\"name\":\"Gi\u01a1\u0301i thi\u00ea\u0323u - B\u00ea\u0323nh vi\u00ea\u0323n Tr\u01b0\u01a1\u0300ng \u0110a\u0323i ho\u0323c Ky\u0303 thu\u00e2\u0323t Y t\u00ea\u0301 Ha\u0309i D\u01b0\u01a1ng\",\"isPartOf\":{\"@id\":\"https:\/\/benhviendaihocyhaiduong.com\/#website\"},\"primaryImageOfPage\":{\"@id\":\"https:\/\/benhviendaihocyhaiduong.com\/?page_id=2477#primaryimage\"},\"image\":{\"@id\":\"https:\/\/benhviendaihocyhaiduong.com\/?page_id=2477#primaryimage\"},\"thumbnailUrl\":\"https:\/\/benhviendaihocyhaiduong.com\/wp-content\/uploads\/2023\/08\/hinh-banner-anh-2-300x166.jpg\",\"datePublished\":\"2023-05-25T09:37:41+00:00\",\"dateModified\":\"2023-08-18T09:15:10+00:00\",\"breadcrumb\":{\"@id\":\"https:\/\/benhviendaihocyhaiduong.com\/?page_id=2477#breadcrumb\"},\"inLanguage\":\"vi\",\"potentialAction\":[{\"@type\":\"ReadAction\",\"target\":[\"https:\/\/benhviendaihocyhaiduong.com\/?page_id=2477\"]}]},{\"@type\":\"ImageObject\",\"inLanguage\":\"vi\",\"@id\":\"https:\/\/benhviendaihocyhaiduong.com\/?page_id=2477#primaryimage\",\"url\":\"https:\/\/benhviendaihocyhaiduong.com\/wp-content\/uploads\/2023\/08\/hinh-banner-anh-2.jpg\",\"contentUrl\":\"https:\/\/benhviendaihocyhaiduong.com\/wp-content\/uploads\/2023\/08\/hinh-banner-anh-2.jpg\",\"width\":600,\"height\":332},{\"@type\":\"BreadcrumbList\",\"@id\":\"https:\/\/benhviendaihocyhaiduong.com\/?page_id=2477#breadcrumb\",\"itemListElement\":[{\"@type\":\"ListItem\",\"position\":1,\"name\":\"Trang ch\u1ee7\",\"item\":\"https:\/\/benhviendaihocyhaiduong.com\/\"},{\"@type\":\"ListItem\",\"position\":2,\"name\":\"Gi\u01a1\u0301i thi\u00ea\u0323u\"}]},{\"@type\":\"WebSite\",\"@id\":\"https:\/\/benhviendaihocyhaiduong.com\/#website\",\"url\":\"https:\/\/benhviendaihocyhaiduong.com\/\",\"name\":\"B\u00ea\u0323nh vi\u00ea\u0323n Tr\u01b0\u01a1\u0300ng \u0110a\u0323i ho\u0323c Ky\u0303 thu\u00e2\u0323t Y t\u00ea\u0301 Ha\u0309i D\u01b0\u01a1ng\",\"description\":\"T\u00e2m \u0111\u01b0\u0301c sa\u0301ng - Ky\u0303 thu\u00e2\u0323t cao, b\u00ea\u0323nh vi\u00ea\u0323n \u0111a\u0323i ho\u0323c y ha\u0309i d\u01b0\u01a1ng\",\"publisher\":{\"@id\":\"https:\/\/benhviendaihocyhaiduong.com\/#organization\"},\"potentialAction\":[{\"@type\":\"SearchAction\",\"target\":{\"@type\":\"EntryPoint\",\"urlTemplate\":\"https:\/\/benhviendaihocyhaiduong.com\/?s={search_term_string}\"},\"query-input\":{\"@type\":\"PropertyValueSpecification\",\"valueRequired\":true,\"valueName\":\"search_term_string\"}}],\"inLanguage\":\"vi\"},{\"@type\":\"Organization\",\"@id\":\"https:\/\/benhviendaihocyhaiduong.com\/#organization\",\"name\":\"B\u00ea\u0323nh vi\u00ea\u0323n Tr\u01b0\u01a1\u0300ng \u0110a\u0323i ho\u0323c Ky\u0303 thu\u00e2\u0323t Y t\u00ea\u0301 Ha\u0309i D\u01b0\u01a1ng\",\"url\":\"https:\/\/benhviendaihocyhaiduong.com\/\",\"logo\":{\"@type\":\"ImageObject\",\"inLanguage\":\"vi\",\"@id\":\"https:\/\/benhviendaihocyhaiduong.com\/#\/schema\/logo\/image\/\",\"url\":\"https:\/\/benhviendaihocyhaiduong.com\/wp-content\/uploads\/2023\/05\/logo-hmtu-1.jpg\",\"contentUrl\":\"https:\/\/benhviendaihocyhaiduong.com\/wp-content\/uploads\/2023\/05\/logo-hmtu-1.jpg\",\"width\":224,\"height\":225,\"caption\":\"B\u00ea\u0323nh vi\u00ea\u0323n Tr\u01b0\u01a1\u0300ng \u0110a\u0323i ho\u0323c Ky\u0303 thu\u00e2\u0323t Y t\u00ea\u0301 Ha\u0309i D\u01b0\u01a1ng\"},\"image\":{\"@id\":\"https:\/\/benhviendaihocyhaiduong.com\/#\/schema\/logo\/image\/\"},\"sameAs\":[\"https:\/\/www.facebook.com\/HMTUP\/\"]}]}<\/script>\n<!-- \/ Yoast SEO plugin. -->","yoast_head_json":{"title":"Gi\u01a1\u0301i thi\u00ea\u0323u - B\u00ea\u0323nh vi\u00ea\u0323n Tr\u01b0\u01a1\u0300ng \u0110a\u0323i ho\u0323c Ky\u0303 thu\u00e2\u0323t Y t\u00ea\u0301 Ha\u0309i D\u01b0\u01a1ng","robots":{"index":"index","follow":"follow","max-snippet":"max-snippet:-1","max-image-preview":"max-image-preview:large","max-video-preview":"max-video-preview:-1"},"canonical":"https:\/\/benhviendaihocyhaiduong.com\/?page_id=2477","og_locale":"vi_VN","og_type":"article","og_title":"Gi\u01a1\u0301i thi\u00ea\u0323u - B\u00ea\u0323nh vi\u00ea\u0323n Tr\u01b0\u01a1\u0300ng \u0110a\u0323i ho\u0323c Ky\u0303 thu\u00e2\u0323t Y t\u00ea\u0301 Ha\u0309i D\u01b0\u01a1ng","og_description":"GI\u01a0\u0301I THI\u00ca\u0323U B\u1ec7nh vi\u1ec7n Tr\u01b0\u1eddng \u0110\u1ea1i h\u1ecdc K\u1ef9 thu\u1eadt Y t\u1ebf H\u1ea3i D\u01b0\u01a1ng l\u00e0 B\u1ec7nh vi\u1ec7n \u0111a khoa h\u1ea1ng II (theo Quy\u1ebft \u0111\u1ecbnh s\u1ed1 2893\/Q\u0110-BYT ng\u00e0y 22 th\u00e1ng 10 n\u0103m 2022 c\u1ee7a B\u1ed9 tr\u01b0\u1edfng B\u1ed9 Y t\u1ebf). B\u1ec7nh vi\u1ec7n c\u00f3 ph\u00f2ng kh\u00e1m b\u1ec7nh \u0111a khoa ho\u00e0n ch\u1ec9nh, hi\u1ec7n \u0111\u1ea1i. Ng\u01b0\u1eddi b\u1ec7nh \u0111\u01b0\u1ee3c th\u0103m kh\u00e1m v\u00e0[Xem ti\u00ea\u0301p...]","og_url":"https:\/\/benhviendaihocyhaiduong.com\/?page_id=2477","og_site_name":"B\u00ea\u0323nh vi\u00ea\u0323n Tr\u01b0\u01a1\u0300ng \u0110a\u0323i ho\u0323c Ky\u0303 thu\u00e2\u0323t Y t\u00ea\u0301 Ha\u0309i D\u01b0\u01a1ng","article_publisher":"https:\/\/www.facebook.com\/HMTUP\/","article_modified_time":"2023-08-18T09:15:10+00:00","twitter_card":"summary_large_image","twitter_misc":{"\u01af\u1edbc t\u00ednh th\u1eddi gian \u0111\u1ecdc":"6 ph\u00fat"},"schema":{"@context":"https:\/\/schema.org","@graph":[{"@type":"WebPage","@id":"https:\/\/benhviendaihocyhaiduong.com\/?page_id=2477","url":"https:\/\/benhviendaihocyhaiduong.com\/?page_id=2477","name":"Gi\u01a1\u0301i thi\u00ea\u0323u - B\u00ea\u0323nh vi\u00ea\u0323n Tr\u01b0\u01a1\u0300ng \u0110a\u0323i ho\u0323c Ky\u0303 thu\u00e2\u0323t Y t\u00ea\u0301 Ha\u0309i D\u01b0\u01a1ng","isPartOf":{"@id":"https:\/\/benhviendaihocyhaiduong.com\/#website"},"primaryImageOfPage":{"@id":"https:\/\/benhviendaihocyhaiduong.com\/?page_id=2477#primaryimage"},"image":{"@id":"https:\/\/benhviendaihocyhaiduong.com\/?page_id=2477#primaryimage"},"thumbnailUrl":"https:\/\/benhviendaihocyhaiduong.com\/wp-content\/uploads\/2023\/08\/hinh-banner-anh-2-300x166.jpg","datePublished":"2023-05-25T09:37:41+00:00","dateModified":"2023-08-18T09:15:10+00:00","breadcrumb":{"@id":"https:\/\/benhviendaihocyhaiduong.com\/?page_id=2477#breadcrumb"},"inLanguage":"vi","potentialAction":[{"@type":"ReadAction","target":["https:\/\/benhviendaihocyhaiduong.com\/?page_id=2477"]}]},{"@type":"ImageObject","inLanguage":"vi","@id":"https:\/\/benhviendaihocyhaiduong.com\/?page_id=2477#primaryimage","url":"https:\/\/benhviendaihocyhaiduong.com\/wp-content\/uploads\/2023\/08\/hinh-banner-anh-2.jpg","contentUrl":"https:\/\/benhviendaihocyhaiduong.com\/wp-content\/uploads\/2023\/08\/hinh-banner-anh-2.jpg","width":600,"height":332},{"@type":"BreadcrumbList","@id":"https:\/\/benhviendaihocyhaiduong.com\/?page_id=2477#breadcrumb","itemListElement":[{"@type":"ListItem","position":1,"name":"Trang ch\u1ee7","item":"https:\/\/benhviendaihocyhaiduong.com\/"},{"@type":"ListItem","position":2,"name":"Gi\u01a1\u0301i thi\u00ea\u0323u"}]},{"@type":"WebSite","@id":"https:\/\/benhviendaihocyhaiduong.com\/#website","url":"https:\/\/benhviendaihocyhaiduong.com\/","name":"B\u00ea\u0323nh vi\u00ea\u0323n Tr\u01b0\u01a1\u0300ng \u0110a\u0323i ho\u0323c Ky\u0303 thu\u00e2\u0323t Y t\u00ea\u0301 Ha\u0309i D\u01b0\u01a1ng","description":"T\u00e2m \u0111\u01b0\u0301c sa\u0301ng - Ky\u0303 thu\u00e2\u0323t cao, b\u00ea\u0323nh vi\u00ea\u0323n \u0111a\u0323i ho\u0323c y ha\u0309i d\u01b0\u01a1ng","publisher":{"@id":"https:\/\/benhviendaihocyhaiduong.com\/#organization"},"potentialAction":[{"@type":"SearchAction","target":{"@type":"EntryPoint","urlTemplate":"https:\/\/benhviendaihocyhaiduong.com\/?s={search_term_string}"},"query-input":{"@type":"PropertyValueSpecification","valueRequired":true,"valueName":"search_term_string"}}],"inLanguage":"vi"},{"@type":"Organization","@id":"https:\/\/benhviendaihocyhaiduong.com\/#organization","name":"B\u00ea\u0323nh vi\u00ea\u0323n Tr\u01b0\u01a1\u0300ng \u0110a\u0323i ho\u0323c Ky\u0303 thu\u00e2\u0323t Y t\u00ea\u0301 Ha\u0309i D\u01b0\u01a1ng","url":"https:\/\/benhviendaihocyhaiduong.com\/","logo":{"@type":"ImageObject","inLanguage":"vi","@id":"https:\/\/benhviendaihocyhaiduong.com\/#\/schema\/logo\/image\/","url":"https:\/\/benhviendaihocyhaiduong.com\/wp-content\/uploads\/2023\/05\/logo-hmtu-1.jpg","contentUrl":"https:\/\/benhviendaihocyhaiduong.com\/wp-content\/uploads\/2023\/05\/logo-hmtu-1.jpg","width":224,"height":225,"caption":"B\u00ea\u0323nh vi\u00ea\u0323n Tr\u01b0\u01a1\u0300ng \u0110a\u0323i ho\u0323c Ky\u0303 thu\u00e2\u0323t Y t\u00ea\u0301 Ha\u0309i D\u01b0\u01a1ng"},"image":{"@id":"https:\/\/benhviendaihocyhaiduong.com\/#\/schema\/logo\/image\/"},"sameAs":["https:\/\/www.facebook.com\/HMTUP\/"]}]}},"_links":{"self":[{"href":"https:\/\/benhviendaihocyhaiduong.com\/index.php?rest_route=\/wp\/v2\/pages\/2477","targetHints":{"allow":["GET"]}}],"collection":[{"href":"https:\/\/benhviendaihocyhaiduong.com\/index.php?rest_route=\/wp\/v2\/pages"}],"about":[{"href":"https:\/\/benhviendaihocyhaiduong.com\/index.php?rest_route=\/wp\/v2\/types\/page"}],"author":[{"embeddable":true,"href":"https:\/\/benhviendaihocyhaiduong.com\/index.php?rest_route=\/wp\/v2\/users\/1"}],"replies":[{"embeddable":true,"href":"https:\/\/benhviendaihocyhaiduong.com\/index.php?rest_route=%2Fwp%2Fv2%2Fcomments&post=2477"}],"version-history":[{"count":34,"href":"https:\/\/benhviendaihocyhaiduong.com\/index.php?rest_route=\/wp\/v2\/pages\/2477\/revisions"}],"predecessor-version":[{"id":8179,"href":"https:\/\/benhviendaihocyhaiduong.com\/index.php?rest_route=\/wp\/v2\/pages\/2477\/revisions\/8179"}],"wp:attachment":[{"href":"https:\/\/benhviendaihocyhaiduong.com\/index.php?rest_route=%2Fwp%2Fv2%2Fmedia&parent=2477"}],"curies":[{"name":"wp","href":"https:\/\/api.w.org\/{rel}","templated":true}]}}