{"id":2532,"date":"2023-05-25T10:16:30","date_gmt":"2023-05-25T10:16:30","guid":{"rendered":"https:\/\/luulyshop.com\/?page_id=2532"},"modified":"2026-04-10T09:11:05","modified_gmt":"2026-04-10T02:11:05","slug":"dang-ky-kham","status":"publish","type":"page","link":"https:\/\/benhviendaihocyhaiduong.com\/?page_id=2532","title":{"rendered":"\u0110\u0103ng ky\u0301 kha\u0301m"},"content":{"rendered":"\t\t<div data-elementor-type=\"wp-page\" data-elementor-id=\"2532\" class=\"elementor elementor-2532\" data-elementor-post-type=\"page\">\n\t\t\t\t\t\t<section data-particle_enable=\"false\" data-particle-mobile-disabled=\"false\" class=\"elementor-section elementor-top-section elementor-element elementor-element-0faf3dc elementor-section-boxed elementor-section-height-default elementor-section-height-default\" data-id=\"0faf3dc\" data-element_type=\"section\" data-e-type=\"section\">\n\t\t\t\t\t\t<div class=\"elementor-container elementor-column-gap-no\">\n\t\t\t\t\t<div class=\"elementor-column elementor-col-100 elementor-top-column elementor-element elementor-element-8d002b7\" data-id=\"8d002b7\" data-element_type=\"column\" data-e-type=\"column\">\n\t\t\t<div class=\"elementor-widget-wrap elementor-element-populated\">\n\t\t\t\t\t\t<div class=\"elementor-element elementor-element-ba836c7 elementor-widget-divider--view-line_text elementor-widget-divider--element-align-center elementor-widget elementor-widget-divider\" data-id=\"ba836c7\" data-element_type=\"widget\" data-e-type=\"widget\" data-widget_type=\"divider.default\">\n\t\t\t\t<div class=\"elementor-widget-container\">\n\t\t\t\t\t\t\t<div class=\"elementor-divider\">\n\t\t\t<span class=\"elementor-divider-separator\">\n\t\t\t\t\t\t\t<span class=\"elementor-divider__text elementor-divider__element\">\n\t\t\t\t\u0110\u0102NG KY\u0301 KHA\u0301M B\u00ca\u0323NH THEO Y\u00caU C\u00c2\u0300U\t\t\t\t<\/span>\n\t\t\t\t\t\t<\/span>\n\t\t<\/div>\n\t\t\t\t\t\t<\/div>\n\t\t\t\t<\/div>\n\t\t\t\t\t<\/div>\n\t\t<\/div>\n\t\t\t\t\t<\/div>\n\t\t<\/section>\n\t\t\t\t<section data-particle_enable=\"false\" data-particle-mobile-disabled=\"false\" class=\"elementor-section elementor-top-section elementor-element elementor-element-401d148 elementor-section-boxed elementor-section-height-default elementor-section-height-default\" data-id=\"401d148\" data-element_type=\"section\" data-e-type=\"section\">\n\t\t\t\t\t\t<div class=\"elementor-container elementor-column-gap-custom\">\n\t\t\t\t\t<div class=\"elementor-column elementor-col-100 elementor-top-column elementor-element elementor-element-8fed076\" data-id=\"8fed076\" data-element_type=\"column\" data-e-type=\"column\">\n\t\t\t<div class=\"elementor-widget-wrap elementor-element-populated\">\n\t\t\t\t\t\t<div class=\"elementor-element elementor-element-20a4774 elementor-widget elementor-widget-text-editor\" data-id=\"20a4774\" data-element_type=\"widget\" data-e-type=\"widget\" data-widget_type=\"text-editor.default\">\n\t\t\t\t<div class=\"elementor-widget-container\">\n\t\t\t\t\t\t\t\t\t<p style=\"text-align: justify;\"><span style=\"color: #000000; font-size: 100%; font-family: tahoma, arial, helvetica, sans-serif;\"><span style=\"color: #ff0000;\"><strong>Form \u0111\u0103ng ky\u0301 na\u0300y a\u0301p du\u0323ng cho kha\u0301m di\u0323ch vu\u0323<\/strong>.<\/span> N\u00ea\u0301u Quy\u0301 Kha\u0301ch ha\u0300ng co\u0301 the\u0309 BHYT \u0111\u0103ng ky\u0301 kha\u0301m ban \u0111\u00e2\u0300u ta\u0323i B\u00ea\u0323nh vi\u00ea\u0323n tr\u01b0\u01a1\u0300ng \u0110a\u0323i ho\u0323c Ky\u0303 thu\u00e2\u0323t Y t\u00ea\u0301 Ha\u0309i D\u01b0\u01a1ng sau khi \u0111\u0103ng ky\u0301 xong vui lo\u0300ng mang C\u0103n c\u01b0\u01a1\u0301c c\u00f4ng d\u00e2n ho\u0103\u0323c the\u0309 BHYT \u0111\u00ea\u0301n B\u00c0N \u0110\u0102NG K\u00dd S\u1ed0 1 &#8211; NH\u00c0 A, KHOA KH\u00c1M B\u1ec6NH (T\u00c2\u0300NG 1) \u0111\u1ec3 ki\u00ea\u0309m tra x\u00e1c nh\u1eadn th\u00f4ng tin the\u0309 BHYT.<\/span><\/p><p style=\"text-align: justify;\"><span style=\"color: #000000; font-size: 100%; font-family: tahoma, arial, helvetica, sans-serif;\">\u0110\u00ea\u0309 \u0111\u01b0\u1ee3c ph\u1ee5c v\u1ee5 t\u1ed1t nh\u1ea5t, Qu\u00fd kh\u00e1nh h\u00e0ng vui l\u00f2ng cung c\u1ea5p th\u00f4ng tin ch\u00ednh x\u00e1c.<\/span><\/p><p style=\"text-align: justify;\"><span style=\"color: #000000; font-size: 100%; font-family: tahoma, arial, helvetica, sans-serif;\">Vui l\u00f2ng \u0111\u0103ng ky\u0301 tr\u01b0\u1edbc \u00edt nh\u1ea5t l\u00e0 24 gi\u1edd tr\u01b0\u1edbc khi \u0111\u1ebfn kh\u00e1m.<\/span><\/p><p style=\"text-align: justify;\"><span style=\"color: #000000; font-size: 100%; font-family: tahoma, arial, helvetica, sans-serif;\">Sau khi \u0111\u0103ng ky\u0301 tha\u0300nh c\u00f4ng, Quy\u0301 Kha\u0301ch ha\u0300ng vui lo\u0300ng \u0111\u1ebfn B\u00c0N \u0110\u0102NG K\u00dd S\u1ed0 1 &#8211; NH\u00c0 A, KHOA KH\u00c1M B\u1ec6NH (T\u00c2\u0300NG 1) \u0111\u1ec3 x\u00e1c nh\u1eadn th\u00f4ng tin va\u0300 l\u1ea5y phi\u1ebfu kh\u00e1m.<\/span><\/p><p style=\"text-align: justify;\"><span style=\"color: #000000; font-size: 100%; font-family: tahoma, arial, helvetica, sans-serif;\">Trong tr\u01b0\u1eddng h\u1ee3p kh\u1ea9n c\u1ea5p ho\u1eb7c nghi ng\u1edd c\u00f3 c\u00e1c tri\u1ec7u ch\u1ee9ng nguy hi\u1ec3m, qu\u00fd kh\u00e1ch vui l\u00f2ng \u0110\u1ebeN TR\u1ef0C TI\u1ebeP b\u00ea\u0323nh vi\u00ea\u0323n ho\u1eb7c c\u00e1c trung t\u00e2m y t\u1ebf g\u1ea7n nh\u1ea5t \u0111\u1ec3 k\u1ecbp th\u1eddi x\u1eed l\u00fd<\/span><\/p><p style=\"text-align: justify;\">\u00a0<\/p><p style=\"text-align: justify;\">\u00a0<\/p>\t\t\t\t\t\t\t\t<\/div>\n\t\t\t\t<\/div>\n\t\t\t\t\t<\/div>\n\t\t<\/div>\n\t\t\t\t\t<\/div>\n\t\t<\/section>\n\t\t\t\t<section data-particle_enable=\"false\" data-particle-mobile-disabled=\"false\" class=\"elementor-section elementor-top-section elementor-element elementor-element-52574f9 elementor-section-boxed elementor-section-height-default elementor-section-height-default\" data-id=\"52574f9\" data-element_type=\"section\" data-e-type=\"section\">\n\t\t\t\t\t\t<div class=\"elementor-container elementor-column-gap-custom\">\n\t\t\t\t\t<div class=\"elementor-column elementor-col-100 elementor-top-column elementor-element elementor-element-b6ba9dc\" data-id=\"b6ba9dc\" data-element_type=\"column\" data-e-type=\"column\">\n\t\t\t<div class=\"elementor-widget-wrap elementor-element-populated\">\n\t\t\t\t\t\t<div class=\"elementor-element elementor-element-4795dc3 elementor-widget elementor-widget-html\" data-id=\"4795dc3\" data-element_type=\"widget\" data-e-type=\"widget\" data-widget_type=\"html.default\">\n\t\t\t\t<div class=\"elementor-widget-container\">\n\t\t\t\t\t\n<div class=\"wpcf7 no-js\" id=\"wpcf7-f5621-o1\" lang=\"vi\" dir=\"ltr\" data-wpcf7-id=\"5621\">\n<div class=\"screen-reader-response\"><p role=\"status\" aria-live=\"polite\" aria-atomic=\"true\"><\/p> <ul><\/ul><\/div>\n<form action=\"\/index.php?rest_route=%2Fwp%2Fv2%2Fpages%2F2532#wpcf7-f5621-o1\" method=\"post\" class=\"wpcf7-form init\" aria-label=\"Form li\u00ean h\u1ec7\" novalidate=\"novalidate\" data-status=\"init\">\n<fieldset class=\"hidden-fields-container\"><input type=\"hidden\" name=\"_wpcf7\" value=\"5621\" \/><input type=\"hidden\" name=\"_wpcf7_version\" value=\"6.1.5\" \/><input type=\"hidden\" name=\"_wpcf7_locale\" value=\"vi\" \/><input type=\"hidden\" name=\"_wpcf7_unit_tag\" value=\"wpcf7-f5621-o1\" \/><input type=\"hidden\" name=\"_wpcf7_container_post\" value=\"0\" \/><input type=\"hidden\" name=\"_wpcf7_posted_data_hash\" value=\"\" \/><input type=\"hidden\" name=\"_wpcf7cf_hidden_group_fields\" value=\"[]\" \/><input type=\"hidden\" name=\"_wpcf7cf_hidden_groups\" value=\"[]\" \/><input type=\"hidden\" name=\"_wpcf7cf_visible_groups\" value=\"[]\" \/><input type=\"hidden\" name=\"_wpcf7cf_repeaters\" value=\"[]\" \/><input type=\"hidden\" name=\"_wpcf7cf_steps\" value=\"{}\" \/><input type=\"hidden\" name=\"_wpcf7cf_options\" value=\"{&quot;form_id&quot;:5621,&quot;conditions&quot;:[],&quot;settings&quot;:{&quot;animation&quot;:&quot;yes&quot;,&quot;animation_intime&quot;:200,&quot;animation_outtime&quot;:200,&quot;conditions_ui&quot;:&quot;normal&quot;,&quot;notice_dismissed&quot;:false,&quot;notice_dismissed_update-cf7-6.1.5&quot;:true}}\" \/>\n<\/fieldset>\n<div class=\"cf-container\">\n\t<div class=\"cf-col-6\">\n\t\t<p><label> Ho\u0323 va\u0300 t\u00ean<br \/>\n<span class=\"wpcf7-form-control-wrap\" data-name=\"hotenbenh-nhan\"><input size=\"40\" maxlength=\"400\" class=\"wpcf7-form-control wpcf7-text wpcf7-validates-as-required\" aria-required=\"true\" aria-invalid=\"false\" value=\"\" type=\"text\" name=\"hotenbenh-nhan\" \/><\/span> <\/label>\n\t\t<\/p>\n\t<\/div>\n\t<div class=\"cf-col-6\">\n\t\t<p><label> Nga\u0300y tha\u0301ng n\u0103m sinh<br \/>\n<span class=\"wpcf7-form-control-wrap\" data-name=\"namsinhB-N\"><input class=\"wpcf7-form-control wpcf7-date wpcf7-validates-as-required wpcf7-validates-as-date\" aria-required=\"true\" aria-invalid=\"false\" value=\"\" type=\"date\" name=\"namsinhB-N\" \/><\/span> <\/label>\n\t\t<\/p>\n\t<\/div>\n\t<div class=\"cf-col-6\">\n\t\t<p><label> S\u00f4\u0301 \u0111i\u00ea\u0323n thoa\u0323i<br \/>\n<span class=\"wpcf7-form-control-wrap\" data-name=\"SDT-BN\"><input size=\"40\" maxlength=\"400\" class=\"wpcf7-form-control wpcf7-text wpcf7-validates-as-required\" aria-required=\"true\" aria-invalid=\"false\" value=\"\" type=\"text\" name=\"SDT-BN\" \/><\/span> <\/label>\n\t\t<\/p>\n\t<\/div>\n\t<div class=\"cf-col-6\">\n\t\t<p><label> Gi\u01a1\u0301i ti\u0301nh<br \/>\n<span class=\"wpcf7-form-control-wrap\" data-name=\"gioitinhBN\"><select class=\"wpcf7-form-control wpcf7-select wpcf7-validates-as-required\" aria-required=\"true\" aria-invalid=\"false\" name=\"gioitinhBN\"><option value=\"\">&#8212;Vui l\u00f2ng ch\u1ecdn&#8212;<\/option><option value=\"Nam\">Nam<\/option><option value=\"N\u01b0\u0303\">N\u01b0\u0303<\/option><\/select><\/span> <\/label>\n\t\t<\/p>\n\t<\/div>\n\t<div class=\"cf-col-6\">\n\t\t<p><label> \u0110i\u0323a chi\u0309 li\u00ean h\u00ea\u0323<br \/>\n<span class=\"wpcf7-form-control-wrap\" data-name=\"diachiBN\"><input size=\"40\" maxlength=\"400\" class=\"wpcf7-form-control wpcf7-text wpcf7-validates-as-required\" aria-required=\"true\" aria-invalid=\"false\" value=\"\" type=\"text\" name=\"diachiBN\" \/><\/span> <\/label>\n\t\t<\/p>\n\t<\/div>\n\t<div class=\"cf-col-6\">\n\t\t<p><label> Cho\u0323n pho\u0300ng c\u00e2\u0300n kha\u0301m<br \/>\n<span class=\"wpcf7-form-control-wrap\" data-name=\"phongkhamBN\"><select class=\"wpcf7-form-control wpcf7-select wpcf7-validates-as-required\" aria-required=\"true\" aria-invalid=\"false\" name=\"phongkhamBN\"><option value=\"\">&#8212;Vui l\u00f2ng ch\u1ecdn&#8212;<\/option><option value=\"N\u00f4\u0323i t\u00f4\u0309ng h\u01a1\u0323p\">N\u00f4\u0323i t\u00f4\u0309ng h\u01a1\u0323p<\/option><option value=\"Ngoa\u0323i t\u00f4\u0309ng h\u01a1\u0323p\">Ngoa\u0323i t\u00f4\u0309ng h\u01a1\u0323p<\/option><option value=\"Ti\u00eau ho\u0301a -gan-m\u00e2\u0323t-da\u0323 da\u0300y\">Ti\u00eau ho\u0301a -gan-m\u00e2\u0323t-da\u0323 da\u0300y<\/option><option value=\"Tai - Mu\u0303i \u2013 Ho\u0323ng\">Tai - Mu\u0303i \u2013 Ho\u0323ng<\/option><option value=\"C\u01a1 \u2013 X\u01b0\u01a1ng \u2013 Kh\u01a1\u0301p\">C\u01a1 \u2013 X\u01b0\u01a1ng \u2013 Kh\u01a1\u0301p<\/option><option value=\"V\u00e2\u0323t ly\u0301 tri\u0323 li\u00ea\u0323u \u2013 PHCN\">V\u00e2\u0323t ly\u0301 tri\u0323 li\u00ea\u0323u \u2013 PHCN<\/option><option value=\"Y d\u01b0\u01a1\u0323c c\u00f4\u0309 truy\u00ea\u0300n\">Y d\u01b0\u01a1\u0323c c\u00f4\u0309 truy\u00ea\u0300n<\/option><option value=\"Nha (R\u0103ng-Ha\u0300m-M\u0103\u0323t)\">Nha (R\u0103ng-Ha\u0300m-M\u0103\u0323t)<\/option><option value=\"Phu\u0323 sa\u0309n\">Phu\u0323 sa\u0309n<\/option><option value=\"Nhi\">Nhi<\/option><option value=\"Da li\u00ea\u0303u\">Da li\u00ea\u0303u<\/option><option value=\"M\u0103\u0301t\">M\u0103\u0301t<\/option><option value=\"H\u00f4 h\u00e2\u0301p\">H\u00f4 h\u00e2\u0301p<\/option><option value=\"Dinh d\u01b0\u01a1\u0303ng\">Dinh d\u01b0\u01a1\u0303ng<\/option><option value=\"Kha\u0301m s\u01b0\u0301c kho\u0309e t\u00f4\u0300ng qua\u0301t\">Kha\u0301m s\u01b0\u0301c kho\u0309e t\u00f4\u0300ng qua\u0301t<\/option><option value=\"Kha\u0301m l\u00e2\u0301y gi\u00e2\u0301y kha\u0301m s\u01b0\u0301c kho\u0309e\">Kha\u0301m l\u00e2\u0301y gi\u00e2\u0301y kha\u0301m s\u01b0\u0301c kho\u0309e<\/option><option value=\"Xe\u0301t nghi\u00ea\u0323m t\u00f4\u0309ng qua\u0301t\">Xe\u0301t nghi\u00ea\u0323m t\u00f4\u0309ng qua\u0301t<\/option><option value=\"Xe\u0301t nghi\u00ea\u0323m t\u00ea\u0301 ba\u0300o\">Xe\u0301t nghi\u00ea\u0323m t\u00ea\u0301 ba\u0300o<\/option><option value=\"Chu\u0323p X-Quang\">Chu\u0323p X-Quang<\/option><option value=\"Chu\u0323p C\u0103\u0301t l\u01a1\u0301p vi ti\u0301nh\">Chu\u0323p C\u0103\u0301t l\u01a1\u0301p vi ti\u0301nh<\/option><option value=\"Si\u00eau \u00e2m\">Si\u00eau \u00e2m<\/option><option value=\"Ch\u01b0a xa\u0301c \u0111i\u0323nh \u0111\u01b0\u01a1\u0323c pho\u0300ng na\u0300o!\">Ch\u01b0a xa\u0301c \u0111i\u0323nh \u0111\u01b0\u01a1\u0323c pho\u0300ng na\u0300o!<\/option><\/select><\/span> <\/label>\n\t\t<\/p>\n\t<\/div>\n\t<div class=\"cf-col-6\">\n\t\t<p><label> Cho\u0323n nga\u0300y kha\u0301m<br \/>\n<span class=\"wpcf7-form-control-wrap\" data-name=\"ngaykhamBN\"><input class=\"wpcf7-form-control wpcf7-date wpcf7-validates-as-required wpcf7-validates-as-date\" aria-required=\"true\" aria-invalid=\"false\" value=\"\" type=\"date\" name=\"ngaykhamBN\" \/><\/span> <\/label>\n\t\t<\/p>\n\t<\/div>\n\t<div class=\"cf-col-6\">\n\t\t<p><label> Cho\u0323n bu\u00f4\u0309i kha\u0301m<br \/>\n<span class=\"wpcf7-form-control-wrap\" data-name=\"buoikhamBN\"><select class=\"wpcf7-form-control wpcf7-select wpcf7-validates-as-required\" aria-required=\"true\" aria-invalid=\"false\" name=\"buoikhamBN\"><option value=\"\">&#8212;Vui l\u00f2ng ch\u1ecdn&#8212;<\/option><option value=\"Sa\u0301ng\">Sa\u0301ng<\/option><option value=\"Chi\u00ea\u0300u\">Chi\u00ea\u0300u<\/option><\/select><\/span> <\/label>\n\t\t<\/p>\n\t<\/div>\n\t<div class=\"cf-col-9\">\n\t\t<p><label> Ly\u0301 do kha\u0301m<br \/>\n<span class=\"wpcf7-form-control-wrap\" data-name=\"lydokham-BN\"><textarea cols=\"40\" rows=\"10\" maxlength=\"2000\" class=\"wpcf7-form-control wpcf7-textarea wpcf7-validates-as-required\" aria-required=\"true\" aria-invalid=\"false\" placeholder=\"Quy\u0301 kha\u0301ch ha\u0300ng m\u00f4 ta\u0309 tri\u00ea\u0323u ch\u01b0\u0301ng ho\u0103\u0323c cho chu\u0301ng t\u00f4i bi\u00ea\u0301t ly\u0301 do \u0111i kha\u0301m b\u00ea\u0323nh?\" name=\"lydokham-BN\"><\/textarea><\/span> <\/label>\n\t\t<\/p>\n\t<\/div>\n\t<div class=\"cf-col-3\">\n\t\t<p><label> Vui lo\u0300ng cho bi\u00ea\u0301t:<br \/>\n<span class=\"wpcf7-form-control-wrap\" data-name=\"quiz-249\"><label><span class=\"wpcf7-quiz-label\">4+ 5 =?<\/span> <input size=\"40\" class=\"wpcf7-form-control wpcf7-quiz\" autocomplete=\"off\" aria-required=\"true\" aria-invalid=\"false\" type=\"text\" name=\"quiz-249\" \/><\/label><input type=\"hidden\" name=\"_wpcf7_quiz_answer_quiz-249\" value=\"0ec0565e4578a0267794247b0e9a9caf\" \/><\/span> <\/label>\n\t\t<\/p>\n\t<\/div>\n<\/div>\n<p><input class=\"wpcf7-form-control wpcf7-submit has-spinner\" type=\"submit\" value=\"\u0110\u0103ng ky\u0301\" \/>\n<\/p><div class=\"wpcf7-response-output\" aria-hidden=\"true\"><\/div>\n<\/form>\n<\/div>\n\t\t\t\t<\/div>\n\t\t\t\t<\/div>\n\t\t\t\t\t<\/div>\n\t\t<\/div>\n\t\t\t\t\t<\/div>\n\t\t<\/section>\n\t\t\t\t<\/div>\n\t\t","protected":false},"excerpt":{"rendered":"<p>\u0110\u0102NG KY\u0301 KHA\u0301M B\u00ca\u0323NH THEO Y\u00caU C\u00c2\u0300U Form \u0111\u0103ng ky\u0301 na\u0300y a\u0301p du\u0323ng cho kha\u0301m di\u0323ch vu\u0323. N\u00ea\u0301u Quy\u0301 Kha\u0301ch ha\u0300ng co\u0301 the\u0309 BHYT \u0111\u0103ng ky\u0301 kha\u0301m ban \u0111\u00e2\u0300u ta\u0323i B\u00ea\u0323nh vi\u00ea\u0323n tr\u01b0\u01a1\u0300ng \u0110a\u0323i ho\u0323c Ky\u0303 thu\u00e2\u0323t Y t\u00ea\u0301 Ha\u0309i D\u01b0\u01a1ng sau khi \u0111\u0103ng ky\u0301 xong vui lo\u0300ng mang C\u0103n c\u01b0\u01a1\u0301c c\u00f4ng d\u00e2n ho\u0103\u0323c the\u0309[Xem ti\u00ea\u0301p&#8230;]\n","protected":false},"author":1,"featured_media":0,"parent":0,"menu_order":0,"comment_status":"closed","ping_status":"closed","template":"","meta":{"footnotes":""},"class_list":["post-2532","page","type-page","status-publish","hentry"],"yoast_head":"<!-- This site is optimized with the Yoast SEO plugin v27.2 - https:\/\/yoast.com\/product\/yoast-seo-wordpress\/ -->\n<title>\u0110\u0103ng ky\u0301 kha\u0301m - B\u00ea\u0323nh vi\u00ea\u0323n Tr\u01b0\u01a1\u0300ng \u0110a\u0323i ho\u0323c Ky\u0303 thu\u00e2\u0323t Y t\u00ea\u0301 Ha\u0309i D\u01b0\u01a1ng<\/title>\n<meta name=\"robots\" content=\"index, follow, max-snippet:-1, max-image-preview:large, max-video-preview:-1\" \/>\n<link rel=\"canonical\" href=\"https:\/\/benhviendaihocyhaiduong.com\/?page_id=2532\" \/>\n<meta property=\"og:locale\" content=\"vi_VN\" \/>\n<meta property=\"og:type\" content=\"article\" \/>\n<meta property=\"og:title\" content=\"\u0110\u0103ng ky\u0301 kha\u0301m - B\u00ea\u0323nh vi\u00ea\u0323n Tr\u01b0\u01a1\u0300ng \u0110a\u0323i ho\u0323c Ky\u0303 thu\u00e2\u0323t Y t\u00ea\u0301 Ha\u0309i D\u01b0\u01a1ng\" \/>\n<meta property=\"og:description\" content=\"\u0110\u0102NG KY\u0301 KHA\u0301M B\u00ca\u0323NH THEO Y\u00caU C\u00c2\u0300U Form \u0111\u0103ng ky\u0301 na\u0300y a\u0301p du\u0323ng cho kha\u0301m di\u0323ch vu\u0323. N\u00ea\u0301u Quy\u0301 Kha\u0301ch ha\u0300ng co\u0301 the\u0309 BHYT \u0111\u0103ng ky\u0301 kha\u0301m ban \u0111\u00e2\u0300u ta\u0323i B\u00ea\u0323nh vi\u00ea\u0323n tr\u01b0\u01a1\u0300ng \u0110a\u0323i ho\u0323c Ky\u0303 thu\u00e2\u0323t Y t\u00ea\u0301 Ha\u0309i D\u01b0\u01a1ng sau khi \u0111\u0103ng ky\u0301 xong vui lo\u0300ng mang C\u0103n c\u01b0\u01a1\u0301c c\u00f4ng d\u00e2n ho\u0103\u0323c the\u0309[Xem ti\u00ea\u0301p...]\" \/>\n<meta property=\"og:url\" content=\"https:\/\/benhviendaihocyhaiduong.com\/?page_id=2532\" \/>\n<meta property=\"og:site_name\" content=\"B\u00ea\u0323nh vi\u00ea\u0323n Tr\u01b0\u01a1\u0300ng \u0110a\u0323i ho\u0323c Ky\u0303 thu\u00e2\u0323t Y t\u00ea\u0301 Ha\u0309i D\u01b0\u01a1ng\" \/>\n<meta property=\"article:publisher\" content=\"https:\/\/www.facebook.com\/HMTUP\/\" \/>\n<meta property=\"article:modified_time\" content=\"2026-04-10T02:11:05+00:00\" \/>\n<meta name=\"twitter:card\" content=\"summary_large_image\" \/>\n<meta name=\"twitter:label1\" content=\"\u01af\u1edbc t\u00ednh th\u1eddi gian \u0111\u1ecdc\" \/>\n\t<meta name=\"twitter:data1\" content=\"1 ph\u00fat\" \/>\n<script type=\"application\/ld+json\" class=\"yoast-schema-graph\">{\"@context\":\"https:\/\/schema.org\",\"@graph\":[{\"@type\":\"WebPage\",\"@id\":\"https:\/\/benhviendaihocyhaiduong.com\/?page_id=2532\",\"url\":\"https:\/\/benhviendaihocyhaiduong.com\/?page_id=2532\",\"name\":\"\u0110\u0103ng ky\u0301 kha\u0301m - B\u00ea\u0323nh vi\u00ea\u0323n Tr\u01b0\u01a1\u0300ng \u0110a\u0323i ho\u0323c Ky\u0303 thu\u00e2\u0323t Y t\u00ea\u0301 Ha\u0309i D\u01b0\u01a1ng\",\"isPartOf\":{\"@id\":\"https:\/\/benhviendaihocyhaiduong.com\/#website\"},\"datePublished\":\"2023-05-25T10:16:30+00:00\",\"dateModified\":\"2026-04-10T02:11:05+00:00\",\"breadcrumb\":{\"@id\":\"https:\/\/benhviendaihocyhaiduong.com\/?page_id=2532#breadcrumb\"},\"inLanguage\":\"vi\",\"potentialAction\":[{\"@type\":\"ReadAction\",\"target\":[\"https:\/\/benhviendaihocyhaiduong.com\/?page_id=2532\"]}]},{\"@type\":\"BreadcrumbList\",\"@id\":\"https:\/\/benhviendaihocyhaiduong.com\/?page_id=2532#breadcrumb\",\"itemListElement\":[{\"@type\":\"ListItem\",\"position\":1,\"name\":\"Trang ch\u1ee7\",\"item\":\"https:\/\/benhviendaihocyhaiduong.com\/\"},{\"@type\":\"ListItem\",\"position\":2,\"name\":\"\u0110\u0103ng ky\u0301 kha\u0301m\"}]},{\"@type\":\"WebSite\",\"@id\":\"https:\/\/benhviendaihocyhaiduong.com\/#website\",\"url\":\"https:\/\/benhviendaihocyhaiduong.com\/\",\"name\":\"B\u00ea\u0323nh vi\u00ea\u0323n Tr\u01b0\u01a1\u0300ng \u0110a\u0323i ho\u0323c Ky\u0303 thu\u00e2\u0323t Y t\u00ea\u0301 Ha\u0309i D\u01b0\u01a1ng\",\"description\":\"T\u00e2m \u0111\u01b0\u0301c sa\u0301ng - Ky\u0303 thu\u00e2\u0323t cao, b\u00ea\u0323nh vi\u00ea\u0323n \u0111a\u0323i ho\u0323c y ha\u0309i d\u01b0\u01a1ng\",\"publisher\":{\"@id\":\"https:\/\/benhviendaihocyhaiduong.com\/#organization\"},\"potentialAction\":[{\"@type\":\"SearchAction\",\"target\":{\"@type\":\"EntryPoint\",\"urlTemplate\":\"https:\/\/benhviendaihocyhaiduong.com\/?s={search_term_string}\"},\"query-input\":{\"@type\":\"PropertyValueSpecification\",\"valueRequired\":true,\"valueName\":\"search_term_string\"}}],\"inLanguage\":\"vi\"},{\"@type\":\"Organization\",\"@id\":\"https:\/\/benhviendaihocyhaiduong.com\/#organization\",\"name\":\"B\u00ea\u0323nh vi\u00ea\u0323n Tr\u01b0\u01a1\u0300ng \u0110a\u0323i ho\u0323c Ky\u0303 thu\u00e2\u0323t Y t\u00ea\u0301 Ha\u0309i D\u01b0\u01a1ng\",\"url\":\"https:\/\/benhviendaihocyhaiduong.com\/\",\"logo\":{\"@type\":\"ImageObject\",\"inLanguage\":\"vi\",\"@id\":\"https:\/\/benhviendaihocyhaiduong.com\/#\/schema\/logo\/image\/\",\"url\":\"https:\/\/benhviendaihocyhaiduong.com\/wp-content\/uploads\/2023\/05\/logo-hmtu-1.jpg\",\"contentUrl\":\"https:\/\/benhviendaihocyhaiduong.com\/wp-content\/uploads\/2023\/05\/logo-hmtu-1.jpg\",\"width\":224,\"height\":225,\"caption\":\"B\u00ea\u0323nh vi\u00ea\u0323n Tr\u01b0\u01a1\u0300ng \u0110a\u0323i ho\u0323c Ky\u0303 thu\u00e2\u0323t Y t\u00ea\u0301 Ha\u0309i D\u01b0\u01a1ng\"},\"image\":{\"@id\":\"https:\/\/benhviendaihocyhaiduong.com\/#\/schema\/logo\/image\/\"},\"sameAs\":[\"https:\/\/www.facebook.com\/HMTUP\/\"]}]}<\/script>\n<!-- \/ Yoast SEO plugin. -->","yoast_head_json":{"title":"\u0110\u0103ng ky\u0301 kha\u0301m - B\u00ea\u0323nh vi\u00ea\u0323n Tr\u01b0\u01a1\u0300ng \u0110a\u0323i ho\u0323c Ky\u0303 thu\u00e2\u0323t Y t\u00ea\u0301 Ha\u0309i D\u01b0\u01a1ng","robots":{"index":"index","follow":"follow","max-snippet":"max-snippet:-1","max-image-preview":"max-image-preview:large","max-video-preview":"max-video-preview:-1"},"canonical":"https:\/\/benhviendaihocyhaiduong.com\/?page_id=2532","og_locale":"vi_VN","og_type":"article","og_title":"\u0110\u0103ng ky\u0301 kha\u0301m - B\u00ea\u0323nh vi\u00ea\u0323n Tr\u01b0\u01a1\u0300ng \u0110a\u0323i ho\u0323c Ky\u0303 thu\u00e2\u0323t Y t\u00ea\u0301 Ha\u0309i D\u01b0\u01a1ng","og_description":"\u0110\u0102NG KY\u0301 KHA\u0301M B\u00ca\u0323NH THEO Y\u00caU C\u00c2\u0300U Form \u0111\u0103ng ky\u0301 na\u0300y a\u0301p du\u0323ng cho kha\u0301m di\u0323ch vu\u0323. N\u00ea\u0301u Quy\u0301 Kha\u0301ch ha\u0300ng co\u0301 the\u0309 BHYT \u0111\u0103ng ky\u0301 kha\u0301m ban \u0111\u00e2\u0300u ta\u0323i B\u00ea\u0323nh vi\u00ea\u0323n tr\u01b0\u01a1\u0300ng \u0110a\u0323i ho\u0323c Ky\u0303 thu\u00e2\u0323t Y t\u00ea\u0301 Ha\u0309i D\u01b0\u01a1ng sau khi \u0111\u0103ng ky\u0301 xong vui lo\u0300ng mang C\u0103n c\u01b0\u01a1\u0301c c\u00f4ng d\u00e2n ho\u0103\u0323c the\u0309[Xem ti\u00ea\u0301p...]","og_url":"https:\/\/benhviendaihocyhaiduong.com\/?page_id=2532","og_site_name":"B\u00ea\u0323nh vi\u00ea\u0323n Tr\u01b0\u01a1\u0300ng \u0110a\u0323i ho\u0323c Ky\u0303 thu\u00e2\u0323t Y t\u00ea\u0301 Ha\u0309i D\u01b0\u01a1ng","article_publisher":"https:\/\/www.facebook.com\/HMTUP\/","article_modified_time":"2026-04-10T02:11:05+00:00","twitter_card":"summary_large_image","twitter_misc":{"\u01af\u1edbc t\u00ednh th\u1eddi gian \u0111\u1ecdc":"1 ph\u00fat"},"schema":{"@context":"https:\/\/schema.org","@graph":[{"@type":"WebPage","@id":"https:\/\/benhviendaihocyhaiduong.com\/?page_id=2532","url":"https:\/\/benhviendaihocyhaiduong.com\/?page_id=2532","name":"\u0110\u0103ng ky\u0301 kha\u0301m - B\u00ea\u0323nh vi\u00ea\u0323n Tr\u01b0\u01a1\u0300ng \u0110a\u0323i ho\u0323c Ky\u0303 thu\u00e2\u0323t Y t\u00ea\u0301 Ha\u0309i D\u01b0\u01a1ng","isPartOf":{"@id":"https:\/\/benhviendaihocyhaiduong.com\/#website"},"datePublished":"2023-05-25T10:16:30+00:00","dateModified":"2026-04-10T02:11:05+00:00","breadcrumb":{"@id":"https:\/\/benhviendaihocyhaiduong.com\/?page_id=2532#breadcrumb"},"inLanguage":"vi","potentialAction":[{"@type":"ReadAction","target":["https:\/\/benhviendaihocyhaiduong.com\/?page_id=2532"]}]},{"@type":"BreadcrumbList","@id":"https:\/\/benhviendaihocyhaiduong.com\/?page_id=2532#breadcrumb","itemListElement":[{"@type":"ListItem","position":1,"name":"Trang ch\u1ee7","item":"https:\/\/benhviendaihocyhaiduong.com\/"},{"@type":"ListItem","position":2,"name":"\u0110\u0103ng ky\u0301 kha\u0301m"}]},{"@type":"WebSite","@id":"https:\/\/benhviendaihocyhaiduong.com\/#website","url":"https:\/\/benhviendaihocyhaiduong.com\/","name":"B\u00ea\u0323nh vi\u00ea\u0323n Tr\u01b0\u01a1\u0300ng \u0110a\u0323i ho\u0323c Ky\u0303 thu\u00e2\u0323t Y t\u00ea\u0301 Ha\u0309i D\u01b0\u01a1ng","description":"T\u00e2m \u0111\u01b0\u0301c sa\u0301ng - Ky\u0303 thu\u00e2\u0323t cao, b\u00ea\u0323nh vi\u00ea\u0323n \u0111a\u0323i ho\u0323c y ha\u0309i d\u01b0\u01a1ng","publisher":{"@id":"https:\/\/benhviendaihocyhaiduong.com\/#organization"},"potentialAction":[{"@type":"SearchAction","target":{"@type":"EntryPoint","urlTemplate":"https:\/\/benhviendaihocyhaiduong.com\/?s={search_term_string}"},"query-input":{"@type":"PropertyValueSpecification","valueRequired":true,"valueName":"search_term_string"}}],"inLanguage":"vi"},{"@type":"Organization","@id":"https:\/\/benhviendaihocyhaiduong.com\/#organization","name":"B\u00ea\u0323nh vi\u00ea\u0323n Tr\u01b0\u01a1\u0300ng \u0110a\u0323i ho\u0323c Ky\u0303 thu\u00e2\u0323t Y t\u00ea\u0301 Ha\u0309i D\u01b0\u01a1ng","url":"https:\/\/benhviendaihocyhaiduong.com\/","logo":{"@type":"ImageObject","inLanguage":"vi","@id":"https:\/\/benhviendaihocyhaiduong.com\/#\/schema\/logo\/image\/","url":"https:\/\/benhviendaihocyhaiduong.com\/wp-content\/uploads\/2023\/05\/logo-hmtu-1.jpg","contentUrl":"https:\/\/benhviendaihocyhaiduong.com\/wp-content\/uploads\/2023\/05\/logo-hmtu-1.jpg","width":224,"height":225,"caption":"B\u00ea\u0323nh vi\u00ea\u0323n Tr\u01b0\u01a1\u0300ng \u0110a\u0323i ho\u0323c Ky\u0303 thu\u00e2\u0323t Y t\u00ea\u0301 Ha\u0309i D\u01b0\u01a1ng"},"image":{"@id":"https:\/\/benhviendaihocyhaiduong.com\/#\/schema\/logo\/image\/"},"sameAs":["https:\/\/www.facebook.com\/HMTUP\/"]}]}},"_links":{"self":[{"href":"https:\/\/benhviendaihocyhaiduong.com\/index.php?rest_route=\/wp\/v2\/pages\/2532","targetHints":{"allow":["GET"]}}],"collection":[{"href":"https:\/\/benhviendaihocyhaiduong.com\/index.php?rest_route=\/wp\/v2\/pages"}],"about":[{"href":"https:\/\/benhviendaihocyhaiduong.com\/index.php?rest_route=\/wp\/v2\/types\/page"}],"author":[{"embeddable":true,"href":"https:\/\/benhviendaihocyhaiduong.com\/index.php?rest_route=\/wp\/v2\/users\/1"}],"replies":[{"embeddable":true,"href":"https:\/\/benhviendaihocyhaiduong.com\/index.php?rest_route=%2Fwp%2Fv2%2Fcomments&post=2532"}],"version-history":[{"count":190,"href":"https:\/\/benhviendaihocyhaiduong.com\/index.php?rest_route=\/wp\/v2\/pages\/2532\/revisions"}],"predecessor-version":[{"id":18131,"href":"https:\/\/benhviendaihocyhaiduong.com\/index.php?rest_route=\/wp\/v2\/pages\/2532\/revisions\/18131"}],"wp:attachment":[{"href":"https:\/\/benhviendaihocyhaiduong.com\/index.php?rest_route=%2Fwp%2Fv2%2Fmedia&parent=2532"}],"curies":[{"name":"wp","href":"https:\/\/api.w.org\/{rel}","templated":true}]}}