{"id":3391,"date":"2023-05-29T14:51:23","date_gmt":"2023-05-29T14:51:23","guid":{"rendered":"https:\/\/luulyshop.com\/?page_id=3391"},"modified":"2026-03-24T21:46:01","modified_gmt":"2026-03-24T14:46:01","slug":"lanh-dao-benh-vien-qua-cac-thoi-ky","status":"publish","type":"page","link":"https:\/\/benhviendaihocyhaiduong.com\/?page_id=3391","title":{"rendered":"L\u00e3nh \u0111\u1ea1o B\u1ec7nh vi\u1ec7n qua c\u00e1c th\u1eddi k\u1ef3"},"content":{"rendered":"\t\t<div data-elementor-type=\"wp-page\" data-elementor-id=\"3391\" class=\"elementor elementor-3391\" data-elementor-post-type=\"page\">\n\t\t\t\t\t\t<section data-particle_enable=\"false\" data-particle-mobile-disabled=\"false\" class=\"elementor-section elementor-top-section elementor-element elementor-element-e3408b7 elementor-section-boxed elementor-section-height-default elementor-section-height-default\" data-id=\"e3408b7\" data-element_type=\"section\" data-e-type=\"section\">\n\t\t\t\t\t\t<div class=\"elementor-container elementor-column-gap-default\">\n\t\t\t\t\t<div class=\"elementor-column elementor-col-100 elementor-top-column elementor-element elementor-element-702c03d\" data-id=\"702c03d\" data-element_type=\"column\" data-e-type=\"column\">\n\t\t\t<div class=\"elementor-widget-wrap elementor-element-populated\">\n\t\t\t\t\t\t<div class=\"elementor-element elementor-element-bb1491d elementor-widget-divider--view-line_text elementor-widget-divider--element-align-center elementor-widget elementor-widget-divider\" data-id=\"bb1491d\" data-element_type=\"widget\" data-e-type=\"widget\" data-widget_type=\"divider.default\">\n\t\t\t\t<div class=\"elementor-widget-container\">\n\t\t\t\t\t\t\t<div class=\"elementor-divider\">\n\t\t\t<span class=\"elementor-divider-separator\">\n\t\t\t\t\t\t\t<span class=\"elementor-divider__text elementor-divider__element\">\n\t\t\t\tL\u00c3NH \u0110\u1ea0O B\u1ec6NH VI\u1ec6N QUA C\u00c1C TH\u1edcI K\u1ef2\t\t\t\t<\/span>\n\t\t\t\t\t\t<\/span>\n\t\t<\/div>\n\t\t\t\t\t\t<\/div>\n\t\t\t\t<\/div>\n\t\t\t\t\t<\/div>\n\t\t<\/div>\n\t\t\t\t\t<\/div>\n\t\t<\/section>\n\t\t\t\t<section data-particle_enable=\"false\" data-particle-mobile-disabled=\"false\" class=\"elementor-section elementor-top-section elementor-element elementor-element-9d8967f elementor-section-boxed elementor-section-height-default elementor-section-height-default\" data-id=\"9d8967f\" data-element_type=\"section\" data-e-type=\"section\">\n\t\t\t\t\t\t<div class=\"elementor-container elementor-column-gap-default\">\n\t\t\t\t\t<div class=\"elementor-column elementor-col-50 elementor-top-column elementor-element elementor-element-ff9a22f\" data-id=\"ff9a22f\" data-element_type=\"column\" data-e-type=\"column\">\n\t\t\t<div class=\"elementor-widget-wrap elementor-element-populated\">\n\t\t\t\t\t\t<div class=\"elementor-element elementor-element-2890fdb elementor-widget elementor-widget-text-editor\" data-id=\"2890fdb\" data-element_type=\"widget\" data-e-type=\"widget\" data-widget_type=\"text-editor.default\">\n\t\t\t\t<div class=\"elementor-widget-container\">\n\t\t\t\t\t\t\t\t\t<p><span style=\"color: #000000;\"><strong>Giai \u0111o\u1ea1n 2014 \u2013 2017:<\/strong><\/span><\/p><p><span style=\"color: #ff0000;\"><strong>Gi\u00e1m \u0111\u1ed1c:<\/strong><\/span><\/p><ol><li><span style=\"color: #000080;\"><strong><a style=\"color: #000080;\" href=\"https:\/\/benhviendaihocyhaiduong.com\/wp-content\/uploads\/2024\/03\/PGS.TS-Vu-Dinh-Chinh-LDBV-1.jpg\">TTND.PGS.TS.BSCKII V\u0169 \u0110\u00ecnh Ch\u00ednh<\/a><\/strong><\/span><\/li><li><span style=\"color: #000080;\"><strong><a style=\"color: #000080;\" href=\"https:\/\/benhviendaihocyhaiduong.com\/wp-content\/uploads\/2024\/03\/PGS.TS-Dinh-Thi-Dieu-Hang-LDBV-2.jpg\">TS.BS \u0110inh Th\u1ecb Di\u1ec7u H\u1eb1ng<\/a><\/strong><\/span><\/li><\/ol><p><span style=\"color: #ff0000;\"><strong>Ph\u00f3 Gi\u00e1m \u0111\u1ed1c:<\/strong><\/span><\/p><ol><li><span style=\"color: #000000;\">TT\u01afT.TS.BSCK1 Ph\u1ea1m Xu\u00e2n Th\u00e0nh<\/span><\/li><li><span style=\"color: #000000;\">TS.BS Tr\u1ea7n Quang C\u1ea3nh<\/span><\/li><li><span style=\"color: #000000;\">Ths Nguy\u1ec5n V\u0103n Kh\u1edfi<\/span><\/li><li><span style=\"color: #000000;\">TT\u01afT.Ths.BS Chu V\u0103n \u0110\u1eb7ng<\/span><\/li><li><span style=\"color: #000000;\">TS.BS Nguy\u1ec5n H\u1eb1ng Lan<\/span><\/li><li><span style=\"color: #000080;\"><strong><a style=\"color: #000080;\" href=\"https:\/\/benhviendaihocyhaiduong.com\/wp-content\/uploads\/2024\/03\/PGS.TS-Pham-Thi-Cam-Hung-LDBV-3.jpg\">Ths.BS Ph\u1ea1m Th\u1ecb C\u1ea9m H\u01b0ng<\/a><\/strong><\/span><\/li><\/ol>\t\t\t\t\t\t\t\t<\/div>\n\t\t\t\t<\/div>\n\t\t\t\t\t<\/div>\n\t\t<\/div>\n\t\t\t\t<div class=\"elementor-column elementor-col-50 elementor-top-column elementor-element elementor-element-03a0e4c\" data-id=\"03a0e4c\" data-element_type=\"column\" data-e-type=\"column\">\n\t\t\t<div class=\"elementor-widget-wrap elementor-element-populated\">\n\t\t\t\t\t\t<div class=\"elementor-element elementor-element-48da090 elementor-widget elementor-widget-text-editor\" data-id=\"48da090\" data-element_type=\"widget\" data-e-type=\"widget\" data-widget_type=\"text-editor.default\">\n\t\t\t\t<div class=\"elementor-widget-container\">\n\t\t\t\t\t\t\t\t\t<p><span style=\"color: #000000;\"><strong>Giai \u0111o\u1ea1n 2017 \u2013 2021:<\/strong><\/span><\/p><p><span style=\"color: #ff0000;\"><strong>Gi\u00e1m \u0111\u1ed1c:<\/strong><\/span><\/p><ol><li><span style=\"color: #000000;\">TS.BS Nguy\u1ec5n H\u1eb1ng Lan<\/span><\/li><li><strong><span style=\"color: #000080;\"><a style=\"color: #000080;\" href=\"https:\/\/benhviendaihocyhaiduong.com\/wp-content\/uploads\/2024\/03\/PGS.TS-Dinh-Thi-Dieu-Hang-LDBV-2.jpg\">PGS.TS.BS \u0110inh Th\u1ecb Di\u1ec7u H\u1eb1ng\u00a0<\/a><\/span><\/strong><\/li><\/ol><p><span style=\"color: #ff0000;\"><strong>Ph\u00f3 Gi\u00e1m \u0111\u1ed1c:<\/strong><\/span><\/p><ol><li><span style=\"color: #000000;\">Ths Nguy\u1ec5n V\u0103n Kh\u1edfi<\/span><\/li><li><span style=\"color: #000000;\">TS.BS Tr\u1ea7n Quang C\u1ea3nh<\/span><\/li><li><span style=\"color: #000080;\"><strong><a style=\"color: #000080;\" href=\"https:\/\/benhviendaihocyhaiduong.com\/wp-content\/uploads\/2024\/03\/PGS.TS-Pham-Thi-Cam-Hung-LDBV-3.jpg\">TS.BS Ph\u1ea1m Th\u1ecb C\u1ea9m H\u01b0ng<\/a><\/strong><\/span><\/li><\/ol><p><span style=\"color: #000000;\"><strong>T\u1eeb 12\/2022 \u0111\u00ea\u0301n\u00a001\/2024:<\/strong><\/span><\/p><p><span style=\"color: #000000;\"><strong><span style=\"color: #ff0000;\">Gi\u00e1m \u0111\u1ed1c:<\/span><span style=\"color: #000080;\"> <a style=\"color: #000080;\" href=\"https:\/\/benhviendaihocyhaiduong.com\/wp-content\/uploads\/2024\/03\/PGS.TS-Pham-Thi-Cam-Hung-LDBV-3.jpg\">TS.BS Ph\u1ea1m Th\u1ecb C\u1ea9m H\u01b0ng<\/a><\/span><\/strong><\/span><\/p><p><span style=\"color: #000000;\"><strong><span style=\"color: #ff0000;\">Ph\u00f3 Gi\u00e1m \u0111\u1ed1c:<\/span> <span style=\"color: #000080;\"><a style=\"color: #000080;\" href=\"https:\/\/benhviendaihocyhaiduong.com\/wp-content\/uploads\/2024\/03\/PGD-Phu-trach-TS-Dung.pdf\">TS.BS Nguy\u1ec5n \u0110\u00ecnh D\u0169ng<\/a><\/span><\/strong><\/span><\/p>\t\t\t\t\t\t\t\t<\/div>\n\t\t\t\t<\/div>\n\t\t\t\t\t<\/div>\n\t\t<\/div>\n\t\t\t\t\t<\/div>\n\t\t<\/section>\n\t\t\t\t<section data-particle_enable=\"false\" data-particle-mobile-disabled=\"false\" class=\"elementor-section elementor-top-section elementor-element elementor-element-3932389 elementor-section-boxed elementor-section-height-default elementor-section-height-default\" data-id=\"3932389\" data-element_type=\"section\" data-e-type=\"section\">\n\t\t\t\t\t\t<div class=\"elementor-container elementor-column-gap-default\">\n\t\t\t\t\t<div class=\"elementor-column elementor-col-100 elementor-top-column elementor-element elementor-element-64979bb\" data-id=\"64979bb\" data-element_type=\"column\" data-e-type=\"column\">\n\t\t\t<div class=\"elementor-widget-wrap elementor-element-populated\">\n\t\t\t\t\t\t<div class=\"elementor-element elementor-element-00d21fb elementor-widget elementor-widget-text-editor\" data-id=\"00d21fb\" data-element_type=\"widget\" data-e-type=\"widget\" data-widget_type=\"text-editor.default\">\n\t\t\t\t<div class=\"elementor-widget-container\">\n\t\t\t\t\t\t\t\t\t<p style=\"text-align: center;\"><span style=\"font-size: 110%; color: #000000;\"><strong>La\u0303nh \u0111a\u0323o \u0111\u01b0\u01a1ng nhi\u00ea\u0323m hi\u00ea\u0323n ta\u0323i:<\/strong><\/span><\/p><p style=\"text-align: center;\"><span style=\"font-size: 110%; color: #000000;\"><span style=\"color: #ff0000;\"><strong>Ph\u00f3 Gi\u00e1m \u0111\u1ed1c, Phu\u0323 tra\u0301ch b\u00ea\u0323nh vi\u00ea\u0323n: <\/strong><\/span><\/span><\/p><p style=\"text-align: center;\"><span style=\"color: #000080;\"><strong><a style=\"color: #000080;\" href=\"https:\/\/benhviendaihocyhaiduong.com\/wp-content\/uploads\/2024\/03\/PGD-Phu-trach-TS-Dung.pdf\"><span style=\"font-size: 110%;\">TS.BS Nguy\u1ec5n \u0110\u00ecnh D\u0169ng<\/span><\/a><\/strong><\/span><\/p><p style=\"text-align: center;\"><span style=\"font-size: 110%; color: #000000;\"><span style=\"color: #ff0000;\"><strong>Ph\u00f3 Gi\u00e1m \u0111\u1ed1c:\u00a0<\/strong><\/span><\/span><span style=\"color: #000080;\"><strong><a style=\"color: #000080;\" href=\"https:\/\/drive.google.com\/file\/d\/1ne8EzZQQ84NxNO8j2h4YiJFEHsJ2W-kz\/view?usp=sharing\"><span style=\"font-size: 110%;\">ThS.BS L\u00ea Quang Trung<\/span><\/a><\/strong><\/span><\/p>\t\t\t\t\t\t\t\t<\/div>\n\t\t\t\t<\/div>\n\t\t\t\t\t<\/div>\n\t\t<\/div>\n\t\t\t\t\t<\/div>\n\t\t<\/section>\n\t\t\t\t<\/div>\n\t\t","protected":false},"excerpt":{"rendered":"<p>L\u00c3NH \u0110\u1ea0O B\u1ec6NH VI\u1ec6N QUA C\u00c1C TH\u1edcI K\u1ef2 Giai \u0111o\u1ea1n 2014 \u2013 2017: Gi\u00e1m \u0111\u1ed1c: TTND.PGS.TS.BSCKII V\u0169 \u0110\u00ecnh Ch\u00ednh TS.BS \u0110inh Th\u1ecb Di\u1ec7u H\u1eb1ng Ph\u00f3 Gi\u00e1m \u0111\u1ed1c: TT\u01afT.TS.BSCK1 Ph\u1ea1m Xu\u00e2n Th\u00e0nh TS.BS Tr\u1ea7n Quang C\u1ea3nh Ths Nguy\u1ec5n V\u0103n Kh\u1edfi TT\u01afT.Ths.BS Chu V\u0103n \u0110\u1eb7ng TS.BS Nguy\u1ec5n H\u1eb1ng Lan Ths.BS Ph\u1ea1m Th\u1ecb C\u1ea9m H\u01b0ng Giai \u0111o\u1ea1n 2017[Xem ti\u00ea\u0301p&#8230;]\n","protected":false},"author":3,"featured_media":0,"parent":0,"menu_order":0,"comment_status":"closed","ping_status":"closed","template":"","meta":{"footnotes":""},"class_list":["post-3391","page","type-page","status-publish","hentry"],"yoast_head":"<!-- This site is optimized with the Yoast SEO plugin v27.2 - https:\/\/yoast.com\/product\/yoast-seo-wordpress\/ -->\n<title>L\u00e3nh \u0111\u1ea1o B\u1ec7nh vi\u1ec7n qua c\u00e1c th\u1eddi k\u1ef3 - B\u00ea\u0323nh vi\u00ea\u0323n Tr\u01b0\u01a1\u0300ng \u0110a\u0323i ho\u0323c Ky\u0303 thu\u00e2\u0323t Y t\u00ea\u0301 Ha\u0309i D\u01b0\u01a1ng<\/title>\n<meta name=\"robots\" content=\"index, follow, max-snippet:-1, max-image-preview:large, max-video-preview:-1\" \/>\n<link rel=\"canonical\" href=\"https:\/\/benhviendaihocyhaiduong.com\/?page_id=3391\" \/>\n<meta property=\"og:locale\" content=\"vi_VN\" \/>\n<meta property=\"og:type\" content=\"article\" \/>\n<meta property=\"og:title\" content=\"L\u00e3nh \u0111\u1ea1o B\u1ec7nh vi\u1ec7n qua c\u00e1c th\u1eddi k\u1ef3 - B\u00ea\u0323nh vi\u00ea\u0323n Tr\u01b0\u01a1\u0300ng \u0110a\u0323i ho\u0323c Ky\u0303 thu\u00e2\u0323t Y t\u00ea\u0301 Ha\u0309i D\u01b0\u01a1ng\" \/>\n<meta property=\"og:description\" content=\"L\u00c3NH \u0110\u1ea0O B\u1ec6NH VI\u1ec6N QUA C\u00c1C TH\u1edcI K\u1ef2 Giai \u0111o\u1ea1n 2014 \u2013 2017: Gi\u00e1m \u0111\u1ed1c: TTND.PGS.TS.BSCKII V\u0169 \u0110\u00ecnh Ch\u00ednh TS.BS \u0110inh Th\u1ecb Di\u1ec7u H\u1eb1ng Ph\u00f3 Gi\u00e1m \u0111\u1ed1c: TT\u01afT.TS.BSCK1 Ph\u1ea1m Xu\u00e2n Th\u00e0nh TS.BS Tr\u1ea7n Quang C\u1ea3nh Ths Nguy\u1ec5n V\u0103n Kh\u1edfi TT\u01afT.Ths.BS Chu V\u0103n \u0110\u1eb7ng TS.BS Nguy\u1ec5n H\u1eb1ng Lan Ths.BS Ph\u1ea1m Th\u1ecb C\u1ea9m H\u01b0ng Giai \u0111o\u1ea1n 2017[Xem ti\u00ea\u0301p...]\" \/>\n<meta property=\"og:url\" content=\"https:\/\/benhviendaihocyhaiduong.com\/?page_id=3391\" \/>\n<meta property=\"og:site_name\" content=\"B\u00ea\u0323nh vi\u00ea\u0323n Tr\u01b0\u01a1\u0300ng \u0110a\u0323i ho\u0323c Ky\u0303 thu\u00e2\u0323t Y t\u00ea\u0301 Ha\u0309i D\u01b0\u01a1ng\" \/>\n<meta property=\"article:publisher\" content=\"https:\/\/www.facebook.com\/HMTUP\/\" \/>\n<meta property=\"article:modified_time\" content=\"2026-03-24T14:46:01+00:00\" \/>\n<meta name=\"twitter:card\" content=\"summary_large_image\" \/>\n<meta name=\"twitter:label1\" content=\"\u01af\u1edbc t\u00ednh th\u1eddi gian \u0111\u1ecdc\" \/>\n\t<meta name=\"twitter:data1\" content=\"1 ph\u00fat\" \/>\n<script type=\"application\/ld+json\" class=\"yoast-schema-graph\">{\"@context\":\"https:\/\/schema.org\",\"@graph\":[{\"@type\":\"WebPage\",\"@id\":\"https:\/\/benhviendaihocyhaiduong.com\/?page_id=3391\",\"url\":\"https:\/\/benhviendaihocyhaiduong.com\/?page_id=3391\",\"name\":\"L\u00e3nh \u0111\u1ea1o B\u1ec7nh vi\u1ec7n qua c\u00e1c th\u1eddi k\u1ef3 - B\u00ea\u0323nh vi\u00ea\u0323n Tr\u01b0\u01a1\u0300ng \u0110a\u0323i ho\u0323c Ky\u0303 thu\u00e2\u0323t Y t\u00ea\u0301 Ha\u0309i D\u01b0\u01a1ng\",\"isPartOf\":{\"@id\":\"https:\/\/benhviendaihocyhaiduong.com\/#website\"},\"datePublished\":\"2023-05-29T14:51:23+00:00\",\"dateModified\":\"2026-03-24T14:46:01+00:00\",\"breadcrumb\":{\"@id\":\"https:\/\/benhviendaihocyhaiduong.com\/?page_id=3391#breadcrumb\"},\"inLanguage\":\"vi\",\"potentialAction\":[{\"@type\":\"ReadAction\",\"target\":[\"https:\/\/benhviendaihocyhaiduong.com\/?page_id=3391\"]}]},{\"@type\":\"BreadcrumbList\",\"@id\":\"https:\/\/benhviendaihocyhaiduong.com\/?page_id=3391#breadcrumb\",\"itemListElement\":[{\"@type\":\"ListItem\",\"position\":1,\"name\":\"Trang ch\u1ee7\",\"item\":\"https:\/\/benhviendaihocyhaiduong.com\/\"},{\"@type\":\"ListItem\",\"position\":2,\"name\":\"L\u00e3nh \u0111\u1ea1o B\u1ec7nh vi\u1ec7n qua c\u00e1c th\u1eddi k\u1ef3\"}]},{\"@type\":\"WebSite\",\"@id\":\"https:\/\/benhviendaihocyhaiduong.com\/#website\",\"url\":\"https:\/\/benhviendaihocyhaiduong.com\/\",\"name\":\"B\u00ea\u0323nh vi\u00ea\u0323n Tr\u01b0\u01a1\u0300ng \u0110a\u0323i ho\u0323c Ky\u0303 thu\u00e2\u0323t Y t\u00ea\u0301 Ha\u0309i D\u01b0\u01a1ng\",\"description\":\"T\u00e2m \u0111\u01b0\u0301c sa\u0301ng - Ky\u0303 thu\u00e2\u0323t cao, b\u00ea\u0323nh vi\u00ea\u0323n \u0111a\u0323i ho\u0323c y ha\u0309i d\u01b0\u01a1ng\",\"publisher\":{\"@id\":\"https:\/\/benhviendaihocyhaiduong.com\/#organization\"},\"potentialAction\":[{\"@type\":\"SearchAction\",\"target\":{\"@type\":\"EntryPoint\",\"urlTemplate\":\"https:\/\/benhviendaihocyhaiduong.com\/?s={search_term_string}\"},\"query-input\":{\"@type\":\"PropertyValueSpecification\",\"valueRequired\":true,\"valueName\":\"search_term_string\"}}],\"inLanguage\":\"vi\"},{\"@type\":\"Organization\",\"@id\":\"https:\/\/benhviendaihocyhaiduong.com\/#organization\",\"name\":\"B\u00ea\u0323nh vi\u00ea\u0323n Tr\u01b0\u01a1\u0300ng \u0110a\u0323i ho\u0323c Ky\u0303 thu\u00e2\u0323t Y t\u00ea\u0301 Ha\u0309i D\u01b0\u01a1ng\",\"url\":\"https:\/\/benhviendaihocyhaiduong.com\/\",\"logo\":{\"@type\":\"ImageObject\",\"inLanguage\":\"vi\",\"@id\":\"https:\/\/benhviendaihocyhaiduong.com\/#\/schema\/logo\/image\/\",\"url\":\"https:\/\/benhviendaihocyhaiduong.com\/wp-content\/uploads\/2023\/05\/logo-hmtu-1.jpg\",\"contentUrl\":\"https:\/\/benhviendaihocyhaiduong.com\/wp-content\/uploads\/2023\/05\/logo-hmtu-1.jpg\",\"width\":224,\"height\":225,\"caption\":\"B\u00ea\u0323nh vi\u00ea\u0323n Tr\u01b0\u01a1\u0300ng \u0110a\u0323i ho\u0323c Ky\u0303 thu\u00e2\u0323t Y t\u00ea\u0301 Ha\u0309i D\u01b0\u01a1ng\"},\"image\":{\"@id\":\"https:\/\/benhviendaihocyhaiduong.com\/#\/schema\/logo\/image\/\"},\"sameAs\":[\"https:\/\/www.facebook.com\/HMTUP\/\"]}]}<\/script>\n<!-- \/ Yoast SEO plugin. -->","yoast_head_json":{"title":"L\u00e3nh \u0111\u1ea1o B\u1ec7nh vi\u1ec7n qua c\u00e1c th\u1eddi k\u1ef3 - B\u00ea\u0323nh vi\u00ea\u0323n Tr\u01b0\u01a1\u0300ng \u0110a\u0323i ho\u0323c Ky\u0303 thu\u00e2\u0323t Y t\u00ea\u0301 Ha\u0309i D\u01b0\u01a1ng","robots":{"index":"index","follow":"follow","max-snippet":"max-snippet:-1","max-image-preview":"max-image-preview:large","max-video-preview":"max-video-preview:-1"},"canonical":"https:\/\/benhviendaihocyhaiduong.com\/?page_id=3391","og_locale":"vi_VN","og_type":"article","og_title":"L\u00e3nh \u0111\u1ea1o B\u1ec7nh vi\u1ec7n qua c\u00e1c th\u1eddi k\u1ef3 - B\u00ea\u0323nh vi\u00ea\u0323n Tr\u01b0\u01a1\u0300ng \u0110a\u0323i ho\u0323c Ky\u0303 thu\u00e2\u0323t Y t\u00ea\u0301 Ha\u0309i D\u01b0\u01a1ng","og_description":"L\u00c3NH \u0110\u1ea0O B\u1ec6NH VI\u1ec6N QUA C\u00c1C TH\u1edcI K\u1ef2 Giai \u0111o\u1ea1n 2014 \u2013 2017: Gi\u00e1m \u0111\u1ed1c: TTND.PGS.TS.BSCKII V\u0169 \u0110\u00ecnh Ch\u00ednh TS.BS \u0110inh Th\u1ecb Di\u1ec7u H\u1eb1ng Ph\u00f3 Gi\u00e1m \u0111\u1ed1c: TT\u01afT.TS.BSCK1 Ph\u1ea1m Xu\u00e2n Th\u00e0nh TS.BS Tr\u1ea7n Quang C\u1ea3nh Ths Nguy\u1ec5n V\u0103n Kh\u1edfi TT\u01afT.Ths.BS Chu V\u0103n \u0110\u1eb7ng TS.BS Nguy\u1ec5n H\u1eb1ng Lan Ths.BS Ph\u1ea1m Th\u1ecb C\u1ea9m H\u01b0ng Giai \u0111o\u1ea1n 2017[Xem ti\u00ea\u0301p...]","og_url":"https:\/\/benhviendaihocyhaiduong.com\/?page_id=3391","og_site_name":"B\u00ea\u0323nh vi\u00ea\u0323n Tr\u01b0\u01a1\u0300ng \u0110a\u0323i ho\u0323c Ky\u0303 thu\u00e2\u0323t Y t\u00ea\u0301 Ha\u0309i D\u01b0\u01a1ng","article_publisher":"https:\/\/www.facebook.com\/HMTUP\/","article_modified_time":"2026-03-24T14:46:01+00:00","twitter_card":"summary_large_image","twitter_misc":{"\u01af\u1edbc t\u00ednh th\u1eddi gian \u0111\u1ecdc":"1 ph\u00fat"},"schema":{"@context":"https:\/\/schema.org","@graph":[{"@type":"WebPage","@id":"https:\/\/benhviendaihocyhaiduong.com\/?page_id=3391","url":"https:\/\/benhviendaihocyhaiduong.com\/?page_id=3391","name":"L\u00e3nh \u0111\u1ea1o B\u1ec7nh vi\u1ec7n qua c\u00e1c th\u1eddi k\u1ef3 - B\u00ea\u0323nh vi\u00ea\u0323n Tr\u01b0\u01a1\u0300ng \u0110a\u0323i ho\u0323c Ky\u0303 thu\u00e2\u0323t Y t\u00ea\u0301 Ha\u0309i D\u01b0\u01a1ng","isPartOf":{"@id":"https:\/\/benhviendaihocyhaiduong.com\/#website"},"datePublished":"2023-05-29T14:51:23+00:00","dateModified":"2026-03-24T14:46:01+00:00","breadcrumb":{"@id":"https:\/\/benhviendaihocyhaiduong.com\/?page_id=3391#breadcrumb"},"inLanguage":"vi","potentialAction":[{"@type":"ReadAction","target":["https:\/\/benhviendaihocyhaiduong.com\/?page_id=3391"]}]},{"@type":"BreadcrumbList","@id":"https:\/\/benhviendaihocyhaiduong.com\/?page_id=3391#breadcrumb","itemListElement":[{"@type":"ListItem","position":1,"name":"Trang ch\u1ee7","item":"https:\/\/benhviendaihocyhaiduong.com\/"},{"@type":"ListItem","position":2,"name":"L\u00e3nh \u0111\u1ea1o B\u1ec7nh vi\u1ec7n qua c\u00e1c th\u1eddi k\u1ef3"}]},{"@type":"WebSite","@id":"https:\/\/benhviendaihocyhaiduong.com\/#website","url":"https:\/\/benhviendaihocyhaiduong.com\/","name":"B\u00ea\u0323nh vi\u00ea\u0323n Tr\u01b0\u01a1\u0300ng \u0110a\u0323i ho\u0323c Ky\u0303 thu\u00e2\u0323t Y t\u00ea\u0301 Ha\u0309i D\u01b0\u01a1ng","description":"T\u00e2m \u0111\u01b0\u0301c sa\u0301ng - Ky\u0303 thu\u00e2\u0323t cao, b\u00ea\u0323nh vi\u00ea\u0323n \u0111a\u0323i ho\u0323c y ha\u0309i d\u01b0\u01a1ng","publisher":{"@id":"https:\/\/benhviendaihocyhaiduong.com\/#organization"},"potentialAction":[{"@type":"SearchAction","target":{"@type":"EntryPoint","urlTemplate":"https:\/\/benhviendaihocyhaiduong.com\/?s={search_term_string}"},"query-input":{"@type":"PropertyValueSpecification","valueRequired":true,"valueName":"search_term_string"}}],"inLanguage":"vi"},{"@type":"Organization","@id":"https:\/\/benhviendaihocyhaiduong.com\/#organization","name":"B\u00ea\u0323nh vi\u00ea\u0323n Tr\u01b0\u01a1\u0300ng \u0110a\u0323i ho\u0323c Ky\u0303 thu\u00e2\u0323t Y t\u00ea\u0301 Ha\u0309i D\u01b0\u01a1ng","url":"https:\/\/benhviendaihocyhaiduong.com\/","logo":{"@type":"ImageObject","inLanguage":"vi","@id":"https:\/\/benhviendaihocyhaiduong.com\/#\/schema\/logo\/image\/","url":"https:\/\/benhviendaihocyhaiduong.com\/wp-content\/uploads\/2023\/05\/logo-hmtu-1.jpg","contentUrl":"https:\/\/benhviendaihocyhaiduong.com\/wp-content\/uploads\/2023\/05\/logo-hmtu-1.jpg","width":224,"height":225,"caption":"B\u00ea\u0323nh vi\u00ea\u0323n Tr\u01b0\u01a1\u0300ng \u0110a\u0323i ho\u0323c Ky\u0303 thu\u00e2\u0323t Y t\u00ea\u0301 Ha\u0309i D\u01b0\u01a1ng"},"image":{"@id":"https:\/\/benhviendaihocyhaiduong.com\/#\/schema\/logo\/image\/"},"sameAs":["https:\/\/www.facebook.com\/HMTUP\/"]}]}},"_links":{"self":[{"href":"https:\/\/benhviendaihocyhaiduong.com\/index.php?rest_route=\/wp\/v2\/pages\/3391","targetHints":{"allow":["GET"]}}],"collection":[{"href":"https:\/\/benhviendaihocyhaiduong.com\/index.php?rest_route=\/wp\/v2\/pages"}],"about":[{"href":"https:\/\/benhviendaihocyhaiduong.com\/index.php?rest_route=\/wp\/v2\/types\/page"}],"author":[{"embeddable":true,"href":"https:\/\/benhviendaihocyhaiduong.com\/index.php?rest_route=\/wp\/v2\/users\/3"}],"replies":[{"embeddable":true,"href":"https:\/\/benhviendaihocyhaiduong.com\/index.php?rest_route=%2Fwp%2Fv2%2Fcomments&post=3391"}],"version-history":[{"count":55,"href":"https:\/\/benhviendaihocyhaiduong.com\/index.php?rest_route=\/wp\/v2\/pages\/3391\/revisions"}],"predecessor-version":[{"id":17726,"href":"https:\/\/benhviendaihocyhaiduong.com\/index.php?rest_route=\/wp\/v2\/pages\/3391\/revisions\/17726"}],"wp:attachment":[{"href":"https:\/\/benhviendaihocyhaiduong.com\/index.php?rest_route=%2Fwp%2Fv2%2Fmedia&parent=3391"}],"curies":[{"name":"wp","href":"https:\/\/api.w.org\/{rel}","templated":true}]}}