{"id":3775,"date":"2023-05-31T07:58:56","date_gmt":"2023-05-31T07:58:56","guid":{"rendered":"https:\/\/luulyshop.com\/?page_id=3775"},"modified":"2023-07-04T14:44:03","modified_gmt":"2023-07-04T14:44:03","slug":"thanh-tich-thi-dua-khen-thuong","status":"publish","type":"page","link":"https:\/\/benhviendaihocyhaiduong.com\/?page_id=3775","title":{"rendered":"Th\u00e0nh t\u00edch thi \u0111ua khen th\u01b0\u1edfng"},"content":{"rendered":"\t\t<div data-elementor-type=\"wp-page\" data-elementor-id=\"3775\" class=\"elementor elementor-3775\" data-elementor-post-type=\"page\">\n\t\t\t\t\t\t<section data-particle_enable=\"false\" data-particle-mobile-disabled=\"false\" class=\"elementor-section elementor-top-section elementor-element elementor-element-d44617f elementor-section-boxed elementor-section-height-default elementor-section-height-default\" data-id=\"d44617f\" data-element_type=\"section\" data-e-type=\"section\">\n\t\t\t\t\t\t<div class=\"elementor-container elementor-column-gap-default\">\n\t\t\t\t\t<div class=\"elementor-column elementor-col-100 elementor-top-column elementor-element elementor-element-39b3050\" data-id=\"39b3050\" data-element_type=\"column\" data-e-type=\"column\">\n\t\t\t<div class=\"elementor-widget-wrap elementor-element-populated\">\n\t\t\t\t\t\t<div class=\"elementor-element elementor-element-bd8ecdb elementor-widget-divider--view-line_text elementor-widget-divider--element-align-center elementor-widget elementor-widget-divider\" data-id=\"bd8ecdb\" data-element_type=\"widget\" data-e-type=\"widget\" data-widget_type=\"divider.default\">\n\t\t\t\t<div class=\"elementor-widget-container\">\n\t\t\t\t\t\t\t<div class=\"elementor-divider\">\n\t\t\t<span class=\"elementor-divider-separator\">\n\t\t\t\t\t\t\t<span class=\"elementor-divider__text elementor-divider__element\">\n\t\t\t\tTH\u00c0NH T\u00cdCH THI \u0110UA KHEN TH\u01af\u1edeNG\t\t\t\t<\/span>\n\t\t\t\t\t\t<\/span>\n\t\t<\/div>\n\t\t\t\t\t\t<\/div>\n\t\t\t\t<\/div>\n\t\t\t\t\t<\/div>\n\t\t<\/div>\n\t\t\t\t\t<\/div>\n\t\t<\/section>\n\t\t\t\t<section data-particle_enable=\"false\" data-particle-mobile-disabled=\"false\" class=\"elementor-section elementor-top-section elementor-element elementor-element-272eb98 elementor-section-boxed elementor-section-height-default elementor-section-height-default\" data-id=\"272eb98\" data-element_type=\"section\" data-e-type=\"section\">\n\t\t\t\t\t\t<div class=\"elementor-container elementor-column-gap-default\">\n\t\t\t\t\t<div class=\"elementor-column elementor-col-100 elementor-top-column elementor-element elementor-element-78f0c9c\" data-id=\"78f0c9c\" data-element_type=\"column\" data-e-type=\"column\">\n\t\t\t<div class=\"elementor-widget-wrap elementor-element-populated\">\n\t\t\t\t\t\t<div class=\"elementor-element elementor-element-8afd1fa elementor-widget elementor-widget-text-editor\" data-id=\"8afd1fa\" data-element_type=\"widget\" data-e-type=\"widget\" data-widget_type=\"text-editor.default\">\n\t\t\t\t<div class=\"elementor-widget-container\">\n\t\t\t\t\t\t\t\t\t<p style=\"text-align: justify;\"><span style=\"color: #000000;\"><strong>Danh hi\u1ec7u t\u1eadp th\u1ec3<\/strong><\/span><\/p><p style=\"text-align: justify;\"><span style=\"color: #000000;\">&#8211; T\u1eadp th\u1ec3 B\u1ec7nh vi\u1ec7n: B\u1eb1ng khen c\u1ee7a Th\u1ee7 t\u01b0\u1edbng ch\u00ednh ph\u1ee7: \u00a0n\u0103m 2009<\/span><\/p><p style=\"text-align: justify;\"><span style=\"color: #000000;\">&#8211; T\u1eadp th\u1ec3 B\u1ec7nh vi\u1ec7n: B\u1eb1ng khen c\u1ee7a B\u1ed9 tr\u01b0\u1edfng B\u1ed9 Y t\u1ebf: \u00a0n\u0103m 2003, 2004, 2005, 2008, 2010, 2012, 2016, 2021).<\/span><\/p><p style=\"text-align: justify;\"><span style=\"color: #000000;\">&#8211; T\u1eadp th\u1ec3 B\u1ec7nh vi\u1ec7n \u0111\u1ea1t danh hi\u1ec7u T\u1eadp th\u1ec3 Lao \u0111\u1ed9ng xu\u1ea5t s\u1eafc: n\u0103m 2018; 2022.<\/span><\/p><p style=\"text-align: justify;\"><span style=\"color: #000000;\">&#8211; Ph\u00f2ng H\u00e0nh ch\u00ednh t\u1ed5 ch\u1ee9c: B\u1eb1ng khen c\u1ee7a UBND t\u1ec9nh H\u1ea3i D\u01b0\u01a1ng n\u0103m 2021; B\u1eb1ng khen c\u1ee7a B\u1ed9 tr\u01b0\u1edfng B\u1ed9 Y t\u1ebf n\u0103m 2021<\/span><\/p><p style=\"text-align: justify;\"><span style=\"color: #000000;\">&#8211; Khoa N\u1ed9i t\u1ed5ng h\u1ee3p: B\u1eb1ng khen c\u1ee7a B\u1ed9 tr\u01b0\u1edfng B\u1ed9 Y t\u1ebf n\u0103m 2021<\/span><\/p><p style=\"text-align: justify;\"><span style=\"color: #000000;\">&#8211; Ph\u00f2ng C\u00f4ng t\u00e1c x\u00e3 h\u1ed9i: B\u1eb1ng khen c\u1ee7a B\u1ed9 tr\u01b0\u1edfng B\u1ed9 Y t\u1ebf n\u0103m 2021<\/span><\/p><p style=\"text-align: justify;\"><span style=\"color: #000000;\">&#8211; Khoa Ki\u1ec3m so\u00e1t nhi\u1ec5m khu\u1ea9n<strong>:<\/strong> B\u1eb1ng khen c\u1ee7a B\u1ed9 tr\u01b0\u1edfng B\u1ed9 Y t\u1ebf n\u0103m 2021<\/span><\/p><p style=\"text-align: justify;\"><span style=\"color: #000000;\"><strong>C\u00e1 nh\u00e2n<\/strong><\/span><\/p><p style=\"text-align: justify;\"><span style=\"color: #000000;\">&#8211; B\u1eb1ng khen Th\u1ee7 t\u01b0\u1edbng ch\u00ednh ph\u1ee7 n\u0103m 2021: \u00a0\u00a0\u00a0\u00a0\u00a0\u00a0\u00a0\u00a0\u00a0\u00a0\u00a0\u00a0\u00a0 \u00a002 CBVC<\/span><\/p><p style=\"text-align: justify;\"><span style=\"color: #000000;\"><strong>&#8211; <\/strong>B\u1eb1ng khen c\u1ee7a C\u00f4ng \u0111o\u00e0n Y t\u1ebf Vi\u1ec7t Nam n\u0103m 2021: 44 CBVC<\/span><\/p><p style=\"text-align: justify;\"><span style=\"color: #000000;\">&#8211; B\u1eb1ng khen UBND t\u1ec9nh H\u1ea3i D\u01b0\u01a1ng n\u0103m 2021:\u00a0\u00a0\u00a0\u00a0\u00a0\u00a0\u00a0\u00a0\u00a0\u00a0\u00a0 15 CBVC<\/span><\/p><p style=\"text-align: justify;\"><span style=\"color: #000000;\">&#8211; 127 c\u00e1n b\u1ed9,vi\u00ean ch\u1ee9c B\u1ec7nh vi\u1ec7n \u0111\u01b0\u1ee3c B\u1ed9 tr\u01b0\u1edfng B\u1ed9 Y t\u1ebf v\u00e0 UBND c\u00e1c t\u1ec9nh, th\u00e0nh ph\u1ed1: B\u00ecnh D\u01b0\u01a1ng, B\u1eafc Ninh, B\u1eafc Giang, th\u00e0nh ph\u1ed1 H\u1ed3 Ch\u00ed Minh, th\u00e0nh ph\u1ed1 H\u00e0 N\u1ed9i t\u1eb7ng B\u1eb1ng khen v\u00ec c\u00f3 th\u00e0nh t\u00edch xu\u1ea5t s\u1eafc trong h\u1ed7 tr\u1ee3 c\u00f4ng t\u00e1c ph\u00f2ng ch\u1ed1ng d\u1ecbch Covid- 19.<\/span><\/p>\t\t\t\t\t\t\t\t<\/div>\n\t\t\t\t<\/div>\n\t\t\t\t\t<\/div>\n\t\t<\/div>\n\t\t\t\t\t<\/div>\n\t\t<\/section>\n\t\t\t\t<\/div>\n\t\t","protected":false},"excerpt":{"rendered":"<p>TH\u00c0NH T\u00cdCH THI \u0110UA KHEN TH\u01af\u1edeNG Danh hi\u1ec7u t\u1eadp th\u1ec3 &#8211; T\u1eadp th\u1ec3 B\u1ec7nh vi\u1ec7n: B\u1eb1ng khen c\u1ee7a Th\u1ee7 t\u01b0\u1edbng ch\u00ednh ph\u1ee7: \u00a0n\u0103m 2009 &#8211; T\u1eadp th\u1ec3 B\u1ec7nh vi\u1ec7n: B\u1eb1ng khen c\u1ee7a B\u1ed9 tr\u01b0\u1edfng B\u1ed9 Y t\u1ebf: \u00a0n\u0103m 2003, 2004, 2005, 2008, 2010, 2012, 2016, 2021). &#8211; T\u1eadp th\u1ec3 B\u1ec7nh vi\u1ec7n \u0111\u1ea1t danh hi\u1ec7u T\u1eadp[Xem ti\u00ea\u0301p&#8230;]\n","protected":false},"author":3,"featured_media":0,"parent":0,"menu_order":0,"comment_status":"closed","ping_status":"closed","template":"","meta":{"footnotes":""},"class_list":["post-3775","page","type-page","status-publish","hentry"],"yoast_head":"<!-- This site is optimized with the Yoast SEO plugin v27.2 - https:\/\/yoast.com\/product\/yoast-seo-wordpress\/ -->\n<title>Th\u00e0nh t\u00edch thi \u0111ua khen th\u01b0\u1edfng - B\u00ea\u0323nh vi\u00ea\u0323n Tr\u01b0\u01a1\u0300ng \u0110a\u0323i ho\u0323c Ky\u0303 thu\u00e2\u0323t Y t\u00ea\u0301 Ha\u0309i D\u01b0\u01a1ng<\/title>\n<meta name=\"robots\" content=\"index, follow, max-snippet:-1, max-image-preview:large, max-video-preview:-1\" \/>\n<link rel=\"canonical\" href=\"https:\/\/benhviendaihocyhaiduong.com\/?page_id=3775\" \/>\n<meta property=\"og:locale\" content=\"vi_VN\" \/>\n<meta property=\"og:type\" content=\"article\" \/>\n<meta property=\"og:title\" content=\"Th\u00e0nh t\u00edch thi \u0111ua khen th\u01b0\u1edfng - B\u00ea\u0323nh vi\u00ea\u0323n Tr\u01b0\u01a1\u0300ng \u0110a\u0323i ho\u0323c Ky\u0303 thu\u00e2\u0323t Y t\u00ea\u0301 Ha\u0309i D\u01b0\u01a1ng\" \/>\n<meta property=\"og:description\" content=\"TH\u00c0NH T\u00cdCH THI \u0110UA KHEN TH\u01af\u1edeNG Danh hi\u1ec7u t\u1eadp th\u1ec3 &#8211; T\u1eadp th\u1ec3 B\u1ec7nh vi\u1ec7n: B\u1eb1ng khen c\u1ee7a Th\u1ee7 t\u01b0\u1edbng ch\u00ednh ph\u1ee7: \u00a0n\u0103m 2009 &#8211; T\u1eadp th\u1ec3 B\u1ec7nh vi\u1ec7n: B\u1eb1ng khen c\u1ee7a B\u1ed9 tr\u01b0\u1edfng B\u1ed9 Y t\u1ebf: \u00a0n\u0103m 2003, 2004, 2005, 2008, 2010, 2012, 2016, 2021). &#8211; T\u1eadp th\u1ec3 B\u1ec7nh vi\u1ec7n \u0111\u1ea1t danh hi\u1ec7u T\u1eadp[Xem ti\u00ea\u0301p...]\" \/>\n<meta property=\"og:url\" content=\"https:\/\/benhviendaihocyhaiduong.com\/?page_id=3775\" \/>\n<meta property=\"og:site_name\" content=\"B\u00ea\u0323nh vi\u00ea\u0323n Tr\u01b0\u01a1\u0300ng \u0110a\u0323i ho\u0323c Ky\u0303 thu\u00e2\u0323t Y t\u00ea\u0301 Ha\u0309i D\u01b0\u01a1ng\" \/>\n<meta property=\"article:publisher\" content=\"https:\/\/www.facebook.com\/HMTUP\/\" \/>\n<meta property=\"article:modified_time\" content=\"2023-07-04T14:44:03+00:00\" \/>\n<meta name=\"twitter:card\" content=\"summary_large_image\" \/>\n<meta name=\"twitter:label1\" content=\"\u01af\u1edbc t\u00ednh th\u1eddi gian \u0111\u1ecdc\" \/>\n\t<meta name=\"twitter:data1\" content=\"2 ph\u00fat\" \/>\n<script type=\"application\/ld+json\" class=\"yoast-schema-graph\">{\"@context\":\"https:\/\/schema.org\",\"@graph\":[{\"@type\":\"WebPage\",\"@id\":\"https:\/\/benhviendaihocyhaiduong.com\/?page_id=3775\",\"url\":\"https:\/\/benhviendaihocyhaiduong.com\/?page_id=3775\",\"name\":\"Th\u00e0nh t\u00edch thi \u0111ua khen th\u01b0\u1edfng - B\u00ea\u0323nh vi\u00ea\u0323n Tr\u01b0\u01a1\u0300ng \u0110a\u0323i ho\u0323c Ky\u0303 thu\u00e2\u0323t Y t\u00ea\u0301 Ha\u0309i D\u01b0\u01a1ng\",\"isPartOf\":{\"@id\":\"https:\/\/benhviendaihocyhaiduong.com\/#website\"},\"datePublished\":\"2023-05-31T07:58:56+00:00\",\"dateModified\":\"2023-07-04T14:44:03+00:00\",\"breadcrumb\":{\"@id\":\"https:\/\/benhviendaihocyhaiduong.com\/?page_id=3775#breadcrumb\"},\"inLanguage\":\"vi\",\"potentialAction\":[{\"@type\":\"ReadAction\",\"target\":[\"https:\/\/benhviendaihocyhaiduong.com\/?page_id=3775\"]}]},{\"@type\":\"BreadcrumbList\",\"@id\":\"https:\/\/benhviendaihocyhaiduong.com\/?page_id=3775#breadcrumb\",\"itemListElement\":[{\"@type\":\"ListItem\",\"position\":1,\"name\":\"Trang ch\u1ee7\",\"item\":\"https:\/\/benhviendaihocyhaiduong.com\/\"},{\"@type\":\"ListItem\",\"position\":2,\"name\":\"Th\u00e0nh t\u00edch thi \u0111ua khen th\u01b0\u1edfng\"}]},{\"@type\":\"WebSite\",\"@id\":\"https:\/\/benhviendaihocyhaiduong.com\/#website\",\"url\":\"https:\/\/benhviendaihocyhaiduong.com\/\",\"name\":\"B\u00ea\u0323nh vi\u00ea\u0323n Tr\u01b0\u01a1\u0300ng \u0110a\u0323i ho\u0323c Ky\u0303 thu\u00e2\u0323t Y t\u00ea\u0301 Ha\u0309i D\u01b0\u01a1ng\",\"description\":\"T\u00e2m \u0111\u01b0\u0301c sa\u0301ng - Ky\u0303 thu\u00e2\u0323t cao, b\u00ea\u0323nh vi\u00ea\u0323n \u0111a\u0323i ho\u0323c y ha\u0309i d\u01b0\u01a1ng\",\"publisher\":{\"@id\":\"https:\/\/benhviendaihocyhaiduong.com\/#organization\"},\"potentialAction\":[{\"@type\":\"SearchAction\",\"target\":{\"@type\":\"EntryPoint\",\"urlTemplate\":\"https:\/\/benhviendaihocyhaiduong.com\/?s={search_term_string}\"},\"query-input\":{\"@type\":\"PropertyValueSpecification\",\"valueRequired\":true,\"valueName\":\"search_term_string\"}}],\"inLanguage\":\"vi\"},{\"@type\":\"Organization\",\"@id\":\"https:\/\/benhviendaihocyhaiduong.com\/#organization\",\"name\":\"B\u00ea\u0323nh vi\u00ea\u0323n Tr\u01b0\u01a1\u0300ng \u0110a\u0323i ho\u0323c Ky\u0303 thu\u00e2\u0323t Y t\u00ea\u0301 Ha\u0309i D\u01b0\u01a1ng\",\"url\":\"https:\/\/benhviendaihocyhaiduong.com\/\",\"logo\":{\"@type\":\"ImageObject\",\"inLanguage\":\"vi\",\"@id\":\"https:\/\/benhviendaihocyhaiduong.com\/#\/schema\/logo\/image\/\",\"url\":\"https:\/\/benhviendaihocyhaiduong.com\/wp-content\/uploads\/2023\/05\/logo-hmtu-1.jpg\",\"contentUrl\":\"https:\/\/benhviendaihocyhaiduong.com\/wp-content\/uploads\/2023\/05\/logo-hmtu-1.jpg\",\"width\":224,\"height\":225,\"caption\":\"B\u00ea\u0323nh vi\u00ea\u0323n Tr\u01b0\u01a1\u0300ng \u0110a\u0323i ho\u0323c Ky\u0303 thu\u00e2\u0323t Y t\u00ea\u0301 Ha\u0309i D\u01b0\u01a1ng\"},\"image\":{\"@id\":\"https:\/\/benhviendaihocyhaiduong.com\/#\/schema\/logo\/image\/\"},\"sameAs\":[\"https:\/\/www.facebook.com\/HMTUP\/\"]}]}<\/script>\n<!-- \/ Yoast SEO plugin. -->","yoast_head_json":{"title":"Th\u00e0nh t\u00edch thi \u0111ua khen th\u01b0\u1edfng - B\u00ea\u0323nh vi\u00ea\u0323n Tr\u01b0\u01a1\u0300ng \u0110a\u0323i ho\u0323c Ky\u0303 thu\u00e2\u0323t Y t\u00ea\u0301 Ha\u0309i D\u01b0\u01a1ng","robots":{"index":"index","follow":"follow","max-snippet":"max-snippet:-1","max-image-preview":"max-image-preview:large","max-video-preview":"max-video-preview:-1"},"canonical":"https:\/\/benhviendaihocyhaiduong.com\/?page_id=3775","og_locale":"vi_VN","og_type":"article","og_title":"Th\u00e0nh t\u00edch thi \u0111ua khen th\u01b0\u1edfng - B\u00ea\u0323nh vi\u00ea\u0323n Tr\u01b0\u01a1\u0300ng \u0110a\u0323i ho\u0323c Ky\u0303 thu\u00e2\u0323t Y t\u00ea\u0301 Ha\u0309i D\u01b0\u01a1ng","og_description":"TH\u00c0NH T\u00cdCH THI \u0110UA KHEN TH\u01af\u1edeNG Danh hi\u1ec7u t\u1eadp th\u1ec3 &#8211; T\u1eadp th\u1ec3 B\u1ec7nh vi\u1ec7n: B\u1eb1ng khen c\u1ee7a Th\u1ee7 t\u01b0\u1edbng ch\u00ednh ph\u1ee7: \u00a0n\u0103m 2009 &#8211; T\u1eadp th\u1ec3 B\u1ec7nh vi\u1ec7n: B\u1eb1ng khen c\u1ee7a B\u1ed9 tr\u01b0\u1edfng B\u1ed9 Y t\u1ebf: \u00a0n\u0103m 2003, 2004, 2005, 2008, 2010, 2012, 2016, 2021). &#8211; T\u1eadp th\u1ec3 B\u1ec7nh vi\u1ec7n \u0111\u1ea1t danh hi\u1ec7u T\u1eadp[Xem ti\u00ea\u0301p...]","og_url":"https:\/\/benhviendaihocyhaiduong.com\/?page_id=3775","og_site_name":"B\u00ea\u0323nh vi\u00ea\u0323n Tr\u01b0\u01a1\u0300ng \u0110a\u0323i ho\u0323c Ky\u0303 thu\u00e2\u0323t Y t\u00ea\u0301 Ha\u0309i D\u01b0\u01a1ng","article_publisher":"https:\/\/www.facebook.com\/HMTUP\/","article_modified_time":"2023-07-04T14:44:03+00:00","twitter_card":"summary_large_image","twitter_misc":{"\u01af\u1edbc t\u00ednh th\u1eddi gian \u0111\u1ecdc":"2 ph\u00fat"},"schema":{"@context":"https:\/\/schema.org","@graph":[{"@type":"WebPage","@id":"https:\/\/benhviendaihocyhaiduong.com\/?page_id=3775","url":"https:\/\/benhviendaihocyhaiduong.com\/?page_id=3775","name":"Th\u00e0nh t\u00edch thi \u0111ua khen th\u01b0\u1edfng - B\u00ea\u0323nh vi\u00ea\u0323n Tr\u01b0\u01a1\u0300ng \u0110a\u0323i ho\u0323c Ky\u0303 thu\u00e2\u0323t Y t\u00ea\u0301 Ha\u0309i D\u01b0\u01a1ng","isPartOf":{"@id":"https:\/\/benhviendaihocyhaiduong.com\/#website"},"datePublished":"2023-05-31T07:58:56+00:00","dateModified":"2023-07-04T14:44:03+00:00","breadcrumb":{"@id":"https:\/\/benhviendaihocyhaiduong.com\/?page_id=3775#breadcrumb"},"inLanguage":"vi","potentialAction":[{"@type":"ReadAction","target":["https:\/\/benhviendaihocyhaiduong.com\/?page_id=3775"]}]},{"@type":"BreadcrumbList","@id":"https:\/\/benhviendaihocyhaiduong.com\/?page_id=3775#breadcrumb","itemListElement":[{"@type":"ListItem","position":1,"name":"Trang ch\u1ee7","item":"https:\/\/benhviendaihocyhaiduong.com\/"},{"@type":"ListItem","position":2,"name":"Th\u00e0nh t\u00edch thi \u0111ua khen th\u01b0\u1edfng"}]},{"@type":"WebSite","@id":"https:\/\/benhviendaihocyhaiduong.com\/#website","url":"https:\/\/benhviendaihocyhaiduong.com\/","name":"B\u00ea\u0323nh vi\u00ea\u0323n Tr\u01b0\u01a1\u0300ng \u0110a\u0323i ho\u0323c Ky\u0303 thu\u00e2\u0323t Y t\u00ea\u0301 Ha\u0309i D\u01b0\u01a1ng","description":"T\u00e2m \u0111\u01b0\u0301c sa\u0301ng - Ky\u0303 thu\u00e2\u0323t cao, b\u00ea\u0323nh vi\u00ea\u0323n \u0111a\u0323i ho\u0323c y ha\u0309i d\u01b0\u01a1ng","publisher":{"@id":"https:\/\/benhviendaihocyhaiduong.com\/#organization"},"potentialAction":[{"@type":"SearchAction","target":{"@type":"EntryPoint","urlTemplate":"https:\/\/benhviendaihocyhaiduong.com\/?s={search_term_string}"},"query-input":{"@type":"PropertyValueSpecification","valueRequired":true,"valueName":"search_term_string"}}],"inLanguage":"vi"},{"@type":"Organization","@id":"https:\/\/benhviendaihocyhaiduong.com\/#organization","name":"B\u00ea\u0323nh vi\u00ea\u0323n Tr\u01b0\u01a1\u0300ng \u0110a\u0323i ho\u0323c Ky\u0303 thu\u00e2\u0323t Y t\u00ea\u0301 Ha\u0309i D\u01b0\u01a1ng","url":"https:\/\/benhviendaihocyhaiduong.com\/","logo":{"@type":"ImageObject","inLanguage":"vi","@id":"https:\/\/benhviendaihocyhaiduong.com\/#\/schema\/logo\/image\/","url":"https:\/\/benhviendaihocyhaiduong.com\/wp-content\/uploads\/2023\/05\/logo-hmtu-1.jpg","contentUrl":"https:\/\/benhviendaihocyhaiduong.com\/wp-content\/uploads\/2023\/05\/logo-hmtu-1.jpg","width":224,"height":225,"caption":"B\u00ea\u0323nh vi\u00ea\u0323n Tr\u01b0\u01a1\u0300ng \u0110a\u0323i ho\u0323c Ky\u0303 thu\u00e2\u0323t Y t\u00ea\u0301 Ha\u0309i D\u01b0\u01a1ng"},"image":{"@id":"https:\/\/benhviendaihocyhaiduong.com\/#\/schema\/logo\/image\/"},"sameAs":["https:\/\/www.facebook.com\/HMTUP\/"]}]}},"_links":{"self":[{"href":"https:\/\/benhviendaihocyhaiduong.com\/index.php?rest_route=\/wp\/v2\/pages\/3775","targetHints":{"allow":["GET"]}}],"collection":[{"href":"https:\/\/benhviendaihocyhaiduong.com\/index.php?rest_route=\/wp\/v2\/pages"}],"about":[{"href":"https:\/\/benhviendaihocyhaiduong.com\/index.php?rest_route=\/wp\/v2\/types\/page"}],"author":[{"embeddable":true,"href":"https:\/\/benhviendaihocyhaiduong.com\/index.php?rest_route=\/wp\/v2\/users\/3"}],"replies":[{"embeddable":true,"href":"https:\/\/benhviendaihocyhaiduong.com\/index.php?rest_route=%2Fwp%2Fv2%2Fcomments&post=3775"}],"version-history":[{"count":7,"href":"https:\/\/benhviendaihocyhaiduong.com\/index.php?rest_route=\/wp\/v2\/pages\/3775\/revisions"}],"predecessor-version":[{"id":5381,"href":"https:\/\/benhviendaihocyhaiduong.com\/index.php?rest_route=\/wp\/v2\/pages\/3775\/revisions\/5381"}],"wp:attachment":[{"href":"https:\/\/benhviendaihocyhaiduong.com\/index.php?rest_route=%2Fwp%2Fv2%2Fmedia&parent=3775"}],"curies":[{"name":"wp","href":"https:\/\/api.w.org\/{rel}","templated":true}]}}