{"id":5892,"date":"2023-07-14T02:53:05","date_gmt":"2023-07-14T02:53:05","guid":{"rendered":"https:\/\/benhviendaihocyhaiduong.com\/?page_id=5892"},"modified":"2025-01-09T21:51:19","modified_gmt":"2025-01-09T14:51:19","slug":"kham-suc-khoe","status":"publish","type":"page","link":"https:\/\/benhviendaihocyhaiduong.com\/?page_id=5892","title":{"rendered":"Kha\u0301m s\u01b0\u0301c kho\u0309e"},"content":{"rendered":"\t\t<div data-elementor-type=\"wp-page\" data-elementor-id=\"5892\" class=\"elementor elementor-5892\" data-elementor-post-type=\"page\">\n\t\t\t\t\t\t<section data-particle_enable=\"false\" data-particle-mobile-disabled=\"false\" class=\"elementor-section elementor-top-section elementor-element elementor-element-6e56b88 elementor-section-boxed elementor-section-height-default elementor-section-height-default\" data-id=\"6e56b88\" data-element_type=\"section\" data-e-type=\"section\">\n\t\t\t\t\t\t<div class=\"elementor-container elementor-column-gap-no\">\n\t\t\t\t\t<div class=\"elementor-column elementor-col-100 elementor-top-column elementor-element elementor-element-1de27a9\" data-id=\"1de27a9\" data-element_type=\"column\" data-e-type=\"column\">\n\t\t\t<div class=\"elementor-widget-wrap elementor-element-populated\">\n\t\t\t\t\t\t<div class=\"elementor-element elementor-element-8ae3b72 elementor-widget-divider--view-line_text elementor-widget-divider--element-align-center elementor-widget elementor-widget-divider\" data-id=\"8ae3b72\" data-element_type=\"widget\" data-e-type=\"widget\" data-widget_type=\"divider.default\">\n\t\t\t\t<div class=\"elementor-widget-container\">\n\t\t\t\t\t\t\t<div class=\"elementor-divider\">\n\t\t\t<span class=\"elementor-divider-separator\">\n\t\t\t\t\t\t\t<span class=\"elementor-divider__text elementor-divider__element\">\n\t\t\t\tDI\u0323CH VU\u0323 KHA\u0301M S\u01af\u0301C KHOE\u0309\t\t\t\t<\/span>\n\t\t\t\t\t\t<\/span>\n\t\t<\/div>\n\t\t\t\t\t\t<\/div>\n\t\t\t\t<\/div>\n\t\t\t\t\t<\/div>\n\t\t<\/div>\n\t\t\t\t\t<\/div>\n\t\t<\/section>\n\t\t\t\t<section data-particle_enable=\"false\" data-particle-mobile-disabled=\"false\" class=\"elementor-section elementor-top-section elementor-element elementor-element-009a7f6 elementor-section-boxed elementor-section-height-default elementor-section-height-default\" data-id=\"009a7f6\" data-element_type=\"section\" data-e-type=\"section\">\n\t\t\t\t\t\t<div class=\"elementor-container elementor-column-gap-default\">\n\t\t\t\t\t<div class=\"elementor-column elementor-col-100 elementor-top-column elementor-element elementor-element-fb99191\" data-id=\"fb99191\" data-element_type=\"column\" data-e-type=\"column\">\n\t\t\t<div class=\"elementor-widget-wrap elementor-element-populated\">\n\t\t\t\t\t\t<div class=\"elementor-element elementor-element-e9ecbc7 elementor-widget elementor-widget-text-editor\" data-id=\"e9ecbc7\" data-element_type=\"widget\" data-e-type=\"widget\" data-widget_type=\"text-editor.default\">\n\t\t\t\t<div class=\"elementor-widget-container\">\n\t\t\t\t\t\t\t\t\t<p style=\"text-align: justify;\"><span style=\"font-size: 100%; color: #000000; font-family: tahoma, arial, helvetica, sans-serif;\"><a href=\"https:\/\/benhviendaihocyhaiduong.com\/wp-content\/uploads\/2023\/07\/Kham-suc-khoe.jpg\"><img fetchpriority=\"high\" decoding=\"async\" class=\"alignleft wp-image-5895\" src=\"https:\/\/benhviendaihocyhaiduong.com\/wp-content\/uploads\/2023\/07\/Kham-suc-khoe-300x200.jpg\" alt=\"\" width=\"400\" height=\"267\" srcset=\"https:\/\/benhviendaihocyhaiduong.com\/wp-content\/uploads\/2023\/07\/Kham-suc-khoe-300x200.jpg 300w, https:\/\/benhviendaihocyhaiduong.com\/wp-content\/uploads\/2023\/07\/Kham-suc-khoe-1024x683.jpg 1024w, https:\/\/benhviendaihocyhaiduong.com\/wp-content\/uploads\/2023\/07\/Kham-suc-khoe-768x512.jpg 768w, https:\/\/benhviendaihocyhaiduong.com\/wp-content\/uploads\/2023\/07\/Kham-suc-khoe-1536x1024.jpg 1536w, https:\/\/benhviendaihocyhaiduong.com\/wp-content\/uploads\/2023\/07\/Kham-suc-khoe-2048x1366.jpg 2048w\" sizes=\"(max-width: 400px) 100vw, 400px\" \/><\/a>S\u1ee9c kh\u1ecfe l\u00e0 m\u00f3n qu\u00e0 v\u00f4 gi\u00e1 v\u00ec v\u1eady m\u1ed7i ng\u01b0\u1eddi chu\u0301ng ta c\u1ea7n c\u00f3 \u00fd th\u1ee9c ch\u0103m s\u00f3c v\u00e0 b\u1ea3o v\u1ec7 ch\u00fang, m\u1ed9t trong nh\u1eefng vi\u1ec7c b\u1ea1n c\u1ea7n l\u00e0m \u0111\u00f3 l\u00e0 \u0111i ki\u1ec3m tra s\u1ee9c kh\u1ecfe \u0111\u1ecbnh k\u1ef3, ch\u00fang gi\u1eef m\u1ed9t vai tr\u00f2 h\u1ebft s\u1ee9c quan tr\u1ecdng, vi\u1ec7c na\u0300y s\u1ebd gi\u00fap b\u1ea1n \u0111\u01b0\u1ee3c ch\u1ea9n \u0111o\u00e1n s\u1edbm nh\u1eefng c\u0103n b\u1ec7nh co\u0301 nguy c\u01a1 ti\u00ea\u0300m \u00e2\u0309n, ch\u00fang c\u00f3 th\u1ec3 xu\u1ea5t hi\u1ec7n do b\u1ecb \u1ea3nh h\u01b0\u1edfng b\u1edfi \u0111\u1eb7c th\u00f9 c\u00f4ng vi\u1ec7c, tho\u0301i quen do \u0103n u\u00f4\u0301ng, sinh hoa\u0323t &#8230; Trong qua\u0301 tri\u0300nh kha\u0301m n\u00ea\u0301u ph\u00e1t hi\u1ec7n s\u1edbm m\u00f4\u0323t s\u00f4\u0301 b\u00ea\u0323nh, b\u1ea1n s\u1ebd co\u0301 \u0111\u01b0\u01a1\u0323c nh\u1eefng ph\u01b0\u01a1ng \u00e1n \u0111i\u00ea\u0300u tri\u0323 h\u1ee3p l\u00fd, s\u1eafp x\u1ebfp l\u1ea1i c\u00f4ng vi\u1ec7c \u0111\u1ec3 h\u1ea1n ch\u1ebf nh\u1eefng \u1ea3nh h\u01b0\u1edfng x\u1ea5u \u0111\u1ed1i v\u1edbi s\u1ee9c kh\u1ecfe<\/span><\/p><p style=\"text-align: justify;\"><span style=\"font-size: 100%; color: #000000; font-family: tahoma, arial, helvetica, sans-serif;\">Do v\u00e2\u0323y vi\u00ea\u0323c ki\u1ec3m tra s\u1ee9c kh\u1ecfe \u0111\u1ecbnh k\u1ef3 l\u00e0 m\u1ed9t c\u00e1ch n\u00e2ng cao ch\u1ea5t l\u01b0\u1ee3ng \u0111\u1eddi s\u1ed1ng c\u1ee7a chu\u0301ng ta, \u0111\u1ea3m b\u1ea3o \u0111\u01b0\u1ee3c s\u1ee9c kh\u1ecfe t\u1ed1t nh\u1ea5t \u0111\u1ec3 g\u00f3p ph\u1ea7n ph\u00e1t tri\u1ec3n kinh t\u1ebf cho gia \u0111i\u0300nh, cho doanh nghi\u1ec7p, c\u01a1 quan n\u00f3i ri\u00eang v\u00e0 cho ca\u0309 x\u00e3 h\u1ed9i n\u00f3i chung.<\/span><\/p><p style=\"text-align: justify;\"><span style=\"font-size: 100%; color: #000000; font-family: tahoma, arial, helvetica, sans-serif;\">T\u01b0\u0300 nh\u01b0\u0303ng n\u0103m \u0111\u01b0\u01a1\u0323c tha\u0300nh l\u00e2\u0323p va\u0300 hoa\u0323t \u0111\u00f4\u0323ng t\u01a1\u0301i nay, Trung t\u00e2m kh\u00e1m s\u1ee9c kh\u1ecfe &#8211; B\u1ec7nh vi\u1ec7n \u0110a\u0323i ho\u0323c Y Ha\u0309i D\u01b0\u01a1ng \u0111a\u0303 va\u0300 \u0111ang th\u01b0\u0323c hi\u00ea\u0323n nhi\u00ea\u0300u ch\u01b0\u01a1ng tri\u0300nh kha\u0301m s\u01b0\u0301c kho\u0309e cho nhi\u00ea\u0300u ca\u0301 nh\u00e2n va\u0300 \u0111\u01a1n vi\u0323 trong va\u0300 ngoa\u0300i ti\u0309nh nh\u01b0:<\/span><\/p><ul><li style=\"text-align: justify;\"><span style=\"font-size: 100%; color: #000000; font-family: tahoma, arial, helvetica, sans-serif;\">Kh\u00e1m s\u1ee9c kh\u1ecfe cho ca\u0301 nh\u00e2n \u0111\u00ea\u0309 \u0111i l\u00e0m, \u0111i ho\u0323c, \u0111i c\u00f4ng ta\u0301c, \u0111i thi ho\u0103\u0323c \u0111\u00f4\u0309i b\u0103\u0300ng la\u0301i xe<\/span><\/li><li style=\"text-align: justify;\"><span style=\"font-size: 100%; color: #000000; font-family: tahoma, arial, helvetica, sans-serif;\">Kh\u00e1m s\u1ee9c kh\u1ecfe \u0111\u00ea\u0309 n\u1ed9p h\u1ed3 s\u01a1 xin vi\u1ec7c<\/span><\/li><li style=\"text-align: justify;\"><span style=\"font-size: 100%; color: #000000; font-family: tahoma, arial, helvetica, sans-serif;\">Kha\u0301m s\u01b0\u0301c kho\u0309e \u0111i\u0323nh ky\u0300 cho doanh nghi\u00ea\u0323p, c\u01a1 quan<\/span><\/li><li style=\"text-align: justify;\"><span style=\"font-size: 100%; color: #000000; font-family: tahoma, arial, helvetica, sans-serif;\">Kha\u0301m s\u01b0\u0301c kho\u0309e theo y\u00eau c\u00e2\u0300u cu\u0309a ca\u0301c ca\u0301 nh\u00e2n t\u00f4\u0309 ch\u01b0\u0301c va\u0300 doanh nghi\u00ea\u0323p<\/span><\/li><\/ul><p style=\"text-align: justify;\"><span style=\"font-size: 100%; color: #000000; font-family: tahoma, arial, helvetica, sans-serif;\">Trung t\u00e2m kh\u00e1m s\u1ee9c kh\u1ecfe &#8211; B\u1ec7nh vi\u1ec7n \u0110a\u0323i ho\u0323c Y Ha\u0309i D\u01b0\u01a1ng r\u1ea5t mong \u0111\u01b0\u01a1\u0323c h\u1ee3p t\u00e1c t\u1eeb Quy\u0301 Kha\u0301ch ha\u0300ng.<\/span><\/p><p style=\"text-align: justify;\"><span style=\"font-size: 100%; color: #000000; font-family: tahoma, arial, helvetica, sans-serif;\">Mo\u0323i th\u00f4ng tin chi ti\u00ea\u0301t xin vui lo\u0300ng li\u00ean h\u00ea\u0323 hotline <a style=\"color: #000000;\" href=\"tel:%200972631438\">097 2631438<\/a> \u0111\u00ea\u0309 \u0111\u01b0\u01a1\u0323c t\u01b0 v\u00e2\u0301n va\u0300 phu\u0323c vu\u0323<\/span><\/p>\t\t\t\t\t\t\t\t<\/div>\n\t\t\t\t<\/div>\n\t\t\t\t\t<\/div>\n\t\t<\/div>\n\t\t\t\t\t<\/div>\n\t\t<\/section>\n\t\t\t\t<\/div>\n\t\t","protected":false},"excerpt":{"rendered":"<p>DI\u0323CH VU\u0323 KHA\u0301M S\u01af\u0301C KHOE\u0309 S\u1ee9c kh\u1ecfe l\u00e0 m\u00f3n qu\u00e0 v\u00f4 gi\u00e1 v\u00ec v\u1eady m\u1ed7i ng\u01b0\u1eddi chu\u0301ng ta c\u1ea7n c\u00f3 \u00fd th\u1ee9c ch\u0103m s\u00f3c v\u00e0 b\u1ea3o v\u1ec7 ch\u00fang, m\u1ed9t trong nh\u1eefng vi\u1ec7c b\u1ea1n c\u1ea7n l\u00e0m \u0111\u00f3 l\u00e0 \u0111i ki\u1ec3m tra s\u1ee9c kh\u1ecfe \u0111\u1ecbnh k\u1ef3, ch\u00fang gi\u1eef m\u1ed9t vai tr\u00f2 h\u1ebft s\u1ee9c quan tr\u1ecdng, vi\u1ec7c na\u0300y[Xem ti\u00ea\u0301p&#8230;]\n","protected":false},"author":3,"featured_media":0,"parent":0,"menu_order":0,"comment_status":"closed","ping_status":"closed","template":"","meta":{"footnotes":""},"class_list":["post-5892","page","type-page","status-publish","hentry"],"yoast_head":"<!-- This site is optimized with the Yoast SEO plugin v27.2 - https:\/\/yoast.com\/product\/yoast-seo-wordpress\/ -->\n<title>Kha\u0301m s\u01b0\u0301c kho\u0309e - B\u00ea\u0323nh vi\u00ea\u0323n Tr\u01b0\u01a1\u0300ng \u0110a\u0323i ho\u0323c Ky\u0303 thu\u00e2\u0323t Y t\u00ea\u0301 Ha\u0309i D\u01b0\u01a1ng<\/title>\n<meta name=\"robots\" content=\"index, follow, max-snippet:-1, max-image-preview:large, max-video-preview:-1\" \/>\n<link rel=\"canonical\" href=\"https:\/\/benhviendaihocyhaiduong.com\/?page_id=5892\" \/>\n<meta property=\"og:locale\" content=\"vi_VN\" \/>\n<meta property=\"og:type\" content=\"article\" \/>\n<meta property=\"og:title\" content=\"Kha\u0301m s\u01b0\u0301c kho\u0309e - B\u00ea\u0323nh vi\u00ea\u0323n Tr\u01b0\u01a1\u0300ng \u0110a\u0323i ho\u0323c Ky\u0303 thu\u00e2\u0323t Y t\u00ea\u0301 Ha\u0309i D\u01b0\u01a1ng\" \/>\n<meta property=\"og:description\" content=\"DI\u0323CH VU\u0323 KHA\u0301M S\u01af\u0301C KHOE\u0309 S\u1ee9c kh\u1ecfe l\u00e0 m\u00f3n qu\u00e0 v\u00f4 gi\u00e1 v\u00ec v\u1eady m\u1ed7i ng\u01b0\u1eddi chu\u0301ng ta c\u1ea7n c\u00f3 \u00fd th\u1ee9c ch\u0103m s\u00f3c v\u00e0 b\u1ea3o v\u1ec7 ch\u00fang, m\u1ed9t trong nh\u1eefng vi\u1ec7c b\u1ea1n c\u1ea7n l\u00e0m \u0111\u00f3 l\u00e0 \u0111i ki\u1ec3m tra s\u1ee9c kh\u1ecfe \u0111\u1ecbnh k\u1ef3, ch\u00fang gi\u1eef m\u1ed9t vai tr\u00f2 h\u1ebft s\u1ee9c quan tr\u1ecdng, vi\u1ec7c na\u0300y[Xem ti\u00ea\u0301p...]\" \/>\n<meta property=\"og:url\" content=\"https:\/\/benhviendaihocyhaiduong.com\/?page_id=5892\" \/>\n<meta property=\"og:site_name\" content=\"B\u00ea\u0323nh vi\u00ea\u0323n Tr\u01b0\u01a1\u0300ng \u0110a\u0323i ho\u0323c Ky\u0303 thu\u00e2\u0323t Y t\u00ea\u0301 Ha\u0309i D\u01b0\u01a1ng\" \/>\n<meta property=\"article:publisher\" content=\"https:\/\/www.facebook.com\/HMTUP\/\" \/>\n<meta property=\"article:modified_time\" content=\"2025-01-09T14:51:19+00:00\" \/>\n<meta property=\"og:image\" content=\"https:\/\/benhviendaihocyhaiduong.com\/wp-content\/uploads\/2023\/07\/Kham-suc-khoe.jpg\" \/>\n\t<meta property=\"og:image:width\" content=\"2362\" \/>\n\t<meta property=\"og:image:height\" content=\"1575\" \/>\n\t<meta property=\"og:image:type\" content=\"image\/jpeg\" \/>\n<meta name=\"twitter:card\" content=\"summary_large_image\" \/>\n<meta name=\"twitter:label1\" content=\"\u01af\u1edbc t\u00ednh th\u1eddi gian \u0111\u1ecdc\" \/>\n\t<meta name=\"twitter:data1\" content=\"2 ph\u00fat\" \/>\n<script type=\"application\/ld+json\" class=\"yoast-schema-graph\">{\"@context\":\"https:\/\/schema.org\",\"@graph\":[{\"@type\":\"WebPage\",\"@id\":\"https:\/\/benhviendaihocyhaiduong.com\/?page_id=5892\",\"url\":\"https:\/\/benhviendaihocyhaiduong.com\/?page_id=5892\",\"name\":\"Kha\u0301m s\u01b0\u0301c kho\u0309e - B\u00ea\u0323nh vi\u00ea\u0323n Tr\u01b0\u01a1\u0300ng \u0110a\u0323i ho\u0323c Ky\u0303 thu\u00e2\u0323t Y t\u00ea\u0301 Ha\u0309i D\u01b0\u01a1ng\",\"isPartOf\":{\"@id\":\"https:\/\/benhviendaihocyhaiduong.com\/#website\"},\"primaryImageOfPage\":{\"@id\":\"https:\/\/benhviendaihocyhaiduong.com\/?page_id=5892#primaryimage\"},\"image\":{\"@id\":\"https:\/\/benhviendaihocyhaiduong.com\/?page_id=5892#primaryimage\"},\"thumbnailUrl\":\"https:\/\/benhviendaihocyhaiduong.com\/wp-content\/uploads\/2023\/07\/Kham-suc-khoe-300x200.jpg\",\"datePublished\":\"2023-07-14T02:53:05+00:00\",\"dateModified\":\"2025-01-09T14:51:19+00:00\",\"breadcrumb\":{\"@id\":\"https:\/\/benhviendaihocyhaiduong.com\/?page_id=5892#breadcrumb\"},\"inLanguage\":\"vi\",\"potentialAction\":[{\"@type\":\"ReadAction\",\"target\":[\"https:\/\/benhviendaihocyhaiduong.com\/?page_id=5892\"]}]},{\"@type\":\"ImageObject\",\"inLanguage\":\"vi\",\"@id\":\"https:\/\/benhviendaihocyhaiduong.com\/?page_id=5892#primaryimage\",\"url\":\"https:\/\/benhviendaihocyhaiduong.com\/wp-content\/uploads\/2023\/07\/Kham-suc-khoe.jpg\",\"contentUrl\":\"https:\/\/benhviendaihocyhaiduong.com\/wp-content\/uploads\/2023\/07\/Kham-suc-khoe.jpg\",\"width\":2362,\"height\":1575},{\"@type\":\"BreadcrumbList\",\"@id\":\"https:\/\/benhviendaihocyhaiduong.com\/?page_id=5892#breadcrumb\",\"itemListElement\":[{\"@type\":\"ListItem\",\"position\":1,\"name\":\"Trang ch\u1ee7\",\"item\":\"https:\/\/benhviendaihocyhaiduong.com\/\"},{\"@type\":\"ListItem\",\"position\":2,\"name\":\"Kha\u0301m s\u01b0\u0301c kho\u0309e\"}]},{\"@type\":\"WebSite\",\"@id\":\"https:\/\/benhviendaihocyhaiduong.com\/#website\",\"url\":\"https:\/\/benhviendaihocyhaiduong.com\/\",\"name\":\"B\u00ea\u0323nh vi\u00ea\u0323n Tr\u01b0\u01a1\u0300ng \u0110a\u0323i ho\u0323c Ky\u0303 thu\u00e2\u0323t Y t\u00ea\u0301 Ha\u0309i D\u01b0\u01a1ng\",\"description\":\"T\u00e2m \u0111\u01b0\u0301c sa\u0301ng - Ky\u0303 thu\u00e2\u0323t cao, b\u00ea\u0323nh vi\u00ea\u0323n \u0111a\u0323i ho\u0323c y ha\u0309i d\u01b0\u01a1ng\",\"publisher\":{\"@id\":\"https:\/\/benhviendaihocyhaiduong.com\/#organization\"},\"potentialAction\":[{\"@type\":\"SearchAction\",\"target\":{\"@type\":\"EntryPoint\",\"urlTemplate\":\"https:\/\/benhviendaihocyhaiduong.com\/?s={search_term_string}\"},\"query-input\":{\"@type\":\"PropertyValueSpecification\",\"valueRequired\":true,\"valueName\":\"search_term_string\"}}],\"inLanguage\":\"vi\"},{\"@type\":\"Organization\",\"@id\":\"https:\/\/benhviendaihocyhaiduong.com\/#organization\",\"name\":\"B\u00ea\u0323nh vi\u00ea\u0323n Tr\u01b0\u01a1\u0300ng \u0110a\u0323i ho\u0323c Ky\u0303 thu\u00e2\u0323t Y t\u00ea\u0301 Ha\u0309i D\u01b0\u01a1ng\",\"url\":\"https:\/\/benhviendaihocyhaiduong.com\/\",\"logo\":{\"@type\":\"ImageObject\",\"inLanguage\":\"vi\",\"@id\":\"https:\/\/benhviendaihocyhaiduong.com\/#\/schema\/logo\/image\/\",\"url\":\"https:\/\/benhviendaihocyhaiduong.com\/wp-content\/uploads\/2023\/05\/logo-hmtu-1.jpg\",\"contentUrl\":\"https:\/\/benhviendaihocyhaiduong.com\/wp-content\/uploads\/2023\/05\/logo-hmtu-1.jpg\",\"width\":224,\"height\":225,\"caption\":\"B\u00ea\u0323nh vi\u00ea\u0323n Tr\u01b0\u01a1\u0300ng \u0110a\u0323i ho\u0323c Ky\u0303 thu\u00e2\u0323t Y t\u00ea\u0301 Ha\u0309i D\u01b0\u01a1ng\"},\"image\":{\"@id\":\"https:\/\/benhviendaihocyhaiduong.com\/#\/schema\/logo\/image\/\"},\"sameAs\":[\"https:\/\/www.facebook.com\/HMTUP\/\"]}]}<\/script>\n<!-- \/ Yoast SEO plugin. -->","yoast_head_json":{"title":"Kha\u0301m s\u01b0\u0301c kho\u0309e - B\u00ea\u0323nh vi\u00ea\u0323n Tr\u01b0\u01a1\u0300ng \u0110a\u0323i ho\u0323c Ky\u0303 thu\u00e2\u0323t Y t\u00ea\u0301 Ha\u0309i D\u01b0\u01a1ng","robots":{"index":"index","follow":"follow","max-snippet":"max-snippet:-1","max-image-preview":"max-image-preview:large","max-video-preview":"max-video-preview:-1"},"canonical":"https:\/\/benhviendaihocyhaiduong.com\/?page_id=5892","og_locale":"vi_VN","og_type":"article","og_title":"Kha\u0301m s\u01b0\u0301c kho\u0309e - B\u00ea\u0323nh vi\u00ea\u0323n Tr\u01b0\u01a1\u0300ng \u0110a\u0323i ho\u0323c Ky\u0303 thu\u00e2\u0323t Y t\u00ea\u0301 Ha\u0309i D\u01b0\u01a1ng","og_description":"DI\u0323CH VU\u0323 KHA\u0301M S\u01af\u0301C KHOE\u0309 S\u1ee9c kh\u1ecfe l\u00e0 m\u00f3n qu\u00e0 v\u00f4 gi\u00e1 v\u00ec v\u1eady m\u1ed7i ng\u01b0\u1eddi chu\u0301ng ta c\u1ea7n c\u00f3 \u00fd th\u1ee9c ch\u0103m s\u00f3c v\u00e0 b\u1ea3o v\u1ec7 ch\u00fang, m\u1ed9t trong nh\u1eefng vi\u1ec7c b\u1ea1n c\u1ea7n l\u00e0m \u0111\u00f3 l\u00e0 \u0111i ki\u1ec3m tra s\u1ee9c kh\u1ecfe \u0111\u1ecbnh k\u1ef3, ch\u00fang gi\u1eef m\u1ed9t vai tr\u00f2 h\u1ebft s\u1ee9c quan tr\u1ecdng, vi\u1ec7c na\u0300y[Xem ti\u00ea\u0301p...]","og_url":"https:\/\/benhviendaihocyhaiduong.com\/?page_id=5892","og_site_name":"B\u00ea\u0323nh vi\u00ea\u0323n Tr\u01b0\u01a1\u0300ng \u0110a\u0323i ho\u0323c Ky\u0303 thu\u00e2\u0323t Y t\u00ea\u0301 Ha\u0309i D\u01b0\u01a1ng","article_publisher":"https:\/\/www.facebook.com\/HMTUP\/","article_modified_time":"2025-01-09T14:51:19+00:00","og_image":[{"width":2362,"height":1575,"url":"https:\/\/benhviendaihocyhaiduong.com\/wp-content\/uploads\/2023\/07\/Kham-suc-khoe.jpg","type":"image\/jpeg"}],"twitter_card":"summary_large_image","twitter_misc":{"\u01af\u1edbc t\u00ednh th\u1eddi gian \u0111\u1ecdc":"2 ph\u00fat"},"schema":{"@context":"https:\/\/schema.org","@graph":[{"@type":"WebPage","@id":"https:\/\/benhviendaihocyhaiduong.com\/?page_id=5892","url":"https:\/\/benhviendaihocyhaiduong.com\/?page_id=5892","name":"Kha\u0301m s\u01b0\u0301c kho\u0309e - B\u00ea\u0323nh vi\u00ea\u0323n Tr\u01b0\u01a1\u0300ng \u0110a\u0323i ho\u0323c Ky\u0303 thu\u00e2\u0323t Y t\u00ea\u0301 Ha\u0309i D\u01b0\u01a1ng","isPartOf":{"@id":"https:\/\/benhviendaihocyhaiduong.com\/#website"},"primaryImageOfPage":{"@id":"https:\/\/benhviendaihocyhaiduong.com\/?page_id=5892#primaryimage"},"image":{"@id":"https:\/\/benhviendaihocyhaiduong.com\/?page_id=5892#primaryimage"},"thumbnailUrl":"https:\/\/benhviendaihocyhaiduong.com\/wp-content\/uploads\/2023\/07\/Kham-suc-khoe-300x200.jpg","datePublished":"2023-07-14T02:53:05+00:00","dateModified":"2025-01-09T14:51:19+00:00","breadcrumb":{"@id":"https:\/\/benhviendaihocyhaiduong.com\/?page_id=5892#breadcrumb"},"inLanguage":"vi","potentialAction":[{"@type":"ReadAction","target":["https:\/\/benhviendaihocyhaiduong.com\/?page_id=5892"]}]},{"@type":"ImageObject","inLanguage":"vi","@id":"https:\/\/benhviendaihocyhaiduong.com\/?page_id=5892#primaryimage","url":"https:\/\/benhviendaihocyhaiduong.com\/wp-content\/uploads\/2023\/07\/Kham-suc-khoe.jpg","contentUrl":"https:\/\/benhviendaihocyhaiduong.com\/wp-content\/uploads\/2023\/07\/Kham-suc-khoe.jpg","width":2362,"height":1575},{"@type":"BreadcrumbList","@id":"https:\/\/benhviendaihocyhaiduong.com\/?page_id=5892#breadcrumb","itemListElement":[{"@type":"ListItem","position":1,"name":"Trang ch\u1ee7","item":"https:\/\/benhviendaihocyhaiduong.com\/"},{"@type":"ListItem","position":2,"name":"Kha\u0301m s\u01b0\u0301c kho\u0309e"}]},{"@type":"WebSite","@id":"https:\/\/benhviendaihocyhaiduong.com\/#website","url":"https:\/\/benhviendaihocyhaiduong.com\/","name":"B\u00ea\u0323nh vi\u00ea\u0323n Tr\u01b0\u01a1\u0300ng \u0110a\u0323i ho\u0323c Ky\u0303 thu\u00e2\u0323t Y t\u00ea\u0301 Ha\u0309i D\u01b0\u01a1ng","description":"T\u00e2m \u0111\u01b0\u0301c sa\u0301ng - Ky\u0303 thu\u00e2\u0323t cao, b\u00ea\u0323nh vi\u00ea\u0323n \u0111a\u0323i ho\u0323c y ha\u0309i d\u01b0\u01a1ng","publisher":{"@id":"https:\/\/benhviendaihocyhaiduong.com\/#organization"},"potentialAction":[{"@type":"SearchAction","target":{"@type":"EntryPoint","urlTemplate":"https:\/\/benhviendaihocyhaiduong.com\/?s={search_term_string}"},"query-input":{"@type":"PropertyValueSpecification","valueRequired":true,"valueName":"search_term_string"}}],"inLanguage":"vi"},{"@type":"Organization","@id":"https:\/\/benhviendaihocyhaiduong.com\/#organization","name":"B\u00ea\u0323nh vi\u00ea\u0323n Tr\u01b0\u01a1\u0300ng \u0110a\u0323i ho\u0323c Ky\u0303 thu\u00e2\u0323t Y t\u00ea\u0301 Ha\u0309i D\u01b0\u01a1ng","url":"https:\/\/benhviendaihocyhaiduong.com\/","logo":{"@type":"ImageObject","inLanguage":"vi","@id":"https:\/\/benhviendaihocyhaiduong.com\/#\/schema\/logo\/image\/","url":"https:\/\/benhviendaihocyhaiduong.com\/wp-content\/uploads\/2023\/05\/logo-hmtu-1.jpg","contentUrl":"https:\/\/benhviendaihocyhaiduong.com\/wp-content\/uploads\/2023\/05\/logo-hmtu-1.jpg","width":224,"height":225,"caption":"B\u00ea\u0323nh vi\u00ea\u0323n Tr\u01b0\u01a1\u0300ng \u0110a\u0323i ho\u0323c Ky\u0303 thu\u00e2\u0323t Y t\u00ea\u0301 Ha\u0309i D\u01b0\u01a1ng"},"image":{"@id":"https:\/\/benhviendaihocyhaiduong.com\/#\/schema\/logo\/image\/"},"sameAs":["https:\/\/www.facebook.com\/HMTUP\/"]}]}},"_links":{"self":[{"href":"https:\/\/benhviendaihocyhaiduong.com\/index.php?rest_route=\/wp\/v2\/pages\/5892","targetHints":{"allow":["GET"]}}],"collection":[{"href":"https:\/\/benhviendaihocyhaiduong.com\/index.php?rest_route=\/wp\/v2\/pages"}],"about":[{"href":"https:\/\/benhviendaihocyhaiduong.com\/index.php?rest_route=\/wp\/v2\/types\/page"}],"author":[{"embeddable":true,"href":"https:\/\/benhviendaihocyhaiduong.com\/index.php?rest_route=\/wp\/v2\/users\/3"}],"replies":[{"embeddable":true,"href":"https:\/\/benhviendaihocyhaiduong.com\/index.php?rest_route=%2Fwp%2Fv2%2Fcomments&post=5892"}],"version-history":[{"count":25,"href":"https:\/\/benhviendaihocyhaiduong.com\/index.php?rest_route=\/wp\/v2\/pages\/5892\/revisions"}],"predecessor-version":[{"id":14522,"href":"https:\/\/benhviendaihocyhaiduong.com\/index.php?rest_route=\/wp\/v2\/pages\/5892\/revisions\/14522"}],"wp:attachment":[{"href":"https:\/\/benhviendaihocyhaiduong.com\/index.php?rest_route=%2Fwp%2Fv2%2Fmedia&parent=5892"}],"curies":[{"name":"wp","href":"https:\/\/api.w.org\/{rel}","templated":true}]}}