{"id":7507,"date":"2023-07-24T22:00:39","date_gmt":"2023-07-24T15:00:39","guid":{"rendered":"https:\/\/benhviendaihocyhaiduong.com\/?page_id=7507"},"modified":"2025-03-25T22:15:57","modified_gmt":"2025-03-25T15:15:57","slug":"form-phan-hoi-khach-hang","status":"publish","type":"page","link":"https:\/\/benhviendaihocyhaiduong.com\/?page_id=7507","title":{"rendered":"Form pha\u0309n h\u00f4\u0300i kha\u0301ch ha\u0300ng"},"content":{"rendered":"\t\t<div data-elementor-type=\"wp-page\" data-elementor-id=\"7507\" class=\"elementor elementor-7507\" data-elementor-post-type=\"page\">\n\t\t\t\t\t\t<section data-particle_enable=\"false\" data-particle-mobile-disabled=\"false\" class=\"elementor-section elementor-top-section elementor-element elementor-element-1a9abd9 elementor-section-boxed elementor-section-height-default elementor-section-height-default\" data-id=\"1a9abd9\" data-element_type=\"section\" data-e-type=\"section\">\n\t\t\t\t\t\t<div class=\"elementor-container elementor-column-gap-no\">\n\t\t\t\t\t<div class=\"elementor-column elementor-col-100 elementor-top-column elementor-element elementor-element-4be22d5\" data-id=\"4be22d5\" data-element_type=\"column\" data-e-type=\"column\">\n\t\t\t<div class=\"elementor-widget-wrap elementor-element-populated\">\n\t\t\t\t\t\t<div class=\"elementor-element elementor-element-fbbf2d5 elementor-widget-divider--view-line_text elementor-widget-divider--element-align-center elementor-widget elementor-widget-divider\" data-id=\"fbbf2d5\" data-element_type=\"widget\" data-e-type=\"widget\" data-widget_type=\"divider.default\">\n\t\t\t\t<div class=\"elementor-widget-container\">\n\t\t\t\t\t\t\t<div class=\"elementor-divider\">\n\t\t\t<span class=\"elementor-divider-separator\">\n\t\t\t\t\t\t\t<span class=\"elementor-divider__text elementor-divider__element\">\n\t\t\t\tPHA\u0309N H\u00d4\u0300I KHA\u0301CH HA\u0300NG\t\t\t\t<\/span>\n\t\t\t\t\t\t<\/span>\n\t\t<\/div>\n\t\t\t\t\t\t<\/div>\n\t\t\t\t<\/div>\n\t\t\t\t\t<\/div>\n\t\t<\/div>\n\t\t\t\t\t<\/div>\n\t\t<\/section>\n\t\t\t\t<section data-particle_enable=\"false\" data-particle-mobile-disabled=\"false\" class=\"elementor-section elementor-top-section elementor-element elementor-element-2b8eab4 elementor-section-boxed elementor-section-height-default elementor-section-height-default\" data-id=\"2b8eab4\" data-element_type=\"section\" data-e-type=\"section\">\n\t\t\t\t\t\t<div class=\"elementor-container elementor-column-gap-custom\">\n\t\t\t\t\t<div class=\"elementor-column elementor-col-50 elementor-top-column elementor-element elementor-element-6d6a618\" data-id=\"6d6a618\" data-element_type=\"column\" data-e-type=\"column\">\n\t\t\t<div class=\"elementor-widget-wrap elementor-element-populated\">\n\t\t\t\t\t\t<div class=\"elementor-element elementor-element-2f31cc8 elementor-widget elementor-widget-text-editor\" data-id=\"2f31cc8\" data-element_type=\"widget\" data-e-type=\"widget\" data-widget_type=\"text-editor.default\">\n\t\t\t\t<div class=\"elementor-widget-container\">\n\t\t\t\t\t\t\t\t\t<p style=\"text-align: justify;\"><span style=\"font-size: 100%; color: #800000; font-family: tahoma, arial, helvetica, sans-serif;\"><em><strong><img decoding=\"async\" class=\"alignnone wp-image-101\" src=\"https:\/\/benhviendaihocyhaiduong.com\/wp-content\/uploads\/2022\/09\/cam-ke\u0301t.png\" alt=\"\" width=\"25\" height=\"25\" srcset=\"https:\/\/benhviendaihocyhaiduong.com\/wp-content\/uploads\/2022\/09\/cam-ke\u0301t.png 225w, https:\/\/benhviendaihocyhaiduong.com\/wp-content\/uploads\/2022\/09\/cam-ke\u0301t-100x100.png 100w, https:\/\/benhviendaihocyhaiduong.com\/wp-content\/uploads\/2022\/09\/cam-ke\u0301t-150x150.png 150w, https:\/\/benhviendaihocyhaiduong.com\/wp-content\/uploads\/2022\/09\/cam-ke\u0301t-45x45.png 45w\" sizes=\"(max-width: 25px) 100vw, 25px\" \/>Nh\u0103\u0300m mu\u0323c ti\u00eau n\u00e2ng cao ch\u00e2\u0301t l\u01b0\u01a1\u0323ng kha\u0301m, ch\u01b0\u0303a b\u00ea\u0323nh, \u0111a\u0301p \u01b0\u0301ng s\u01b0\u0323 ha\u0300i lo\u0300ng cu\u0309a kha\u0301ch ha\u0300ng, chu\u0301ng t\u00f4i r\u00e2\u0301t mong nh\u00e2\u0323n \u0111\u01b0\u01a1\u0323c mo\u0323i go\u0301p y\u0301 pha\u0309n h\u00f4\u0300i cu\u0309a Quy\u0301 kha\u0301ch ha\u0300ng.<\/strong><\/em><\/span><\/p><p style=\"text-align: justify;\"><span style=\"font-size: 100%; color: #800000; font-family: tahoma, arial, helvetica, sans-serif;\"><em><strong><img decoding=\"async\" class=\"alignnone wp-image-101\" src=\"https:\/\/benhviendaihocyhaiduong.com\/wp-content\/uploads\/2022\/09\/cam-ke\u0301t.png\" alt=\"\" width=\"25\" height=\"25\" srcset=\"https:\/\/benhviendaihocyhaiduong.com\/wp-content\/uploads\/2022\/09\/cam-ke\u0301t.png 225w, https:\/\/benhviendaihocyhaiduong.com\/wp-content\/uploads\/2022\/09\/cam-ke\u0301t-100x100.png 100w, https:\/\/benhviendaihocyhaiduong.com\/wp-content\/uploads\/2022\/09\/cam-ke\u0301t-150x150.png 150w, https:\/\/benhviendaihocyhaiduong.com\/wp-content\/uploads\/2022\/09\/cam-ke\u0301t-45x45.png 45w\" sizes=\"(max-width: 25px) 100vw, 25px\" \/>Ca\u0301c y\u0301 ki\u00ea\u0301n quy\u0301 ba\u0301u na\u0300y se\u0303 giu\u0301p chu\u0301ng t\u00f4i kh\u0103\u0301c khu\u0323c kho\u0301 kh\u0103n, t\u01b0\u0300ng b\u01b0\u01a1\u0301c ca\u0309i ti\u00ea\u0301n ch\u00e2\u0301t l\u01b0\u01a1\u0323ng \u0111\u00ea\u0309 phu\u0323c vu\u0323 ng\u01b0\u01a1\u0300i d\u00e2n nga\u0300y m\u00f4\u0323t t\u00f4\u0301t h\u01a1n.<\/strong><\/em><\/span><\/p><p><span style=\"font-size: 100%; color: #800000; font-family: tahoma, arial, helvetica, sans-serif;\"><em><strong><img decoding=\"async\" class=\"alignnone wp-image-101\" src=\"https:\/\/benhviendaihocyhaiduong.com\/wp-content\/uploads\/2022\/09\/cam-ke\u0301t.png\" alt=\"\" width=\"25\" height=\"25\" srcset=\"https:\/\/benhviendaihocyhaiduong.com\/wp-content\/uploads\/2022\/09\/cam-ke\u0301t.png 225w, https:\/\/benhviendaihocyhaiduong.com\/wp-content\/uploads\/2022\/09\/cam-ke\u0301t-100x100.png 100w, https:\/\/benhviendaihocyhaiduong.com\/wp-content\/uploads\/2022\/09\/cam-ke\u0301t-150x150.png 150w, https:\/\/benhviendaihocyhaiduong.com\/wp-content\/uploads\/2022\/09\/cam-ke\u0301t-45x45.png 45w\" sizes=\"(max-width: 25px) 100vw, 25px\" \/>Ca\u0301c th\u00f4ng tin cu\u0309a Quy\u0301 kha\u0301ch ha\u0300ng chu\u0301ng t\u00f4i cam k\u00ea\u0301t gi\u01b0\u0303 ki\u0301n va\u0300 ba\u0309o m\u00e2\u0323t<\/strong><\/em><\/span><\/p><p style=\"text-align: right;\"><span style=\"color: #800000; font-size: 100%; font-family: tahoma, arial, helvetica, sans-serif;\"><strong><em>Xin tr\u00e2n tr\u1ecdng c\u1ea3m \u01a1n!<\/em><\/strong><\/span><\/p>\t\t\t\t\t\t\t\t<\/div>\n\t\t\t\t<\/div>\n\t\t\t\t\t<\/div>\n\t\t<\/div>\n\t\t\t\t<div class=\"elementor-column elementor-col-50 elementor-top-column elementor-element elementor-element-6727b44\" data-id=\"6727b44\" data-element_type=\"column\" data-e-type=\"column\">\n\t\t\t<div class=\"elementor-widget-wrap elementor-element-populated\">\n\t\t\t\t\t\t<div class=\"elementor-element elementor-element-18658bf elementor-widget elementor-widget-html\" data-id=\"18658bf\" data-element_type=\"widget\" data-e-type=\"widget\" data-widget_type=\"html.default\">\n\t\t\t\t<div class=\"elementor-widget-container\">\n\t\t\t\t\t\n<div class=\"wpcf7 no-js\" id=\"wpcf7-f7506-o1\" lang=\"vi\" dir=\"ltr\" data-wpcf7-id=\"7506\">\n<div class=\"screen-reader-response\"><p role=\"status\" aria-live=\"polite\" aria-atomic=\"true\"><\/p> <ul><\/ul><\/div>\n<form action=\"\/index.php?rest_route=%2Fwp%2Fv2%2Fpages%2F7507#wpcf7-f7506-o1\" method=\"post\" class=\"wpcf7-form init\" aria-label=\"Form li\u00ean h\u1ec7\" novalidate=\"novalidate\" data-status=\"init\">\n<fieldset class=\"hidden-fields-container\"><input type=\"hidden\" name=\"_wpcf7\" value=\"7506\" \/><input type=\"hidden\" name=\"_wpcf7_version\" value=\"6.1.5\" \/><input type=\"hidden\" name=\"_wpcf7_locale\" value=\"vi\" \/><input type=\"hidden\" name=\"_wpcf7_unit_tag\" value=\"wpcf7-f7506-o1\" \/><input type=\"hidden\" name=\"_wpcf7_container_post\" value=\"0\" \/><input type=\"hidden\" name=\"_wpcf7_posted_data_hash\" value=\"\" \/><input type=\"hidden\" name=\"_wpcf7cf_hidden_group_fields\" value=\"[]\" \/><input type=\"hidden\" name=\"_wpcf7cf_hidden_groups\" value=\"[]\" \/><input type=\"hidden\" name=\"_wpcf7cf_visible_groups\" value=\"[]\" \/><input type=\"hidden\" name=\"_wpcf7cf_repeaters\" value=\"[]\" \/><input type=\"hidden\" name=\"_wpcf7cf_steps\" value=\"{}\" \/><input type=\"hidden\" name=\"_wpcf7cf_options\" value=\"{&quot;form_id&quot;:7506,&quot;conditions&quot;:[],&quot;settings&quot;:{&quot;animation&quot;:&quot;yes&quot;,&quot;animation_intime&quot;:200,&quot;animation_outtime&quot;:200,&quot;conditions_ui&quot;:&quot;normal&quot;,&quot;notice_dismissed&quot;:false,&quot;notice_dismissed_update-cf7-6.1.5&quot;:true}}\" \/>\n<\/fieldset>\n<div class=\"cf-container\">\n\t<div class=\"cf-col-6\">\n\t\t<p><label> Ho\u0323 va\u0300 t\u00ean<br \/>\n<span class=\"wpcf7-form-control-wrap\" data-name=\"ho-ten-KH\"><input size=\"40\" maxlength=\"400\" class=\"wpcf7-form-control wpcf7-text wpcf7-validates-as-required\" aria-required=\"true\" aria-invalid=\"false\" value=\"\" type=\"text\" name=\"ho-ten-KH\" \/><\/span> <\/label>\n\t\t<\/p>\n\t<\/div>\n\t<div class=\"cf-col-6\">\n\t\t<p><label> S\u00f4\u0301 \u0111i\u00ea\u0323n thoa\u0323i:<br \/>\n<span class=\"wpcf7-form-control-wrap\" data-name=\"SDT-KH\"><input size=\"40\" maxlength=\"400\" class=\"wpcf7-form-control wpcf7-text wpcf7-validates-as-required\" aria-required=\"true\" aria-invalid=\"false\" value=\"\" type=\"text\" name=\"SDT-KH\" \/><\/span> <\/label>\n\t\t<\/p>\n\t<\/div>\n\t<div class=\"cf-col-12\">\n\t\t<p><label> \u0110i\u0323a chi\u0309 kha\u0301ch ha\u0300ng<br \/>\n<span class=\"wpcf7-form-control-wrap\" data-name=\"dia-chi-KH\"><input size=\"40\" maxlength=\"400\" class=\"wpcf7-form-control wpcf7-text wpcf7-validates-as-required\" aria-required=\"true\" aria-invalid=\"false\" value=\"\" type=\"text\" name=\"dia-chi-KH\" \/><\/span> <\/label>\n\t\t<\/p>\n\t<\/div>\n\t<div class=\"cf-col-9\">\n\t\t<p><label> N\u00f4\u0323i dung go\u0301p y\u0301\/Pha\u0309n a\u0301nh:<br \/>\n<span class=\"wpcf7-form-control-wrap\" data-name=\"ND-phan-hoi\"><textarea cols=\"40\" rows=\"10\" maxlength=\"2000\" class=\"wpcf7-form-control wpcf7-textarea wpcf7-validates-as-required\" aria-required=\"true\" aria-invalid=\"false\" placeholder=\"Xin vui lo\u0300ng ghi ro\u0303 n\u00f4\u0323i dung\" name=\"ND-phan-hoi\"><\/textarea><\/span> <\/label>\n\t\t<\/p>\n\t<\/div>\n\t<div class=\"cf-col-3\">\n\t\t<p><label> Vui lo\u0300ng tra\u0309 l\u01a1\u0300i k\u00ea\u0301t qua\u0309 sau:<br \/>\n<span class=\"wpcf7-form-control-wrap\" data-name=\"quiz-249\"><label><span class=\"wpcf7-quiz-label\">9 - 6 b\u0103\u0300ng m\u00e2\u0301y?<\/span> <input size=\"40\" class=\"wpcf7-form-control wpcf7-quiz\" autocomplete=\"off\" aria-required=\"true\" aria-invalid=\"false\" type=\"text\" name=\"quiz-249\" \/><\/label><input type=\"hidden\" name=\"_wpcf7_quiz_answer_quiz-249\" value=\"d1ab79149282357a1edcbccad08be1b8\" \/><\/span> <\/label>\n\t\t<\/p>\n\t<\/div>\n<\/div>\n<p><input class=\"wpcf7-form-control wpcf7-submit has-spinner\" type=\"submit\" value=\"Click g\u01b0\u0309i\" \/>\n<\/p><div class=\"wpcf7-response-output\" aria-hidden=\"true\"><\/div>\n<\/form>\n<\/div>\n\t\t\t\t<\/div>\n\t\t\t\t<\/div>\n\t\t\t\t\t<\/div>\n\t\t<\/div>\n\t\t\t\t\t<\/div>\n\t\t<\/section>\n\t\t\t\t<\/div>\n\t\t","protected":false},"excerpt":{"rendered":"<p>PHA\u0309N H\u00d4\u0300I KHA\u0301CH HA\u0300NG Nh\u0103\u0300m mu\u0323c ti\u00eau n\u00e2ng cao ch\u00e2\u0301t l\u01b0\u01a1\u0323ng kha\u0301m, ch\u01b0\u0303a b\u00ea\u0323nh, \u0111a\u0301p \u01b0\u0301ng s\u01b0\u0323 ha\u0300i lo\u0300ng cu\u0309a kha\u0301ch ha\u0300ng, chu\u0301ng t\u00f4i r\u00e2\u0301t mong nh\u00e2\u0323n \u0111\u01b0\u01a1\u0323c mo\u0323i go\u0301p y\u0301 pha\u0309n h\u00f4\u0300i cu\u0309a Quy\u0301 kha\u0301ch ha\u0300ng. Ca\u0301c y\u0301 ki\u00ea\u0301n quy\u0301 ba\u0301u na\u0300y se\u0303 giu\u0301p chu\u0301ng t\u00f4i kh\u0103\u0301c khu\u0323c kho\u0301 kh\u0103n, t\u01b0\u0300ng b\u01b0\u01a1\u0301c ca\u0309i ti\u00ea\u0301n[Xem ti\u00ea\u0301p&#8230;]\n","protected":false},"author":3,"featured_media":0,"parent":0,"menu_order":0,"comment_status":"closed","ping_status":"closed","template":"","meta":{"footnotes":""},"class_list":["post-7507","page","type-page","status-publish","hentry"],"yoast_head":"<!-- This site is optimized with the Yoast SEO plugin v27.2 - https:\/\/yoast.com\/product\/yoast-seo-wordpress\/ -->\n<title>Form pha\u0309n h\u00f4\u0300i kha\u0301ch ha\u0300ng - B\u00ea\u0323nh vi\u00ea\u0323n Tr\u01b0\u01a1\u0300ng \u0110a\u0323i ho\u0323c Ky\u0303 thu\u00e2\u0323t Y t\u00ea\u0301 Ha\u0309i D\u01b0\u01a1ng<\/title>\n<meta name=\"robots\" content=\"index, follow, max-snippet:-1, max-image-preview:large, max-video-preview:-1\" \/>\n<link rel=\"canonical\" href=\"https:\/\/benhviendaihocyhaiduong.com\/?page_id=7507\" \/>\n<meta property=\"og:locale\" content=\"vi_VN\" \/>\n<meta property=\"og:type\" content=\"article\" \/>\n<meta property=\"og:title\" content=\"Form pha\u0309n h\u00f4\u0300i kha\u0301ch ha\u0300ng - B\u00ea\u0323nh vi\u00ea\u0323n Tr\u01b0\u01a1\u0300ng \u0110a\u0323i ho\u0323c Ky\u0303 thu\u00e2\u0323t Y t\u00ea\u0301 Ha\u0309i D\u01b0\u01a1ng\" \/>\n<meta property=\"og:description\" content=\"PHA\u0309N H\u00d4\u0300I KHA\u0301CH HA\u0300NG Nh\u0103\u0300m mu\u0323c ti\u00eau n\u00e2ng cao ch\u00e2\u0301t l\u01b0\u01a1\u0323ng kha\u0301m, ch\u01b0\u0303a b\u00ea\u0323nh, \u0111a\u0301p \u01b0\u0301ng s\u01b0\u0323 ha\u0300i lo\u0300ng cu\u0309a kha\u0301ch ha\u0300ng, chu\u0301ng t\u00f4i r\u00e2\u0301t mong nh\u00e2\u0323n \u0111\u01b0\u01a1\u0323c mo\u0323i go\u0301p y\u0301 pha\u0309n h\u00f4\u0300i cu\u0309a Quy\u0301 kha\u0301ch ha\u0300ng. Ca\u0301c y\u0301 ki\u00ea\u0301n quy\u0301 ba\u0301u na\u0300y se\u0303 giu\u0301p chu\u0301ng t\u00f4i kh\u0103\u0301c khu\u0323c kho\u0301 kh\u0103n, t\u01b0\u0300ng b\u01b0\u01a1\u0301c ca\u0309i ti\u00ea\u0301n[Xem ti\u00ea\u0301p...]\" \/>\n<meta property=\"og:url\" content=\"https:\/\/benhviendaihocyhaiduong.com\/?page_id=7507\" \/>\n<meta property=\"og:site_name\" content=\"B\u00ea\u0323nh vi\u00ea\u0323n Tr\u01b0\u01a1\u0300ng \u0110a\u0323i ho\u0323c Ky\u0303 thu\u00e2\u0323t Y t\u00ea\u0301 Ha\u0309i D\u01b0\u01a1ng\" \/>\n<meta property=\"article:publisher\" content=\"https:\/\/www.facebook.com\/HMTUP\/\" \/>\n<meta property=\"article:modified_time\" content=\"2025-03-25T15:15:57+00:00\" \/>\n<meta name=\"twitter:card\" content=\"summary_large_image\" \/>\n<meta name=\"twitter:label1\" content=\"\u01af\u1edbc t\u00ednh th\u1eddi gian \u0111\u1ecdc\" \/>\n\t<meta name=\"twitter:data1\" content=\"2 ph\u00fat\" \/>\n<script type=\"application\/ld+json\" class=\"yoast-schema-graph\">{\"@context\":\"https:\/\/schema.org\",\"@graph\":[{\"@type\":\"WebPage\",\"@id\":\"https:\/\/benhviendaihocyhaiduong.com\/?page_id=7507\",\"url\":\"https:\/\/benhviendaihocyhaiduong.com\/?page_id=7507\",\"name\":\"Form pha\u0309n h\u00f4\u0300i kha\u0301ch ha\u0300ng - B\u00ea\u0323nh vi\u00ea\u0323n Tr\u01b0\u01a1\u0300ng \u0110a\u0323i ho\u0323c Ky\u0303 thu\u00e2\u0323t Y t\u00ea\u0301 Ha\u0309i D\u01b0\u01a1ng\",\"isPartOf\":{\"@id\":\"https:\/\/benhviendaihocyhaiduong.com\/#website\"},\"datePublished\":\"2023-07-24T15:00:39+00:00\",\"dateModified\":\"2025-03-25T15:15:57+00:00\",\"breadcrumb\":{\"@id\":\"https:\/\/benhviendaihocyhaiduong.com\/?page_id=7507#breadcrumb\"},\"inLanguage\":\"vi\",\"potentialAction\":[{\"@type\":\"ReadAction\",\"target\":[\"https:\/\/benhviendaihocyhaiduong.com\/?page_id=7507\"]}]},{\"@type\":\"BreadcrumbList\",\"@id\":\"https:\/\/benhviendaihocyhaiduong.com\/?page_id=7507#breadcrumb\",\"itemListElement\":[{\"@type\":\"ListItem\",\"position\":1,\"name\":\"Trang ch\u1ee7\",\"item\":\"https:\/\/benhviendaihocyhaiduong.com\/\"},{\"@type\":\"ListItem\",\"position\":2,\"name\":\"Form pha\u0309n h\u00f4\u0300i kha\u0301ch ha\u0300ng\"}]},{\"@type\":\"WebSite\",\"@id\":\"https:\/\/benhviendaihocyhaiduong.com\/#website\",\"url\":\"https:\/\/benhviendaihocyhaiduong.com\/\",\"name\":\"B\u00ea\u0323nh vi\u00ea\u0323n Tr\u01b0\u01a1\u0300ng \u0110a\u0323i ho\u0323c Ky\u0303 thu\u00e2\u0323t Y t\u00ea\u0301 Ha\u0309i D\u01b0\u01a1ng\",\"description\":\"T\u00e2m \u0111\u01b0\u0301c sa\u0301ng - Ky\u0303 thu\u00e2\u0323t cao, b\u00ea\u0323nh vi\u00ea\u0323n \u0111a\u0323i ho\u0323c y ha\u0309i d\u01b0\u01a1ng\",\"publisher\":{\"@id\":\"https:\/\/benhviendaihocyhaiduong.com\/#organization\"},\"potentialAction\":[{\"@type\":\"SearchAction\",\"target\":{\"@type\":\"EntryPoint\",\"urlTemplate\":\"https:\/\/benhviendaihocyhaiduong.com\/?s={search_term_string}\"},\"query-input\":{\"@type\":\"PropertyValueSpecification\",\"valueRequired\":true,\"valueName\":\"search_term_string\"}}],\"inLanguage\":\"vi\"},{\"@type\":\"Organization\",\"@id\":\"https:\/\/benhviendaihocyhaiduong.com\/#organization\",\"name\":\"B\u00ea\u0323nh vi\u00ea\u0323n Tr\u01b0\u01a1\u0300ng \u0110a\u0323i ho\u0323c Ky\u0303 thu\u00e2\u0323t Y t\u00ea\u0301 Ha\u0309i D\u01b0\u01a1ng\",\"url\":\"https:\/\/benhviendaihocyhaiduong.com\/\",\"logo\":{\"@type\":\"ImageObject\",\"inLanguage\":\"vi\",\"@id\":\"https:\/\/benhviendaihocyhaiduong.com\/#\/schema\/logo\/image\/\",\"url\":\"https:\/\/benhviendaihocyhaiduong.com\/wp-content\/uploads\/2023\/05\/logo-hmtu-1.jpg\",\"contentUrl\":\"https:\/\/benhviendaihocyhaiduong.com\/wp-content\/uploads\/2023\/05\/logo-hmtu-1.jpg\",\"width\":224,\"height\":225,\"caption\":\"B\u00ea\u0323nh vi\u00ea\u0323n Tr\u01b0\u01a1\u0300ng \u0110a\u0323i ho\u0323c Ky\u0303 thu\u00e2\u0323t Y t\u00ea\u0301 Ha\u0309i D\u01b0\u01a1ng\"},\"image\":{\"@id\":\"https:\/\/benhviendaihocyhaiduong.com\/#\/schema\/logo\/image\/\"},\"sameAs\":[\"https:\/\/www.facebook.com\/HMTUP\/\"]}]}<\/script>\n<!-- \/ Yoast SEO plugin. -->","yoast_head_json":{"title":"Form pha\u0309n h\u00f4\u0300i kha\u0301ch ha\u0300ng - B\u00ea\u0323nh vi\u00ea\u0323n Tr\u01b0\u01a1\u0300ng \u0110a\u0323i ho\u0323c Ky\u0303 thu\u00e2\u0323t Y t\u00ea\u0301 Ha\u0309i D\u01b0\u01a1ng","robots":{"index":"index","follow":"follow","max-snippet":"max-snippet:-1","max-image-preview":"max-image-preview:large","max-video-preview":"max-video-preview:-1"},"canonical":"https:\/\/benhviendaihocyhaiduong.com\/?page_id=7507","og_locale":"vi_VN","og_type":"article","og_title":"Form pha\u0309n h\u00f4\u0300i kha\u0301ch ha\u0300ng - B\u00ea\u0323nh vi\u00ea\u0323n Tr\u01b0\u01a1\u0300ng \u0110a\u0323i ho\u0323c Ky\u0303 thu\u00e2\u0323t Y t\u00ea\u0301 Ha\u0309i D\u01b0\u01a1ng","og_description":"PHA\u0309N H\u00d4\u0300I KHA\u0301CH HA\u0300NG Nh\u0103\u0300m mu\u0323c ti\u00eau n\u00e2ng cao ch\u00e2\u0301t l\u01b0\u01a1\u0323ng kha\u0301m, ch\u01b0\u0303a b\u00ea\u0323nh, \u0111a\u0301p \u01b0\u0301ng s\u01b0\u0323 ha\u0300i lo\u0300ng cu\u0309a kha\u0301ch ha\u0300ng, chu\u0301ng t\u00f4i r\u00e2\u0301t mong nh\u00e2\u0323n \u0111\u01b0\u01a1\u0323c mo\u0323i go\u0301p y\u0301 pha\u0309n h\u00f4\u0300i cu\u0309a Quy\u0301 kha\u0301ch ha\u0300ng. Ca\u0301c y\u0301 ki\u00ea\u0301n quy\u0301 ba\u0301u na\u0300y se\u0303 giu\u0301p chu\u0301ng t\u00f4i kh\u0103\u0301c khu\u0323c kho\u0301 kh\u0103n, t\u01b0\u0300ng b\u01b0\u01a1\u0301c ca\u0309i ti\u00ea\u0301n[Xem ti\u00ea\u0301p...]","og_url":"https:\/\/benhviendaihocyhaiduong.com\/?page_id=7507","og_site_name":"B\u00ea\u0323nh vi\u00ea\u0323n Tr\u01b0\u01a1\u0300ng \u0110a\u0323i ho\u0323c Ky\u0303 thu\u00e2\u0323t Y t\u00ea\u0301 Ha\u0309i D\u01b0\u01a1ng","article_publisher":"https:\/\/www.facebook.com\/HMTUP\/","article_modified_time":"2025-03-25T15:15:57+00:00","twitter_card":"summary_large_image","twitter_misc":{"\u01af\u1edbc t\u00ednh th\u1eddi gian \u0111\u1ecdc":"2 ph\u00fat"},"schema":{"@context":"https:\/\/schema.org","@graph":[{"@type":"WebPage","@id":"https:\/\/benhviendaihocyhaiduong.com\/?page_id=7507","url":"https:\/\/benhviendaihocyhaiduong.com\/?page_id=7507","name":"Form pha\u0309n h\u00f4\u0300i kha\u0301ch ha\u0300ng - B\u00ea\u0323nh vi\u00ea\u0323n Tr\u01b0\u01a1\u0300ng \u0110a\u0323i ho\u0323c Ky\u0303 thu\u00e2\u0323t Y t\u00ea\u0301 Ha\u0309i D\u01b0\u01a1ng","isPartOf":{"@id":"https:\/\/benhviendaihocyhaiduong.com\/#website"},"datePublished":"2023-07-24T15:00:39+00:00","dateModified":"2025-03-25T15:15:57+00:00","breadcrumb":{"@id":"https:\/\/benhviendaihocyhaiduong.com\/?page_id=7507#breadcrumb"},"inLanguage":"vi","potentialAction":[{"@type":"ReadAction","target":["https:\/\/benhviendaihocyhaiduong.com\/?page_id=7507"]}]},{"@type":"BreadcrumbList","@id":"https:\/\/benhviendaihocyhaiduong.com\/?page_id=7507#breadcrumb","itemListElement":[{"@type":"ListItem","position":1,"name":"Trang ch\u1ee7","item":"https:\/\/benhviendaihocyhaiduong.com\/"},{"@type":"ListItem","position":2,"name":"Form pha\u0309n h\u00f4\u0300i kha\u0301ch ha\u0300ng"}]},{"@type":"WebSite","@id":"https:\/\/benhviendaihocyhaiduong.com\/#website","url":"https:\/\/benhviendaihocyhaiduong.com\/","name":"B\u00ea\u0323nh vi\u00ea\u0323n Tr\u01b0\u01a1\u0300ng \u0110a\u0323i ho\u0323c Ky\u0303 thu\u00e2\u0323t Y t\u00ea\u0301 Ha\u0309i D\u01b0\u01a1ng","description":"T\u00e2m \u0111\u01b0\u0301c sa\u0301ng - Ky\u0303 thu\u00e2\u0323t cao, b\u00ea\u0323nh vi\u00ea\u0323n \u0111a\u0323i ho\u0323c y ha\u0309i d\u01b0\u01a1ng","publisher":{"@id":"https:\/\/benhviendaihocyhaiduong.com\/#organization"},"potentialAction":[{"@type":"SearchAction","target":{"@type":"EntryPoint","urlTemplate":"https:\/\/benhviendaihocyhaiduong.com\/?s={search_term_string}"},"query-input":{"@type":"PropertyValueSpecification","valueRequired":true,"valueName":"search_term_string"}}],"inLanguage":"vi"},{"@type":"Organization","@id":"https:\/\/benhviendaihocyhaiduong.com\/#organization","name":"B\u00ea\u0323nh vi\u00ea\u0323n Tr\u01b0\u01a1\u0300ng \u0110a\u0323i ho\u0323c Ky\u0303 thu\u00e2\u0323t Y t\u00ea\u0301 Ha\u0309i D\u01b0\u01a1ng","url":"https:\/\/benhviendaihocyhaiduong.com\/","logo":{"@type":"ImageObject","inLanguage":"vi","@id":"https:\/\/benhviendaihocyhaiduong.com\/#\/schema\/logo\/image\/","url":"https:\/\/benhviendaihocyhaiduong.com\/wp-content\/uploads\/2023\/05\/logo-hmtu-1.jpg","contentUrl":"https:\/\/benhviendaihocyhaiduong.com\/wp-content\/uploads\/2023\/05\/logo-hmtu-1.jpg","width":224,"height":225,"caption":"B\u00ea\u0323nh vi\u00ea\u0323n Tr\u01b0\u01a1\u0300ng \u0110a\u0323i ho\u0323c Ky\u0303 thu\u00e2\u0323t Y t\u00ea\u0301 Ha\u0309i D\u01b0\u01a1ng"},"image":{"@id":"https:\/\/benhviendaihocyhaiduong.com\/#\/schema\/logo\/image\/"},"sameAs":["https:\/\/www.facebook.com\/HMTUP\/"]}]}},"_links":{"self":[{"href":"https:\/\/benhviendaihocyhaiduong.com\/index.php?rest_route=\/wp\/v2\/pages\/7507","targetHints":{"allow":["GET"]}}],"collection":[{"href":"https:\/\/benhviendaihocyhaiduong.com\/index.php?rest_route=\/wp\/v2\/pages"}],"about":[{"href":"https:\/\/benhviendaihocyhaiduong.com\/index.php?rest_route=\/wp\/v2\/types\/page"}],"author":[{"embeddable":true,"href":"https:\/\/benhviendaihocyhaiduong.com\/index.php?rest_route=\/wp\/v2\/users\/3"}],"replies":[{"embeddable":true,"href":"https:\/\/benhviendaihocyhaiduong.com\/index.php?rest_route=%2Fwp%2Fv2%2Fcomments&post=7507"}],"version-history":[{"count":73,"href":"https:\/\/benhviendaihocyhaiduong.com\/index.php?rest_route=\/wp\/v2\/pages\/7507\/revisions"}],"predecessor-version":[{"id":15399,"href":"https:\/\/benhviendaihocyhaiduong.com\/index.php?rest_route=\/wp\/v2\/pages\/7507\/revisions\/15399"}],"wp:attachment":[{"href":"https:\/\/benhviendaihocyhaiduong.com\/index.php?rest_route=%2Fwp%2Fv2%2Fmedia&parent=7507"}],"curies":[{"name":"wp","href":"https:\/\/api.w.org\/{rel}","templated":true}]}}